{"id":98,"date":"2020-10-29T19:21:02","date_gmt":"2020-10-29T19:21:02","guid":{"rendered":"https:\/\/www.latienducagranel.com\/?post_type=product&#038;p=98"},"modified":"2024-12-13T19:34:14","modified_gmt":"2024-12-13T18:34:14","slug":"alcachofera-hoja","status":"publish","type":"product","link":"https:\/\/www.latienducagranel.com\/index.php\/producto\/alcachofera-hoja\/","title":{"rendered":"Alcachofera hoja"},"content":{"rendered":"<div id=\"short_description_content\" class=\"rte align_justify\">\n<p>Alcachofera hoja: La alcachofera (<em>Cynara scolymus)\u00a0<\/em>es una planta herb\u00e1cea t\u00edpicamente conocida por sus frutos, las alcachofas, de amplio uso culinario.<\/p>\n<p><em>Cynara scolymus\u00a0<\/em>se caracteriza por tener, entre sus componentes, cinarina (aumenta la secreci\u00f3n biliar; efecto diur\u00e9tico) y esteroles (limitan la absorci\u00f3n de colesterol en el intestino).<\/p>\n<p>Las hojas de la alcachofera se\u00a0suelen consumir\u00a0en forma de infusi\u00f3n.<\/p>\n<\/div>\n","protected":false},"excerpt":{"rendered":"<p>Alcachofera hoja: La alcachofera (Cynara scolymus)\u00a0es una planta herb\u00e1cea t\u00edpicamente conocida por sus frutos, las alcachofas, de amplio uso culinario. Cynara scolymus\u00a0se caracteriza por tener, entre sus componentes, cinarina (aumenta la secreci\u00f3n biliar; efecto diur\u00e9tico) y esteroles (limitan la absorci\u00f3n de colesterol en el intestino).&nbsp;&#8230; [Leer m\u00e1s]<\/p>\n","protected":false},"featured_media":99,"template":"","meta":{"sfsi_plus_gutenberg_text_before_share":"","sfsi_plus_gutenberg_show_text_before_share":"","sfsi_plus_gutenberg_icon_type":"","sfsi_plus_gutenberg_icon_alignemt":"","sfsi_plus_gutenburg_max_per_row":""},"product_brand":[],"product_cat":[48,20],"product_tag":[1030,1031],"class_list":{"0":"post-98","1":"product","2":"type-product","3":"status-publish","4":"has-post-thumbnail","6":"product_cat-alimentacion","7":"product_cat-hierbas-especias-y-condimentos","8":"product_tag-alcachofera","9":"product_tag-alcachofera-hoja","11":"first","12":"instock","13":"taxable","14":"shipping-taxable","15":"purchasable","16":"product-type-simple"},"_links":{"self":[{"href":"https:\/\/www.latienducagranel.com\/index.php\/wp-json\/wp\/v2\/product\/98","targetHints":{"allow":["GET"]}}],"collection":[{"href":"https:\/\/www.latienducagranel.com\/index.php\/wp-json\/wp\/v2\/product"}],"about":[{"href":"https:\/\/www.latienducagranel.com\/index.php\/wp-json\/wp\/v2\/types\/product"}],"wp:featuredmedia":[{"embeddable":true,"href":"https:\/\/www.latienducagranel.com\/index.php\/wp-json\/wp\/v2\/media\/99"}],"wp:attachment":[{"href":"https:\/\/www.latienducagranel.com\/index.php\/wp-json\/wp\/v2\/media?parent=98"}],"wp:term":[{"taxonomy":"product_brand","embeddable":true,"href":"https:\/\/www.latienducagranel.com\/index.php\/wp-json\/wp\/v2\/product_brand?post=98"},{"taxonomy":"product_cat","embeddable":true,"href":"https:\/\/www.latienducagranel.com\/index.php\/wp-json\/wp\/v2\/product_cat?post=98"},{"taxonomy":"product_tag","embeddable":true,"href":"https:\/\/www.latienducagranel.com\/index.php\/wp-json\/wp\/v2\/product_tag?post=98"}],"curies":[{"name":"wp","href":"https:\/\/api.w.org\/{rel}","templated":true}]}}