{"id":88,"date":"2020-10-29T19:11:55","date_gmt":"2020-10-29T19:11:55","guid":{"rendered":"https:\/\/www.latienducagranel.com\/?post_type=product&#038;p=88"},"modified":"2023-03-23T16:33:49","modified_gmt":"2023-03-23T16:33:49","slug":"aji-argentino","status":"publish","type":"product","link":"https:\/\/www.latienducagranel.com\/index.php\/producto\/aji-argentino\/","title":{"rendered":"Aj\u00ed argentino"},"content":{"rendered":"<div id=\"short_description_content\" class=\"rte align_justify\">\n<p>El aj\u00ed argentino consiste en frutos maduros y desecados de <em>Capsicum annuum<\/em>.<\/p>\n<p>Se trata de bayas huecas, no carnosas, que tienen en su interior\u00a0unas peque\u00f1as semillas amarillas.<\/p>\n<p>Se caracteriza por tener un color rojo intenso, un sabor picante y por ser muy arom\u00e1tico.<\/p>\n<p>Es el producto perfecto para aderezar carnes o preparar el famoso chimichurri argentino.<\/p>\n<\/div>\n","protected":false},"excerpt":{"rendered":"<p>El aj\u00ed argentino consiste en frutos maduros y desecados de Capsicum annuum. Se trata de bayas huecas, no carnosas, que tienen en su interior\u00a0unas peque\u00f1as semillas amarillas. Se caracteriza por tener un color rojo intenso, un sabor picante y por ser muy arom\u00e1tico. Es el&nbsp;&#8230; [Leer m\u00e1s]<\/p>\n","protected":false},"featured_media":89,"template":"","meta":{"sfsi_plus_gutenberg_text_before_share":"","sfsi_plus_gutenberg_show_text_before_share":"","sfsi_plus_gutenberg_icon_type":"","sfsi_plus_gutenberg_icon_alignemt":"","sfsi_plus_gutenburg_max_per_row":""},"product_brand":[],"product_cat":[20],"product_tag":[1039,1040],"class_list":{"0":"post-88","1":"product","2":"type-product","3":"status-publish","4":"has-post-thumbnail","6":"product_cat-hierbas-especias-y-condimentos","7":"product_tag-aji","8":"product_tag-aji-argentino","10":"first","11":"instock","12":"taxable","13":"shipping-taxable","14":"purchasable","15":"product-type-simple"},"_links":{"self":[{"href":"https:\/\/www.latienducagranel.com\/index.php\/wp-json\/wp\/v2\/product\/88","targetHints":{"allow":["GET"]}}],"collection":[{"href":"https:\/\/www.latienducagranel.com\/index.php\/wp-json\/wp\/v2\/product"}],"about":[{"href":"https:\/\/www.latienducagranel.com\/index.php\/wp-json\/wp\/v2\/types\/product"}],"wp:featuredmedia":[{"embeddable":true,"href":"https:\/\/www.latienducagranel.com\/index.php\/wp-json\/wp\/v2\/media\/89"}],"wp:attachment":[{"href":"https:\/\/www.latienducagranel.com\/index.php\/wp-json\/wp\/v2\/media?parent=88"}],"wp:term":[{"taxonomy":"product_brand","embeddable":true,"href":"https:\/\/www.latienducagranel.com\/index.php\/wp-json\/wp\/v2\/product_brand?post=88"},{"taxonomy":"product_cat","embeddable":true,"href":"https:\/\/www.latienducagranel.com\/index.php\/wp-json\/wp\/v2\/product_cat?post=88"},{"taxonomy":"product_tag","embeddable":true,"href":"https:\/\/www.latienducagranel.com\/index.php\/wp-json\/wp\/v2\/product_tag?post=88"}],"curies":[{"name":"wp","href":"https:\/\/api.w.org\/{rel}","templated":true}]}}