{"id":824,"date":"2020-12-14T11:01:31","date_gmt":"2020-12-14T11:01:31","guid":{"rendered":"https:\/\/www.latienducagranel.com\/?post_type=product&#038;p=824"},"modified":"2024-06-04T17:49:31","modified_gmt":"2024-06-04T16:49:31","slug":"limpiador-suelos-ecologico","status":"publish","type":"product","link":"https:\/\/www.latienducagranel.com\/index.php\/producto\/limpiador-suelos-ecologico\/","title":{"rendered":"Limpiador suelos ecol\u00f3gico"},"content":{"rendered":"<p><span dir=\"ltr\">Limpiador suelos ecol\u00f3gico ECOTECH FLOOR. Limpiador ecol\u00f3gico de pH neutro para la higiene y cuidado de todo tipo de superficies lavables de agradable aroma. Su f\u00f3rmula enriquecida en materias primas de origen natural, basa su poder de limpieza en ingredientes de elevado nivel de biodegradabilidad que respetan la salud y aseguran un impacto reducido en el medio ambiente.\u00a0<\/span><\/p>\n<p>Producto ecol\u00f3gico certificado con Ecolabel (se comparan con productos l\u00edderes del mercado en su categor\u00eda, debiendo ser su eficacia igual o superior a un producto no ecol\u00f3gico)<\/p>\n<p>Producto libre de crueldad animal con certificado Cruelty Free International.<\/p>\n<p>Producto apto para personas veganas con sello de calidad para los productos vegetarianos y veganos v-label.eu.<\/p>\n","protected":false},"excerpt":{"rendered":"<p>Limpiador suelos ecol\u00f3gico ECOTECH FLOOR. Limpiador ecol\u00f3gico de pH neutro para la higiene y cuidado de todo tipo de superficies lavables de agradable aroma. Su f\u00f3rmula enriquecida en materias primas de origen natural, basa su poder de limpieza en ingredientes de elevado nivel de biodegradabilidad&nbsp;&#8230; [Leer m\u00e1s]<\/p>\n","protected":false},"featured_media":1592,"template":"","meta":{"sfsi_plus_gutenberg_text_before_share":"","sfsi_plus_gutenberg_show_text_before_share":"","sfsi_plus_gutenberg_icon_type":"","sfsi_plus_gutenberg_icon_alignemt":"","sfsi_plus_gutenburg_max_per_row":""},"product_brand":[],"product_cat":[49,40,50],"product_tag":[639,640,641],"class_list":{"0":"post-824","1":"product","2":"type-product","3":"status-publish","4":"has-post-thumbnail","6":"product_cat-limpieza","7":"product_cat-hogar","8":"product_cat-productos-ecologicos","9":"product_tag-limpiador","10":"product_tag-limpiador-de-suelos","11":"product_tag-limpiador-de-suelos-ecologico","13":"first","14":"instock","15":"taxable","16":"shipping-taxable","17":"purchasable","18":"product-type-simple"},"_links":{"self":[{"href":"https:\/\/www.latienducagranel.com\/index.php\/wp-json\/wp\/v2\/product\/824","targetHints":{"allow":["GET"]}}],"collection":[{"href":"https:\/\/www.latienducagranel.com\/index.php\/wp-json\/wp\/v2\/product"}],"about":[{"href":"https:\/\/www.latienducagranel.com\/index.php\/wp-json\/wp\/v2\/types\/product"}],"wp:featuredmedia":[{"embeddable":true,"href":"https:\/\/www.latienducagranel.com\/index.php\/wp-json\/wp\/v2\/media\/1592"}],"wp:attachment":[{"href":"https:\/\/www.latienducagranel.com\/index.php\/wp-json\/wp\/v2\/media?parent=824"}],"wp:term":[{"taxonomy":"product_brand","embeddable":true,"href":"https:\/\/www.latienducagranel.com\/index.php\/wp-json\/wp\/v2\/product_brand?post=824"},{"taxonomy":"product_cat","embeddable":true,"href":"https:\/\/www.latienducagranel.com\/index.php\/wp-json\/wp\/v2\/product_cat?post=824"},{"taxonomy":"product_tag","embeddable":true,"href":"https:\/\/www.latienducagranel.com\/index.php\/wp-json\/wp\/v2\/product_tag?post=824"}],"curies":[{"name":"wp","href":"https:\/\/api.w.org\/{rel}","templated":true}]}}