{"id":822,"date":"2020-12-14T10:53:51","date_gmt":"2020-12-14T10:53:51","guid":{"rendered":"https:\/\/www.latienducagranel.com\/?post_type=product&#038;p=822"},"modified":"2022-03-24T17:57:26","modified_gmt":"2022-03-24T17:57:26","slug":"lavavajillas-manual-ecologico","status":"publish","type":"product","link":"https:\/\/www.latienducagranel.com\/index.php\/producto\/lavavajillas-manual-ecologico\/","title":{"rendered":"Lavavajillas manual ecol\u00f3gico"},"content":{"rendered":"<p>Lavavajillas manual ecol\u00f3gico ECOTECH GREEN ZERO. Lavavajillas ecol\u00f3gico concentrado que limpia y desengrasa eficazmente todo tipo de utensilios de cocina a la vez que respeta tu piel.<\/p>\n<p>Sin perfume, sin colorantes y sin conservantes.<\/p>\n<p>Libre de conservantes sensibilizantes, al\u00e9rgenos, fosfatos, amon\u00edaco, lej\u00eda, \u00e1cidos fuertes y derivados del petr\u00f3leo.<\/p>\n<p>Producto ecol\u00f3gico certificado con Ecolabel (se comparan con productos l\u00edderes del mercado en su categor\u00eda, debiendo ser su eficacia igual o superior a un producto no ecol\u00f3gico)<\/p>\n<p>Producto libre de crueldad animal con certificado Cruelty Free International.<\/p>\n<p>Producto apto para personas veganas con sello de calidad para los productos vegetarianos y veganos v-label.eu<\/p>\n","protected":false},"excerpt":{"rendered":"<p>Lavavajillas manual ecol\u00f3gico ECOTECH GREEN ZERO. Lavavajillas ecol\u00f3gico concentrado que limpia y desengrasa eficazmente todo tipo de utensilios de cocina a la vez que respeta tu piel. Sin perfume, sin colorantes y sin conservantes. Libre de conservantes sensibilizantes, al\u00e9rgenos, fosfatos, amon\u00edaco, lej\u00eda, \u00e1cidos fuertes y&nbsp;&#8230; [Leer m\u00e1s]<\/p>\n","protected":false},"featured_media":1592,"template":"","meta":{"sfsi_plus_gutenberg_text_before_share":"","sfsi_plus_gutenberg_show_text_before_share":"","sfsi_plus_gutenberg_icon_type":"","sfsi_plus_gutenberg_icon_alignemt":"","sfsi_plus_gutenburg_max_per_row":""},"product_brand":[],"product_cat":[49,40,50],"product_tag":[643,645,644],"class_list":{"0":"post-822","1":"product","2":"type-product","3":"status-publish","4":"has-post-thumbnail","6":"product_cat-limpieza","7":"product_cat-hogar","8":"product_cat-productos-ecologicos","9":"product_tag-lavavajillas","10":"product_tag-lavavajillas-ecologico","11":"product_tag-lavavajillas-manual","13":"first","14":"instock","15":"taxable","16":"shipping-taxable","17":"purchasable","18":"product-type-simple"},"_links":{"self":[{"href":"https:\/\/www.latienducagranel.com\/index.php\/wp-json\/wp\/v2\/product\/822","targetHints":{"allow":["GET"]}}],"collection":[{"href":"https:\/\/www.latienducagranel.com\/index.php\/wp-json\/wp\/v2\/product"}],"about":[{"href":"https:\/\/www.latienducagranel.com\/index.php\/wp-json\/wp\/v2\/types\/product"}],"wp:featuredmedia":[{"embeddable":true,"href":"https:\/\/www.latienducagranel.com\/index.php\/wp-json\/wp\/v2\/media\/1592"}],"wp:attachment":[{"href":"https:\/\/www.latienducagranel.com\/index.php\/wp-json\/wp\/v2\/media?parent=822"}],"wp:term":[{"taxonomy":"product_brand","embeddable":true,"href":"https:\/\/www.latienducagranel.com\/index.php\/wp-json\/wp\/v2\/product_brand?post=822"},{"taxonomy":"product_cat","embeddable":true,"href":"https:\/\/www.latienducagranel.com\/index.php\/wp-json\/wp\/v2\/product_cat?post=822"},{"taxonomy":"product_tag","embeddable":true,"href":"https:\/\/www.latienducagranel.com\/index.php\/wp-json\/wp\/v2\/product_tag?post=822"}],"curies":[{"name":"wp","href":"https:\/\/api.w.org\/{rel}","templated":true}]}}