{"id":819,"date":"2020-12-14T10:46:30","date_gmt":"2020-12-14T10:46:30","guid":{"rendered":"https:\/\/www.latienducagranel.com\/?post_type=product&#038;p=819"},"modified":"2022-03-24T18:07:33","modified_gmt":"2022-03-24T18:07:33","slug":"detergente-liquido-para-lavadora-ecologico","status":"publish","type":"product","link":"https:\/\/www.latienducagranel.com\/index.php\/producto\/detergente-liquido-para-lavadora-ecologico\/","title":{"rendered":"Detergente l\u00edquido para lavadora ecol\u00f3gico"},"content":{"rendered":"<p>Detergente l\u00edquido para lavadora ecol\u00f3gico ECOTECH LAUNDRY. Detergente l\u00edquido enzim\u00e1tico ecol\u00f3gico para el lavado a m\u00e1quina de todo tipo de ropa tanto de algod\u00f3n como sint\u00e9tica o t\u00e9cnica, eficaz incluso a baja temperatura. Elimina las manchas m\u00e1s dif\u00edciles as\u00ed como los malos olores, dejando tu ropa con un agradable olor a limpio.<\/p>\n<p>Libre de conservantes sensibilizantes, al\u00e9rgenos, fosfatos, amon\u00edaco, lej\u00eda, \u00e1cidos fuertes y derivados del petr\u00f3leo.<\/p>\n<p>Producto ecol\u00f3gico certificado con Ecolabel (se comparan con productos l\u00edderes del mercado en su categor\u00eda, debiendo ser su eficacia igual o superior a un producto no ecol\u00f3gico)<\/p>\n<p>Producto libre de crueldad animal con certificado Cruelty Free International.<\/p>\n<p>Producto apto para personas veganas con sello de calidad para los productos vegetarianos y veganos v-label.eu<\/p>\n","protected":false},"excerpt":{"rendered":"<p>Detergente l\u00edquido para lavadora ecol\u00f3gico ECOTECH LAUNDRY. Detergente l\u00edquido enzim\u00e1tico ecol\u00f3gico para el lavado a m\u00e1quina de todo tipo de ropa tanto de algod\u00f3n como sint\u00e9tica o t\u00e9cnica, eficaz incluso a baja temperatura. Elimina las manchas m\u00e1s dif\u00edciles as\u00ed como los malos olores, dejando tu&nbsp;&#8230; [Leer m\u00e1s]<\/p>\n","protected":false},"featured_media":1592,"template":"","meta":{"sfsi_plus_gutenberg_text_before_share":"","sfsi_plus_gutenberg_show_text_before_share":"","sfsi_plus_gutenberg_icon_type":"","sfsi_plus_gutenberg_icon_alignemt":"","sfsi_plus_gutenburg_max_per_row":""},"product_brand":[],"product_cat":[49,39,50],"product_tag":[649,652,654,651,655,650,653],"class_list":{"0":"post-819","1":"product","2":"type-product","3":"status-publish","4":"has-post-thumbnail","6":"product_cat-limpieza","7":"product_cat-ropa","8":"product_cat-productos-ecologicos","9":"product_tag-detergente","10":"product_tag-detergente-ecologico","11":"product_tag-detergente-liquido-ecologico","12":"product_tag-detergente-liquido-para-lavadora","13":"product_tag-detergente-liquido-para-lavadora-ecologico","14":"product_tag-detergente-para-lavadora","15":"product_tag-detergente-para-lavadora-ecologico","17":"first","18":"instock","19":"taxable","20":"shipping-taxable","21":"purchasable","22":"product-type-simple"},"_links":{"self":[{"href":"https:\/\/www.latienducagranel.com\/index.php\/wp-json\/wp\/v2\/product\/819","targetHints":{"allow":["GET"]}}],"collection":[{"href":"https:\/\/www.latienducagranel.com\/index.php\/wp-json\/wp\/v2\/product"}],"about":[{"href":"https:\/\/www.latienducagranel.com\/index.php\/wp-json\/wp\/v2\/types\/product"}],"wp:featuredmedia":[{"embeddable":true,"href":"https:\/\/www.latienducagranel.com\/index.php\/wp-json\/wp\/v2\/media\/1592"}],"wp:attachment":[{"href":"https:\/\/www.latienducagranel.com\/index.php\/wp-json\/wp\/v2\/media?parent=819"}],"wp:term":[{"taxonomy":"product_brand","embeddable":true,"href":"https:\/\/www.latienducagranel.com\/index.php\/wp-json\/wp\/v2\/product_brand?post=819"},{"taxonomy":"product_cat","embeddable":true,"href":"https:\/\/www.latienducagranel.com\/index.php\/wp-json\/wp\/v2\/product_cat?post=819"},{"taxonomy":"product_tag","embeddable":true,"href":"https:\/\/www.latienducagranel.com\/index.php\/wp-json\/wp\/v2\/product_tag?post=819"}],"curies":[{"name":"wp","href":"https:\/\/api.w.org\/{rel}","templated":true}]}}