{"id":789,"date":"2020-12-04T19:46:21","date_gmt":"2020-12-04T19:46:21","guid":{"rendered":"https:\/\/www.latienducagranel.com\/?post_type=product&#038;p=789"},"modified":"2022-03-28T11:58:29","modified_gmt":"2022-03-28T11:58:29","slug":"jabon-de-lavanda-con-aceite-de-oliva","status":"publish","type":"product","link":"https:\/\/www.latienducagranel.com\/index.php\/producto\/jabon-de-lavanda-con-aceite-de-oliva\/","title":{"rendered":"Jab\u00f3n de lavanda con aceite de oliva"},"content":{"rendered":"<p>El jab\u00f3n de lavanda con aceite de oliva es un jab\u00f3n artesano de aceite de oliva y lavanda en formato barra.<\/p>\n<p align=\"left\">Relajante y calmante para pieles irritadas. Indicado para despu\u00e9s del afeitado y otros cuidados.<\/p>\n<p align=\"left\">INCI: Sodium Olivate, Sodium Cocoate, Aqua, Glycerin, Parfum, Lavandula Spica Flower, Tocopheryl Acetate, CI 17200, CI 42090<\/p>\n","protected":false},"excerpt":{"rendered":"<p>El jab\u00f3n de lavanda con aceite de oliva es un jab\u00f3n artesano de aceite de oliva y lavanda en formato barra. Relajante y calmante para pieles irritadas. Indicado para despu\u00e9s del afeitado y otros cuidados. INCI: Sodium Olivate, Sodium Cocoate, Aqua, Glycerin, Parfum, Lavandula Spica&nbsp;&#8230; [Leer m\u00e1s]<\/p>\n","protected":false},"featured_media":790,"template":"","meta":{"sfsi_plus_gutenberg_text_before_share":"","sfsi_plus_gutenberg_show_text_before_share":"","sfsi_plus_gutenberg_icon_type":"","sfsi_plus_gutenberg_icon_alignemt":"","sfsi_plus_gutenburg_max_per_row":""},"product_brand":[],"product_cat":[41,42],"product_tag":[706,722,707,723,724,705],"class_list":{"0":"post-789","1":"product","2":"type-product","3":"status-publish","4":"has-post-thumbnail","6":"product_cat-higiene-y-cosmetica","7":"product_cat-jabones","8":"product_tag-jabon-al-corte","9":"product_tag-jabon-artesano","10":"product_tag-jabon-con-aceite-de-oliva","11":"product_tag-jabon-de-lavanda","12":"product_tag-jabon-de-lavanda-con-aceite-de-oliva","13":"product_tag-jabon-en-barra","15":"first","16":"instock","17":"taxable","18":"shipping-taxable","19":"purchasable","20":"product-type-simple"},"_links":{"self":[{"href":"https:\/\/www.latienducagranel.com\/index.php\/wp-json\/wp\/v2\/product\/789","targetHints":{"allow":["GET"]}}],"collection":[{"href":"https:\/\/www.latienducagranel.com\/index.php\/wp-json\/wp\/v2\/product"}],"about":[{"href":"https:\/\/www.latienducagranel.com\/index.php\/wp-json\/wp\/v2\/types\/product"}],"wp:featuredmedia":[{"embeddable":true,"href":"https:\/\/www.latienducagranel.com\/index.php\/wp-json\/wp\/v2\/media\/790"}],"wp:attachment":[{"href":"https:\/\/www.latienducagranel.com\/index.php\/wp-json\/wp\/v2\/media?parent=789"}],"wp:term":[{"taxonomy":"product_brand","embeddable":true,"href":"https:\/\/www.latienducagranel.com\/index.php\/wp-json\/wp\/v2\/product_brand?post=789"},{"taxonomy":"product_cat","embeddable":true,"href":"https:\/\/www.latienducagranel.com\/index.php\/wp-json\/wp\/v2\/product_cat?post=789"},{"taxonomy":"product_tag","embeddable":true,"href":"https:\/\/www.latienducagranel.com\/index.php\/wp-json\/wp\/v2\/product_tag?post=789"}],"curies":[{"name":"wp","href":"https:\/\/api.w.org\/{rel}","templated":true}]}}