{"id":786,"date":"2020-12-04T19:43:19","date_gmt":"2020-12-04T19:43:19","guid":{"rendered":"https:\/\/www.latienducagranel.com\/?post_type=product&#038;p=786"},"modified":"2022-12-08T09:26:46","modified_gmt":"2022-12-08T09:26:46","slug":"jabon-de-rosa-mosqueta-con-aceite-de-oliva","status":"publish","type":"product","link":"https:\/\/www.latienducagranel.com\/index.php\/producto\/jabon-de-rosa-mosqueta-con-aceite-de-oliva\/","title":{"rendered":"Jab\u00f3n de rosa mosqueta con aceite de oliva"},"content":{"rendered":"<p>El jab\u00f3n de rosa mosqueta con aceite de oliva es un jab\u00f3n artesano de rosa mosqueta y centella asi\u00e1tica con aceite de oliva en formato de barra.<\/p>\n<p align=\"left\">Cicatrizante y regenerador, indicado para pieles con manchas, granos, cicatrices o estr\u00edas.<\/p>\n<p>INCI: Sodium Olivate, Sodium Cocoate, Aqua, Glycerin, Parfum, Rosa Canina Fruit Oil, Geraniol*, Citronellol*, Rosa Canina Flower, Alfa-Isomethyl Ionone*, Tocopheryl Acetate, Benzyl Alcohol*, CI 45100, CI 17200<\/p>\n<section id=\"additionalTab\" class=\"page-product-box tab-pane fade active in\">\n<div class=\"rte\">\n<p>\u00a0* <em>Procedente de los aceites esenciales contenidos en el perfume<\/em><\/p>\n<\/div>\n<\/section>\n","protected":false},"excerpt":{"rendered":"<p>El jab\u00f3n de rosa mosqueta con aceite de oliva es un jab\u00f3n artesano de rosa mosqueta y centella asi\u00e1tica con aceite de oliva en formato de barra. Cicatrizante y regenerador, indicado para pieles con manchas, granos, cicatrices o estr\u00edas. INCI: Sodium Olivate, Sodium Cocoate, Aqua,&nbsp;&#8230; [Leer m\u00e1s]<\/p>\n","protected":false},"featured_media":788,"template":"","meta":{"sfsi_plus_gutenberg_text_before_share":"","sfsi_plus_gutenberg_show_text_before_share":"","sfsi_plus_gutenberg_icon_type":"","sfsi_plus_gutenberg_icon_alignemt":"","sfsi_plus_gutenburg_max_per_row":""},"product_brand":[],"product_cat":[41,42],"product_tag":[706,722,707,725,726,705],"class_list":{"0":"post-786","1":"product","2":"type-product","3":"status-publish","4":"has-post-thumbnail","6":"product_cat-higiene-y-cosmetica","7":"product_cat-jabones","8":"product_tag-jabon-al-corte","9":"product_tag-jabon-artesano","10":"product_tag-jabon-con-aceite-de-oliva","11":"product_tag-jabon-de-rosa-mosqueta","12":"product_tag-jabon-de-rosa-mosqueta-con-aceite-de-oliva","13":"product_tag-jabon-en-barra","15":"first","16":"instock","17":"taxable","18":"shipping-taxable","19":"purchasable","20":"product-type-simple"},"_links":{"self":[{"href":"https:\/\/www.latienducagranel.com\/index.php\/wp-json\/wp\/v2\/product\/786","targetHints":{"allow":["GET"]}}],"collection":[{"href":"https:\/\/www.latienducagranel.com\/index.php\/wp-json\/wp\/v2\/product"}],"about":[{"href":"https:\/\/www.latienducagranel.com\/index.php\/wp-json\/wp\/v2\/types\/product"}],"wp:featuredmedia":[{"embeddable":true,"href":"https:\/\/www.latienducagranel.com\/index.php\/wp-json\/wp\/v2\/media\/788"}],"wp:attachment":[{"href":"https:\/\/www.latienducagranel.com\/index.php\/wp-json\/wp\/v2\/media?parent=786"}],"wp:term":[{"taxonomy":"product_brand","embeddable":true,"href":"https:\/\/www.latienducagranel.com\/index.php\/wp-json\/wp\/v2\/product_brand?post=786"},{"taxonomy":"product_cat","embeddable":true,"href":"https:\/\/www.latienducagranel.com\/index.php\/wp-json\/wp\/v2\/product_cat?post=786"},{"taxonomy":"product_tag","embeddable":true,"href":"https:\/\/www.latienducagranel.com\/index.php\/wp-json\/wp\/v2\/product_tag?post=786"}],"curies":[{"name":"wp","href":"https:\/\/api.w.org\/{rel}","templated":true}]}}