{"id":784,"date":"2020-12-04T19:39:33","date_gmt":"2020-12-04T19:39:33","guid":{"rendered":"https:\/\/www.latienducagranel.com\/?post_type=product&#038;p=784"},"modified":"2022-12-08T09:26:58","modified_gmt":"2022-12-08T09:26:58","slug":"jabon-de-aloe-vera-con-aceite-de-oliva","status":"publish","type":"product","link":"https:\/\/www.latienducagranel.com\/index.php\/producto\/jabon-de-aloe-vera-con-aceite-de-oliva\/","title":{"rendered":"Jab\u00f3n de aloe vera con aceite de oliva"},"content":{"rendered":"<p>El jab\u00f3n de aloe vera con aceite de oliva es un jab\u00f3n artesano de aloe vera en barra con aceite de oliva.<\/p>\n<p align=\"left\">Hidratante y altamente regenerador recomendado para pieles muy secas y arrugadas.<\/p>\n<p align=\"left\">INCI:<\/p>\n<section id=\"additionalTab\" class=\"page-product-box tab-pane fade active in\">\n<div class=\"rte\">\n<p>Sodium Olivate, Sodium Cocoate, Aqua, Glycerin, D-Limonene*, Parfum, Citral*, CI 77891, Aloe Barbadensis Leaf Powder, Tocopheryl Acetate, CI 19140, CI 42045<\/p>\n<p>* <em>Procedente de los aceites esenciales contenidos en el perfume<\/em><\/p>\n<\/div>\n<\/section>\n","protected":false},"excerpt":{"rendered":"<p>El jab\u00f3n de aloe vera con aceite de oliva es un jab\u00f3n artesano de aloe vera en barra con aceite de oliva. Hidratante y altamente regenerador recomendado para pieles muy secas y arrugadas. INCI: Sodium Olivate, Sodium Cocoate, Aqua, Glycerin, D-Limonene*, Parfum, Citral*, CI 77891,&nbsp;&#8230; [Leer m\u00e1s]<\/p>\n","protected":false},"featured_media":785,"template":"","meta":{"sfsi_plus_gutenberg_text_before_share":"","sfsi_plus_gutenberg_show_text_before_share":"","sfsi_plus_gutenberg_icon_type":"","sfsi_plus_gutenberg_icon_alignemt":"","sfsi_plus_gutenburg_max_per_row":""},"product_brand":[],"product_cat":[41,42],"product_tag":[706,722,707,727,728,705],"class_list":{"0":"post-784","1":"product","2":"type-product","3":"status-publish","4":"has-post-thumbnail","6":"product_cat-higiene-y-cosmetica","7":"product_cat-jabones","8":"product_tag-jabon-al-corte","9":"product_tag-jabon-artesano","10":"product_tag-jabon-con-aceite-de-oliva","11":"product_tag-jabon-de-aloe-vera","12":"product_tag-jabon-de-aloe-vera-con-aceite-de-oliva","13":"product_tag-jabon-en-barra","15":"first","16":"instock","17":"taxable","18":"shipping-taxable","19":"purchasable","20":"product-type-simple"},"_links":{"self":[{"href":"https:\/\/www.latienducagranel.com\/index.php\/wp-json\/wp\/v2\/product\/784","targetHints":{"allow":["GET"]}}],"collection":[{"href":"https:\/\/www.latienducagranel.com\/index.php\/wp-json\/wp\/v2\/product"}],"about":[{"href":"https:\/\/www.latienducagranel.com\/index.php\/wp-json\/wp\/v2\/types\/product"}],"wp:featuredmedia":[{"embeddable":true,"href":"https:\/\/www.latienducagranel.com\/index.php\/wp-json\/wp\/v2\/media\/785"}],"wp:attachment":[{"href":"https:\/\/www.latienducagranel.com\/index.php\/wp-json\/wp\/v2\/media?parent=784"}],"wp:term":[{"taxonomy":"product_brand","embeddable":true,"href":"https:\/\/www.latienducagranel.com\/index.php\/wp-json\/wp\/v2\/product_brand?post=784"},{"taxonomy":"product_cat","embeddable":true,"href":"https:\/\/www.latienducagranel.com\/index.php\/wp-json\/wp\/v2\/product_cat?post=784"},{"taxonomy":"product_tag","embeddable":true,"href":"https:\/\/www.latienducagranel.com\/index.php\/wp-json\/wp\/v2\/product_tag?post=784"}],"curies":[{"name":"wp","href":"https:\/\/api.w.org\/{rel}","templated":true}]}}