{"id":760,"date":"2020-12-04T18:31:29","date_gmt":"2020-12-04T18:31:29","guid":{"rendered":"https:\/\/www.latienducagranel.com\/?post_type=product&#038;p=760"},"modified":"2022-03-24T18:10:35","modified_gmt":"2022-03-24T18:10:35","slug":"vinagre-de-limpieza","status":"publish","type":"product","link":"https:\/\/www.latienducagranel.com\/index.php\/producto\/vinagre-de-limpieza\/","title":{"rendered":"Vinagre de limpieza"},"content":{"rendered":"<p>Nuestro vinagre de limpieza es vinagre blanco para la limpieza ecol\u00f3gica del hogar. El vinagre es una sustancia libre de qu\u00edmicos agresivos muy \u00fatil por sus propiedades antis\u00e9pticas y antimicrobianas.<\/p>\n<p>Se utiliza para eliminar manchas en ropa y muebles, desinfecci\u00f3n de superficies, limpieza profunda de ba\u00f1os, eliminaci\u00f3n de restos de cal, abrillantador de metales, limpieza de ollas y sartenes, neutralizaci\u00f3n de malos olores, desinfecci\u00f3n de neveras y hornos, limpieza de residuos de grasa, suavizante de telas\u2026<\/p>\n<p>Debido a su elevado nivel de acidez <strong>no es apto para el consumo humano.<\/strong><\/p>\n","protected":false},"excerpt":{"rendered":"<p>Nuestro vinagre de limpieza es vinagre blanco para la limpieza ecol\u00f3gica del hogar. El vinagre es una sustancia libre de qu\u00edmicos agresivos muy \u00fatil por sus propiedades antis\u00e9pticas y antimicrobianas. Se utiliza para eliminar manchas en ropa y muebles, desinfecci\u00f3n de superficies, limpieza profunda de&nbsp;&#8230; [Leer m\u00e1s]<\/p>\n","protected":false},"featured_media":761,"template":"","meta":{"sfsi_plus_gutenberg_text_before_share":"","sfsi_plus_gutenberg_show_text_before_share":"","sfsi_plus_gutenberg_icon_type":"","sfsi_plus_gutenberg_icon_alignemt":"","sfsi_plus_gutenburg_max_per_row":""},"product_brand":[],"product_cat":[49,40],"product_tag":[656,658,657],"class_list":{"0":"post-760","1":"product","2":"type-product","3":"status-publish","4":"has-post-thumbnail","6":"product_cat-limpieza","7":"product_cat-hogar","8":"product_tag-vinagre","9":"product_tag-vinagre-blanco","10":"product_tag-vinagre-de-limpieza","12":"first","13":"instock","14":"taxable","15":"shipping-taxable","16":"purchasable","17":"product-type-simple"},"_links":{"self":[{"href":"https:\/\/www.latienducagranel.com\/index.php\/wp-json\/wp\/v2\/product\/760","targetHints":{"allow":["GET"]}}],"collection":[{"href":"https:\/\/www.latienducagranel.com\/index.php\/wp-json\/wp\/v2\/product"}],"about":[{"href":"https:\/\/www.latienducagranel.com\/index.php\/wp-json\/wp\/v2\/types\/product"}],"wp:featuredmedia":[{"embeddable":true,"href":"https:\/\/www.latienducagranel.com\/index.php\/wp-json\/wp\/v2\/media\/761"}],"wp:attachment":[{"href":"https:\/\/www.latienducagranel.com\/index.php\/wp-json\/wp\/v2\/media?parent=760"}],"wp:term":[{"taxonomy":"product_brand","embeddable":true,"href":"https:\/\/www.latienducagranel.com\/index.php\/wp-json\/wp\/v2\/product_brand?post=760"},{"taxonomy":"product_cat","embeddable":true,"href":"https:\/\/www.latienducagranel.com\/index.php\/wp-json\/wp\/v2\/product_cat?post=760"},{"taxonomy":"product_tag","embeddable":true,"href":"https:\/\/www.latienducagranel.com\/index.php\/wp-json\/wp\/v2\/product_tag?post=760"}],"curies":[{"name":"wp","href":"https:\/\/api.w.org\/{rel}","templated":true}]}}