{"id":756,"date":"2020-12-04T18:09:59","date_gmt":"2020-12-04T18:09:59","guid":{"rendered":"https:\/\/www.latienducagranel.com\/?post_type=product&#038;p=756"},"modified":"2026-01-21T19:10:27","modified_gmt":"2026-01-21T18:10:27","slug":"cafe-descafeinado-colombia","status":"publish","type":"product","link":"https:\/\/www.latienducagranel.com\/index.php\/producto\/cafe-descafeinado-colombia\/","title":{"rendered":"Caf\u00e9 descafeinado Colombia"},"content":{"rendered":"<p>Nuestro caf\u00e9 descafeinado Colombia son granos de caf\u00e9 descafeinado 100% ar\u00e1bica. Tueste natural.<\/p>\n<p>Origen: Colombia.<\/p>\n<p>Caracter\u00edsticas: granos de caf\u00e9 tostados de color marr\u00f3n con tonos dorados, aroma intenso a caf\u00e9 tostado, sabor caracter\u00edstico y acidez marcada.<\/p>\n","protected":false},"excerpt":{"rendered":"<p>Nuestro caf\u00e9 descafeinado Colombia son granos de caf\u00e9 descafeinado 100% ar\u00e1bica. Tueste natural. Origen: Colombia. Caracter\u00edsticas: granos de caf\u00e9 tostados de color marr\u00f3n con tonos dorados, aroma intenso a caf\u00e9 tostado, sabor caracter\u00edstico y acidez marcada.<\/p>\n","protected":false},"featured_media":801,"template":"","meta":{"sfsi_plus_gutenberg_text_before_share":"","sfsi_plus_gutenberg_show_text_before_share":"","sfsi_plus_gutenberg_icon_type":"","sfsi_plus_gutenberg_icon_alignemt":"","sfsi_plus_gutenburg_max_per_row":""},"product_brand":[],"product_cat":[48,45],"product_tag":[117,119,127,126,120,121,122],"class_list":{"0":"post-756","1":"product","2":"type-product","3":"status-publish","4":"has-post-thumbnail","6":"product_cat-alimentacion","7":"product_cat-cafe","8":"product_tag-cafe","9":"product_tag-cafe-arabica","10":"product_tag-cafe-colombia","11":"product_tag-cafe-descafeinado","12":"product_tag-cafe-natural","13":"product_tag-tueste-natural","14":"product_tag-variedad-arabica","16":"first","17":"instock","18":"taxable","19":"shipping-taxable","20":"purchasable","21":"product-type-simple"},"_links":{"self":[{"href":"https:\/\/www.latienducagranel.com\/index.php\/wp-json\/wp\/v2\/product\/756","targetHints":{"allow":["GET"]}}],"collection":[{"href":"https:\/\/www.latienducagranel.com\/index.php\/wp-json\/wp\/v2\/product"}],"about":[{"href":"https:\/\/www.latienducagranel.com\/index.php\/wp-json\/wp\/v2\/types\/product"}],"wp:featuredmedia":[{"embeddable":true,"href":"https:\/\/www.latienducagranel.com\/index.php\/wp-json\/wp\/v2\/media\/801"}],"wp:attachment":[{"href":"https:\/\/www.latienducagranel.com\/index.php\/wp-json\/wp\/v2\/media?parent=756"}],"wp:term":[{"taxonomy":"product_brand","embeddable":true,"href":"https:\/\/www.latienducagranel.com\/index.php\/wp-json\/wp\/v2\/product_brand?post=756"},{"taxonomy":"product_cat","embeddable":true,"href":"https:\/\/www.latienducagranel.com\/index.php\/wp-json\/wp\/v2\/product_cat?post=756"},{"taxonomy":"product_tag","embeddable":true,"href":"https:\/\/www.latienducagranel.com\/index.php\/wp-json\/wp\/v2\/product_tag?post=756"}],"curies":[{"name":"wp","href":"https:\/\/api.w.org\/{rel}","templated":true}]}}