{"id":739,"date":"2020-12-03T19:44:58","date_gmt":"2020-12-03T19:44:58","guid":{"rendered":"https:\/\/www.latienducagranel.com\/?post_type=product&#038;p=739"},"modified":"2022-03-24T18:32:17","modified_gmt":"2022-03-24T18:32:17","slug":"filtros-de-papel-para-infusiones-finum","status":"publish","type":"product","link":"https:\/\/www.latienducagranel.com\/index.php\/producto\/filtros-de-papel-para-infusiones-finum\/","title":{"rendered":"Filtros de papel para infusiones Finum"},"content":{"rendered":"<p>Filtros de papel para infusiones Finum: Caja con 100 filtros de papel.<\/p>\n<p>Los filtros Finum est\u00e1n fabricados a partir de la pulpa de abac\u00e1, celulosa y sellado de fibra. Est\u00e1n libres de cloro blanqueador y son biodegradables, certificados por la FSC. Sin pegamentos ni ning\u00fan otro tipo de aglutinantes. Cuentan con una solapa que facilita el llenado. Este tama\u00f1o, Extra Slim, es ideal para vasos o tazas individuales. Su base expandible hasta 48 mm, le permite a la infusi\u00f3n o maceraci\u00f3n tener suficiente espacio para hidratarse y maximizar la entrega de sus propiedades. Se pueden utilizar con o sin porta filtros, su solapa facilita el cierre y extracci\u00f3n luego de su utilizaci\u00f3n.<br \/>\nHechos en Alemania, UE.<\/p>\n","protected":false},"excerpt":{"rendered":"<p>Filtros de papel para infusiones Finum: Caja con 100 filtros de papel. Los filtros Finum est\u00e1n fabricados a partir de la pulpa de abac\u00e1, celulosa y sellado de fibra. Est\u00e1n libres de cloro blanqueador y son biodegradables, certificados por la FSC. Sin pegamentos ni ning\u00fan&nbsp;&#8230; [Leer m\u00e1s]<\/p>\n","protected":false},"featured_media":740,"template":"","meta":{"sfsi_plus_gutenberg_text_before_share":"","sfsi_plus_gutenberg_show_text_before_share":"","sfsi_plus_gutenberg_icon_type":"","sfsi_plus_gutenberg_icon_alignemt":"","sfsi_plus_gutenburg_max_per_row":""},"product_brand":[],"product_cat":[60],"product_tag":[674,675,677,676],"class_list":{"0":"post-739","1":"product","2":"type-product","3":"status-publish","4":"has-post-thumbnail","6":"product_cat-envases","7":"product_tag-filtros-de-papel","8":"product_tag-filtros-de-papel-para-infusiones","9":"product_tag-filtros-de-papel-para-infusiones-finum","10":"product_tag-filtros-de-papel-para-taza","12":"first","13":"instock","14":"taxable","15":"shipping-taxable","16":"purchasable","17":"product-type-simple"},"_links":{"self":[{"href":"https:\/\/www.latienducagranel.com\/index.php\/wp-json\/wp\/v2\/product\/739","targetHints":{"allow":["GET"]}}],"collection":[{"href":"https:\/\/www.latienducagranel.com\/index.php\/wp-json\/wp\/v2\/product"}],"about":[{"href":"https:\/\/www.latienducagranel.com\/index.php\/wp-json\/wp\/v2\/types\/product"}],"wp:featuredmedia":[{"embeddable":true,"href":"https:\/\/www.latienducagranel.com\/index.php\/wp-json\/wp\/v2\/media\/740"}],"wp:attachment":[{"href":"https:\/\/www.latienducagranel.com\/index.php\/wp-json\/wp\/v2\/media?parent=739"}],"wp:term":[{"taxonomy":"product_brand","embeddable":true,"href":"https:\/\/www.latienducagranel.com\/index.php\/wp-json\/wp\/v2\/product_brand?post=739"},{"taxonomy":"product_cat","embeddable":true,"href":"https:\/\/www.latienducagranel.com\/index.php\/wp-json\/wp\/v2\/product_cat?post=739"},{"taxonomy":"product_tag","embeddable":true,"href":"https:\/\/www.latienducagranel.com\/index.php\/wp-json\/wp\/v2\/product_tag?post=739"}],"curies":[{"name":"wp","href":"https:\/\/api.w.org\/{rel}","templated":true}]}}