{"id":714,"date":"2020-12-03T19:00:39","date_gmt":"2020-12-03T19:00:39","guid":{"rendered":"https:\/\/www.latienducagranel.com\/?post_type=product&#038;p=714"},"modified":"2026-03-26T18:47:15","modified_gmt":"2026-03-26T17:47:15","slug":"macarron-pluma-integral","status":"publish","type":"product","link":"https:\/\/www.latienducagranel.com\/index.php\/producto\/macarron-pluma-integral\/","title":{"rendered":"Macarr\u00f3n pluma integral"},"content":{"rendered":"<p>El macarr\u00f3n pluma integral es s\u00e9mola de trigo duro integral<\/p>\n","protected":false},"excerpt":{"rendered":"<p>El macarr\u00f3n pluma integral es s\u00e9mola de trigo duro integral<\/p>\n","protected":false},"featured_media":715,"template":"","meta":{"sfsi_plus_gutenberg_text_before_share":"","sfsi_plus_gutenberg_show_text_before_share":"","sfsi_plus_gutenberg_icon_type":"","sfsi_plus_gutenberg_icon_alignemt":"","sfsi_plus_gutenburg_max_per_row":""},"product_brand":[],"product_cat":[48,30,64],"product_tag":[489,490,491,492,480,488],"class_list":{"0":"post-714","1":"product","2":"type-product","3":"status-publish","4":"has-post-thumbnail","6":"product_cat-alimentacion","7":"product_cat-pasta","8":"product_cat-pasta-de-trigo","9":"product_tag-macarron","10":"product_tag-macarron-integral","11":"product_tag-macarron-pluma","12":"product_tag-macarron-pluma-integral","13":"product_tag-pasta","14":"product_tag-pasta-integral","16":"first","17":"instock","18":"taxable","19":"shipping-taxable","20":"purchasable","21":"product-type-simple"},"_links":{"self":[{"href":"https:\/\/www.latienducagranel.com\/index.php\/wp-json\/wp\/v2\/product\/714","targetHints":{"allow":["GET"]}}],"collection":[{"href":"https:\/\/www.latienducagranel.com\/index.php\/wp-json\/wp\/v2\/product"}],"about":[{"href":"https:\/\/www.latienducagranel.com\/index.php\/wp-json\/wp\/v2\/types\/product"}],"wp:featuredmedia":[{"embeddable":true,"href":"https:\/\/www.latienducagranel.com\/index.php\/wp-json\/wp\/v2\/media\/715"}],"wp:attachment":[{"href":"https:\/\/www.latienducagranel.com\/index.php\/wp-json\/wp\/v2\/media?parent=714"}],"wp:term":[{"taxonomy":"product_brand","embeddable":true,"href":"https:\/\/www.latienducagranel.com\/index.php\/wp-json\/wp\/v2\/product_brand?post=714"},{"taxonomy":"product_cat","embeddable":true,"href":"https:\/\/www.latienducagranel.com\/index.php\/wp-json\/wp\/v2\/product_cat?post=714"},{"taxonomy":"product_tag","embeddable":true,"href":"https:\/\/www.latienducagranel.com\/index.php\/wp-json\/wp\/v2\/product_tag?post=714"}],"curies":[{"name":"wp","href":"https:\/\/api.w.org\/{rel}","templated":true}]}}