{"id":693,"date":"2020-11-28T18:00:28","date_gmt":"2020-11-28T18:00:28","guid":{"rendered":"https:\/\/www.latienducagranel.com\/?post_type=product&#038;p=693"},"modified":"2025-01-07T10:58:25","modified_gmt":"2025-01-07T09:58:25","slug":"garbanzo-pedrosillano","status":"publish","type":"product","link":"https:\/\/www.latienducagranel.com\/index.php\/producto\/garbanzo-pedrosillano\/","title":{"rendered":"Garbanzo pedrosillano"},"content":{"rendered":"<p>El garbanzo pedrosillano es de tama\u00f1o peque\u00f1o y forma casi redonda, muy rico en prote\u00ednas y muy sabroso. Su peque\u00f1o tama\u00f1o hace que tenga tiempos de cocci\u00f3n menores que otros garbanzos espa\u00f1oles. Suele tener un color caracter\u00edstico naranja-amarillento al ser cocido.<\/p>\n","protected":false},"excerpt":{"rendered":"<p>El garbanzo pedrosillano es de tama\u00f1o peque\u00f1o y forma casi redonda, muy rico en prote\u00ednas y muy sabroso. Su peque\u00f1o tama\u00f1o hace que tenga tiempos de cocci\u00f3n menores que otros garbanzos espa\u00f1oles. Suele tener un color caracter\u00edstico naranja-amarillento al ser cocido.<\/p>\n","protected":false},"featured_media":321,"template":"","meta":{"sfsi_plus_gutenberg_text_before_share":"","sfsi_plus_gutenberg_show_text_before_share":"","sfsi_plus_gutenberg_icon_type":"","sfsi_plus_gutenberg_icon_alignemt":"","sfsi_plus_gutenburg_max_per_row":""},"product_brand":[],"product_cat":[48,23,21],"product_tag":[414,437,436,403],"class_list":{"0":"post-693","1":"product","2":"type-product","3":"status-publish","4":"has-post-thumbnail","6":"product_cat-alimentacion","7":"product_cat-garbanzos","8":"product_cat-legumbres","9":"product_tag-garbanzo","10":"product_tag-garbanzo-pedrosillano","11":"product_tag-garbanzos","12":"product_tag-legumbres","14":"first","15":"instock","16":"taxable","17":"shipping-taxable","18":"purchasable","19":"product-type-simple"},"_links":{"self":[{"href":"https:\/\/www.latienducagranel.com\/index.php\/wp-json\/wp\/v2\/product\/693","targetHints":{"allow":["GET"]}}],"collection":[{"href":"https:\/\/www.latienducagranel.com\/index.php\/wp-json\/wp\/v2\/product"}],"about":[{"href":"https:\/\/www.latienducagranel.com\/index.php\/wp-json\/wp\/v2\/types\/product"}],"wp:featuredmedia":[{"embeddable":true,"href":"https:\/\/www.latienducagranel.com\/index.php\/wp-json\/wp\/v2\/media\/321"}],"wp:attachment":[{"href":"https:\/\/www.latienducagranel.com\/index.php\/wp-json\/wp\/v2\/media?parent=693"}],"wp:term":[{"taxonomy":"product_brand","embeddable":true,"href":"https:\/\/www.latienducagranel.com\/index.php\/wp-json\/wp\/v2\/product_brand?post=693"},{"taxonomy":"product_cat","embeddable":true,"href":"https:\/\/www.latienducagranel.com\/index.php\/wp-json\/wp\/v2\/product_cat?post=693"},{"taxonomy":"product_tag","embeddable":true,"href":"https:\/\/www.latienducagranel.com\/index.php\/wp-json\/wp\/v2\/product_tag?post=693"}],"curies":[{"name":"wp","href":"https:\/\/api.w.org\/{rel}","templated":true}]}}