{"id":683,"date":"2020-11-28T17:44:07","date_gmt":"2020-11-28T17:44:07","guid":{"rendered":"https:\/\/www.latienducagranel.com\/?post_type=product&#038;p=683"},"modified":"2025-01-07T11:31:05","modified_gmt":"2025-01-07T10:31:05","slug":"alubia-verdina","status":"publish","type":"product","link":"https:\/\/www.latienducagranel.com\/index.php\/producto\/alubia-verdina\/","title":{"rendered":"Alubia verdina"},"content":{"rendered":"<p>El cuerpo y finura de la alubia verdina la hacen propicia para platos con pescado y marisco. Se trata de una legumbre muy afamada. La tradici\u00f3n en su m\u00e9todo de cultivo, su recogida temprana y su secado en total oscuridad le confieren ese tono verde intenso y ese sabor especial en el plato.<\/p>\n","protected":false},"excerpt":{"rendered":"<p>El cuerpo y finura de la alubia verdina la hacen propicia para platos con pescado y marisco. Se trata de una legumbre muy afamada. La tradici\u00f3n en su m\u00e9todo de cultivo, su recogida temprana y su secado en total oscuridad le confieren ese tono verde&nbsp;&#8230; [Leer m\u00e1s]<\/p>\n","protected":false},"featured_media":684,"template":"","meta":{"sfsi_plus_gutenberg_text_before_share":"","sfsi_plus_gutenberg_show_text_before_share":"","sfsi_plus_gutenberg_icon_type":"","sfsi_plus_gutenberg_icon_alignemt":"","sfsi_plus_gutenburg_max_per_row":""},"product_brand":[],"product_cat":[48,24,21],"product_tag":[404,443,405],"class_list":{"0":"post-683","1":"product","2":"type-product","3":"status-publish","4":"has-post-thumbnail","6":"product_cat-alimentacion","7":"product_cat-alubias","8":"product_cat-legumbres","9":"product_tag-alubia","10":"product_tag-alubia-verdina","11":"product_tag-judias","13":"first","14":"instock","15":"taxable","16":"shipping-taxable","17":"purchasable","18":"product-type-simple"},"_links":{"self":[{"href":"https:\/\/www.latienducagranel.com\/index.php\/wp-json\/wp\/v2\/product\/683","targetHints":{"allow":["GET"]}}],"collection":[{"href":"https:\/\/www.latienducagranel.com\/index.php\/wp-json\/wp\/v2\/product"}],"about":[{"href":"https:\/\/www.latienducagranel.com\/index.php\/wp-json\/wp\/v2\/types\/product"}],"wp:featuredmedia":[{"embeddable":true,"href":"https:\/\/www.latienducagranel.com\/index.php\/wp-json\/wp\/v2\/media\/684"}],"wp:attachment":[{"href":"https:\/\/www.latienducagranel.com\/index.php\/wp-json\/wp\/v2\/media?parent=683"}],"wp:term":[{"taxonomy":"product_brand","embeddable":true,"href":"https:\/\/www.latienducagranel.com\/index.php\/wp-json\/wp\/v2\/product_brand?post=683"},{"taxonomy":"product_cat","embeddable":true,"href":"https:\/\/www.latienducagranel.com\/index.php\/wp-json\/wp\/v2\/product_cat?post=683"},{"taxonomy":"product_tag","embeddable":true,"href":"https:\/\/www.latienducagranel.com\/index.php\/wp-json\/wp\/v2\/product_tag?post=683"}],"curies":[{"name":"wp","href":"https:\/\/api.w.org\/{rel}","templated":true}]}}