{"id":669,"date":"2020-11-28T16:55:20","date_gmt":"2020-11-28T16:55:20","guid":{"rendered":"https:\/\/www.latienducagranel.com\/?post_type=product&#038;p=669"},"modified":"2025-01-07T11:49:57","modified_gmt":"2025-01-07T10:49:57","slug":"arroz-integral-eco","status":"publish","type":"product","link":"https:\/\/www.latienducagranel.com\/index.php\/producto\/arroz-integral-eco\/","title":{"rendered":"Arroz integral ECO"},"content":{"rendered":"<p>El arroz integral eco es un arroz de cultivo ecol\u00f3gico descascarillado, al que s\u00f3lo se le ha quitado la c\u00e1scara exterior. Conserva el germen \u00edntegro con la capa de salvado que lo envuelve, lo que le confiere un color moreno claro. No contiene gluten, por lo que es un alimento apto para cel\u00edacos.<\/p>\n","protected":false},"excerpt":{"rendered":"<p>El arroz integral eco es un arroz de cultivo ecol\u00f3gico descascarillado, al que s\u00f3lo se le ha quitado la c\u00e1scara exterior. Conserva el germen \u00edntegro con la capa de salvado que lo envuelve, lo que le confiere un color moreno claro. No contiene gluten, por&nbsp;&#8230; [Leer m\u00e1s]<\/p>\n","protected":false},"featured_media":340,"template":"","meta":{"sfsi_plus_gutenberg_text_before_share":"","sfsi_plus_gutenberg_show_text_before_share":"","sfsi_plus_gutenberg_icon_type":"","sfsi_plus_gutenberg_icon_alignemt":"","sfsi_plus_gutenburg_max_per_row":""},"product_brand":[],"product_cat":[48,55,66,31,50],"product_tag":[82,86,85],"class_list":{"0":"post-669","1":"product","2":"type-product","3":"status-publish","4":"has-post-thumbnail","6":"product_cat-alimentacion","7":"product_cat-alimentacion-ecolgica","8":"product_cat-arroces","9":"product_cat-arroz","10":"product_cat-productos-ecologicos","11":"product_tag-arroz","12":"product_tag-arroz-ecologico","13":"product_tag-arroz-integral","15":"first","16":"instock","17":"taxable","18":"shipping-taxable","19":"purchasable","20":"product-type-simple"},"_links":{"self":[{"href":"https:\/\/www.latienducagranel.com\/index.php\/wp-json\/wp\/v2\/product\/669","targetHints":{"allow":["GET"]}}],"collection":[{"href":"https:\/\/www.latienducagranel.com\/index.php\/wp-json\/wp\/v2\/product"}],"about":[{"href":"https:\/\/www.latienducagranel.com\/index.php\/wp-json\/wp\/v2\/types\/product"}],"wp:featuredmedia":[{"embeddable":true,"href":"https:\/\/www.latienducagranel.com\/index.php\/wp-json\/wp\/v2\/media\/340"}],"wp:attachment":[{"href":"https:\/\/www.latienducagranel.com\/index.php\/wp-json\/wp\/v2\/media?parent=669"}],"wp:term":[{"taxonomy":"product_brand","embeddable":true,"href":"https:\/\/www.latienducagranel.com\/index.php\/wp-json\/wp\/v2\/product_brand?post=669"},{"taxonomy":"product_cat","embeddable":true,"href":"https:\/\/www.latienducagranel.com\/index.php\/wp-json\/wp\/v2\/product_cat?post=669"},{"taxonomy":"product_tag","embeddable":true,"href":"https:\/\/www.latienducagranel.com\/index.php\/wp-json\/wp\/v2\/product_tag?post=669"}],"curies":[{"name":"wp","href":"https:\/\/api.w.org\/{rel}","templated":true}]}}