{"id":663,"date":"2020-11-28T16:02:02","date_gmt":"2020-11-28T16:02:02","guid":{"rendered":"https:\/\/www.latienducagranel.com\/?post_type=product&#038;p=663"},"modified":"2025-01-07T11:50:55","modified_gmt":"2025-01-07T10:50:55","slug":"arroz-rojo","status":"publish","type":"product","link":"https:\/\/www.latienducagranel.com\/index.php\/producto\/arroz-rojo\/","title":{"rendered":"Arroz rojo"},"content":{"rendered":"<p>El arroz rojo es un arroz integral a\u00fan poco conocido en Espa\u00f1a, pero muy utilizado en china y otros pa\u00edses asi\u00e1ticos. Su grano es alargado, fino y con la cascara de color rojo que lo convierte en uno de los arroces mas ex\u00f3ticos del mercado. Es una variedad de arroz que mantiene la cascara, que es la que le da su caracter\u00edstico color rojo.<br \/>\nEl tiempo de cocci\u00f3n del arroz rojo es mas largo que el de los arroces descascarillados, al igual que sucede con el resto de variedades de arroz integral. El tiempo de cocci\u00f3n del arroz rojo integral varia seg\u00fan el punto deseado, pero suele tardar en cocer entre 40 y 50 minutos.<br \/>\nSu ingesta proporciona un alto poder saciante y es muy digestivo por su alto contenido en fibra, lo que lo convierte en un alimento ideal para combatir el estre\u00f1imiento y mantener sana la flora intestinal. Tambi\u00e9n es destacable su bajo contenido en grasas. No contiene gluten.<\/p>\n","protected":false},"excerpt":{"rendered":"<p>El arroz rojo es un arroz integral a\u00fan poco conocido en Espa\u00f1a, pero muy utilizado en china y otros pa\u00edses asi\u00e1ticos. Su grano es alargado, fino y con la cascara de color rojo que lo convierte en uno de los arroces mas ex\u00f3ticos del mercado.&nbsp;&#8230; [Leer m\u00e1s]<\/p>\n","protected":false},"featured_media":667,"template":"","meta":{"sfsi_plus_gutenberg_text_before_share":"","sfsi_plus_gutenberg_show_text_before_share":"","sfsi_plus_gutenberg_icon_type":"","sfsi_plus_gutenberg_icon_alignemt":"","sfsi_plus_gutenburg_max_per_row":""},"product_brand":[],"product_cat":[48,66,31],"product_tag":[82,85,90],"class_list":{"0":"post-663","1":"product","2":"type-product","3":"status-publish","4":"has-post-thumbnail","6":"product_cat-alimentacion","7":"product_cat-arroces","8":"product_cat-arroz","9":"product_tag-arroz","10":"product_tag-arroz-integral","11":"product_tag-arroz-rojo","13":"first","14":"instock","15":"taxable","16":"shipping-taxable","17":"purchasable","18":"product-type-simple"},"_links":{"self":[{"href":"https:\/\/www.latienducagranel.com\/index.php\/wp-json\/wp\/v2\/product\/663","targetHints":{"allow":["GET"]}}],"collection":[{"href":"https:\/\/www.latienducagranel.com\/index.php\/wp-json\/wp\/v2\/product"}],"about":[{"href":"https:\/\/www.latienducagranel.com\/index.php\/wp-json\/wp\/v2\/types\/product"}],"wp:featuredmedia":[{"embeddable":true,"href":"https:\/\/www.latienducagranel.com\/index.php\/wp-json\/wp\/v2\/media\/667"}],"wp:attachment":[{"href":"https:\/\/www.latienducagranel.com\/index.php\/wp-json\/wp\/v2\/media?parent=663"}],"wp:term":[{"taxonomy":"product_brand","embeddable":true,"href":"https:\/\/www.latienducagranel.com\/index.php\/wp-json\/wp\/v2\/product_brand?post=663"},{"taxonomy":"product_cat","embeddable":true,"href":"https:\/\/www.latienducagranel.com\/index.php\/wp-json\/wp\/v2\/product_cat?post=663"},{"taxonomy":"product_tag","embeddable":true,"href":"https:\/\/www.latienducagranel.com\/index.php\/wp-json\/wp\/v2\/product_tag?post=663"}],"curies":[{"name":"wp","href":"https:\/\/api.w.org\/{rel}","templated":true}]}}