{"id":645,"date":"2020-11-28T15:10:01","date_gmt":"2020-11-28T15:10:01","guid":{"rendered":"https:\/\/www.latienducagranel.com\/?post_type=product&#038;p=645"},"modified":"2023-12-27T19:33:30","modified_gmt":"2023-12-27T18:33:30","slug":"risotto-al-curry","status":"publish","type":"product","link":"https:\/\/www.latienducagranel.com\/index.php\/producto\/risotto-al-curry\/","title":{"rendered":"Risotto al curry"},"content":{"rendered":"<p>El risotto al curry es un plato vegano, sin gluten y sin sal a\u00f1adida.<\/p>\n<p>Ingredientes: arroz, cebolla, pimiento rojo, pimiento verde, curry.<\/p>\n<p>Al\u00e9rgenos: puede contener trazas de apio.<\/p>\n<p><span style=\"font-family: Century, serif;\">Origen: <\/span><span style=\"font-family: Century, serif;\">Espa\u00f1a<\/span><\/p>\n<p><span style=\"font-family: Century, serif;\"><span style=\"font-size: medium;\">En una cazuela con la base de 2 cucharadas soperas de aceite de oliva, se sofr\u00ede el risotto y se sazona al gusto. Se echa un chorrito de vino blanco hasta que se evapore. A\u00f1adir poco a poco agua caliente (algo m\u00e1s del doble que de producto), removiendo constantemente durante aproximadamente 20-25 minutos. Se retira del fuego y se incorporan unos 25 gr. de mantequilla y un par de cucharadas soperas de queso parmesano.<\/span><\/span><\/p>\n<p>\u00a0<\/p>\n","protected":false},"excerpt":{"rendered":"<p>El risotto al curry es un plato vegano, sin gluten y sin sal a\u00f1adida. Ingredientes: arroz, cebolla, pimiento rojo, pimiento verde, curry. Al\u00e9rgenos: puede contener trazas de apio. Origen: Espa\u00f1a En una cazuela con la base de 2 cucharadas soperas de aceite de oliva, se&nbsp;&#8230; [Leer m\u00e1s]<\/p>\n","protected":false},"featured_media":646,"template":"","meta":{"sfsi_plus_gutenberg_text_before_share":"","sfsi_plus_gutenberg_show_text_before_share":"","sfsi_plus_gutenberg_icon_type":"","sfsi_plus_gutenberg_icon_alignemt":"","sfsi_plus_gutenburg_max_per_row":""},"product_brand":[],"product_cat":[48,31,65],"product_tag":[92,94],"class_list":{"0":"post-645","1":"product","2":"type-product","3":"status-publish","4":"has-post-thumbnail","6":"product_cat-alimentacion","7":"product_cat-arroz","8":"product_cat-risottos","9":"product_tag-risotto","10":"product_tag-risotto-al-curry","12":"first","13":"instock","14":"taxable","15":"shipping-taxable","16":"purchasable","17":"product-type-simple"},"_links":{"self":[{"href":"https:\/\/www.latienducagranel.com\/index.php\/wp-json\/wp\/v2\/product\/645","targetHints":{"allow":["GET"]}}],"collection":[{"href":"https:\/\/www.latienducagranel.com\/index.php\/wp-json\/wp\/v2\/product"}],"about":[{"href":"https:\/\/www.latienducagranel.com\/index.php\/wp-json\/wp\/v2\/types\/product"}],"wp:featuredmedia":[{"embeddable":true,"href":"https:\/\/www.latienducagranel.com\/index.php\/wp-json\/wp\/v2\/media\/646"}],"wp:attachment":[{"href":"https:\/\/www.latienducagranel.com\/index.php\/wp-json\/wp\/v2\/media?parent=645"}],"wp:term":[{"taxonomy":"product_brand","embeddable":true,"href":"https:\/\/www.latienducagranel.com\/index.php\/wp-json\/wp\/v2\/product_brand?post=645"},{"taxonomy":"product_cat","embeddable":true,"href":"https:\/\/www.latienducagranel.com\/index.php\/wp-json\/wp\/v2\/product_cat?post=645"},{"taxonomy":"product_tag","embeddable":true,"href":"https:\/\/www.latienducagranel.com\/index.php\/wp-json\/wp\/v2\/product_tag?post=645"}],"curies":[{"name":"wp","href":"https:\/\/api.w.org\/{rel}","templated":true}]}}