{"id":639,"date":"2020-11-28T12:29:32","date_gmt":"2020-11-28T12:29:32","guid":{"rendered":"https:\/\/www.latienducagranel.com\/?post_type=product&#038;p=639"},"modified":"2026-04-16T10:39:03","modified_gmt":"2026-04-16T09:39:03","slug":"boletus-deshidratados","status":"publish","type":"product","link":"https:\/\/www.latienducagranel.com\/index.php\/producto\/boletus-deshidratados\/","title":{"rendered":"Boletus deshidratados"},"content":{"rendered":"<p><span class=\"a-list-item\">Nuestros boletus deshidratados son boletus edulis laminados y secados de forma artesanal. Esta seta es una de las m\u00e1s apreciadas por su sabor y textura. Es ideal para combinar con cualquier alimento como: arroces, pastas, carnes, sopas, salsas, cremas y huevos.<\/span><\/p>\n<p>Para su utilizaci\u00f3n en la cocina se deben hidratar en agua caliente durante 45 minutos. Te recomendamos aprovechar tambi\u00e9n el agua resultante de la rehidrataci\u00f3n. Tambi\u00e9n se pueden a\u00f1adir directamente a los guisos durante su cocci\u00f3n.<\/p>\n","protected":false},"excerpt":{"rendered":"<p>Nuestros boletus deshidratados son boletus edulis laminados y secados de forma artesanal. Esta seta es una de las m\u00e1s apreciadas por su sabor y textura. Es ideal para combinar con cualquier alimento como: arroces, pastas, carnes, sopas, salsas, cremas y huevos. Para su utilizaci\u00f3n en&nbsp;&#8230; [Leer m\u00e1s]<\/p>\n","protected":false},"featured_media":640,"template":"","meta":{"sfsi_plus_gutenberg_text_before_share":"","sfsi_plus_gutenberg_show_text_before_share":"","sfsi_plus_gutenberg_icon_type":"","sfsi_plus_gutenberg_icon_alignemt":"","sfsi_plus_gutenburg_max_per_row":""},"product_brand":[],"product_cat":[48,36],"product_tag":[586,598,599],"class_list":{"0":"post-639","1":"product","2":"type-product","3":"status-publish","4":"has-post-thumbnail","6":"product_cat-alimentacion","7":"product_cat-setas","8":"product_tag-boletus","9":"product_tag-boletus-deshidratados","10":"product_tag-boletus-edulis","12":"first","13":"instock","14":"taxable","15":"shipping-taxable","16":"purchasable","17":"product-type-simple"},"_links":{"self":[{"href":"https:\/\/www.latienducagranel.com\/index.php\/wp-json\/wp\/v2\/product\/639","targetHints":{"allow":["GET"]}}],"collection":[{"href":"https:\/\/www.latienducagranel.com\/index.php\/wp-json\/wp\/v2\/product"}],"about":[{"href":"https:\/\/www.latienducagranel.com\/index.php\/wp-json\/wp\/v2\/types\/product"}],"wp:featuredmedia":[{"embeddable":true,"href":"https:\/\/www.latienducagranel.com\/index.php\/wp-json\/wp\/v2\/media\/640"}],"wp:attachment":[{"href":"https:\/\/www.latienducagranel.com\/index.php\/wp-json\/wp\/v2\/media?parent=639"}],"wp:term":[{"taxonomy":"product_brand","embeddable":true,"href":"https:\/\/www.latienducagranel.com\/index.php\/wp-json\/wp\/v2\/product_brand?post=639"},{"taxonomy":"product_cat","embeddable":true,"href":"https:\/\/www.latienducagranel.com\/index.php\/wp-json\/wp\/v2\/product_cat?post=639"},{"taxonomy":"product_tag","embeddable":true,"href":"https:\/\/www.latienducagranel.com\/index.php\/wp-json\/wp\/v2\/product_tag?post=639"}],"curies":[{"name":"wp","href":"https:\/\/api.w.org\/{rel}","templated":true}]}}