{"id":634,"date":"2020-11-28T12:17:56","date_gmt":"2020-11-28T12:17:56","guid":{"rendered":"https:\/\/www.latienducagranel.com\/?post_type=product&#038;p=634"},"modified":"2024-01-10T18:51:38","modified_gmt":"2024-01-10T17:51:38","slug":"azucar-moreno-eco","status":"publish","type":"product","link":"https:\/\/www.latienducagranel.com\/index.php\/producto\/azucar-moreno-eco\/","title":{"rendered":"Az\u00facar moreno ECO"},"content":{"rendered":"<p>Nuestro az\u00facar moreno eco es az\u00facar moreno de ca\u00f1a ecol\u00f3gico tipo demerara, sin refinar, por lo que conserva todos sus nutrientes. Se presenta con un color amarillo dorado y cristales grandes y crujientes. Es mucho m\u00e1s sabroso y nutritivo que cualquier az\u00facar refinado<\/p>\n","protected":false},"excerpt":{"rendered":"<p>Nuestro az\u00facar moreno eco es az\u00facar moreno de ca\u00f1a ecol\u00f3gico tipo demerara, sin refinar, por lo que conserva todos sus nutrientes. Se presenta con un color amarillo dorado y cristales grandes y crujientes. Es mucho m\u00e1s sabroso y nutritivo que cualquier az\u00facar refinado<\/p>\n","protected":false},"featured_media":636,"template":"","meta":{"sfsi_plus_gutenberg_text_before_share":"","sfsi_plus_gutenberg_show_text_before_share":"","sfsi_plus_gutenberg_icon_type":"","sfsi_plus_gutenberg_icon_alignemt":"","sfsi_plus_gutenburg_max_per_row":""},"product_brand":[],"product_cat":[48,55,52,50],"product_tag":[104,101,102,112,113,114],"class_list":{"0":"post-634","1":"product","2":"type-product","3":"status-publish","4":"has-post-thumbnail","6":"product_cat-alimentacion","7":"product_cat-alimentacion-ecolgica","8":"product_cat-azucares","9":"product_cat-productos-ecologicos","10":"product_tag-azucar","11":"product_tag-azucar-de-cana","12":"product_tag-azucar-eco","13":"product_tag-azucar-moreno","14":"product_tag-azucar-moreno-de-cana","15":"product_tag-azucar-sin-refinar","17":"first","18":"instock","19":"taxable","20":"shipping-taxable","21":"purchasable","22":"product-type-simple"},"_links":{"self":[{"href":"https:\/\/www.latienducagranel.com\/index.php\/wp-json\/wp\/v2\/product\/634","targetHints":{"allow":["GET"]}}],"collection":[{"href":"https:\/\/www.latienducagranel.com\/index.php\/wp-json\/wp\/v2\/product"}],"about":[{"href":"https:\/\/www.latienducagranel.com\/index.php\/wp-json\/wp\/v2\/types\/product"}],"wp:featuredmedia":[{"embeddable":true,"href":"https:\/\/www.latienducagranel.com\/index.php\/wp-json\/wp\/v2\/media\/636"}],"wp:attachment":[{"href":"https:\/\/www.latienducagranel.com\/index.php\/wp-json\/wp\/v2\/media?parent=634"}],"wp:term":[{"taxonomy":"product_brand","embeddable":true,"href":"https:\/\/www.latienducagranel.com\/index.php\/wp-json\/wp\/v2\/product_brand?post=634"},{"taxonomy":"product_cat","embeddable":true,"href":"https:\/\/www.latienducagranel.com\/index.php\/wp-json\/wp\/v2\/product_cat?post=634"},{"taxonomy":"product_tag","embeddable":true,"href":"https:\/\/www.latienducagranel.com\/index.php\/wp-json\/wp\/v2\/product_tag?post=634"}],"curies":[{"name":"wp","href":"https:\/\/api.w.org\/{rel}","templated":true}]}}