{"id":618,"date":"2020-11-28T11:35:52","date_gmt":"2020-11-28T11:35:52","guid":{"rendered":"https:\/\/www.latienducagranel.com\/?post_type=product&#038;p=618"},"modified":"2022-03-23T22:08:28","modified_gmt":"2022-03-23T22:08:28","slug":"shitake","status":"publish","type":"product","link":"https:\/\/www.latienducagranel.com\/index.php\/producto\/shitake\/","title":{"rendered":"Shitake"},"content":{"rendered":"<p>Las setas shitake se presentan con una forma redondeada y un tama\u00f1o medio. No poseen olores ni sabores extra\u00f1os.<\/p>\n<p>Las setas shitake tiene indudables cualidades culinarias, es base de numerosas recetas de sopas y woks, las propiedades medicinales de las setas shitake se deben a un componente llamado lentinano, un polisac\u00e1rido que regenera y refuerza las defensas del organismo de forma sorprendente, sobre todo contra virus y c\u00e9lulas cancer\u00edgenas.<\/p>\n<p>Las setas shitake ayudan a mejorar la circulaci\u00f3n, curar resfriados y disminuir el colesterol en sangre.<\/p>\n<p>AL\u00c9RGENOS: no contiene al\u00e9rgenos<\/p>\n","protected":false},"excerpt":{"rendered":"<p>Las setas shitake se presentan con una forma redondeada y un tama\u00f1o medio. No poseen olores ni sabores extra\u00f1os. Las setas shitake tiene indudables cualidades culinarias, es base de numerosas recetas de sopas y woks, las propiedades medicinales de las setas shitake se deben a&nbsp;&#8230; [Leer m\u00e1s]<\/p>\n","protected":false},"featured_media":619,"template":"","meta":{"sfsi_plus_gutenberg_text_before_share":"","sfsi_plus_gutenberg_show_text_before_share":"","sfsi_plus_gutenberg_icon_type":"","sfsi_plus_gutenberg_icon_alignemt":"","sfsi_plus_gutenburg_max_per_row":""},"product_brand":[],"product_cat":[48,36],"product_tag":[603,600,601,602],"class_list":{"0":"post-618","1":"product","2":"type-product","3":"status-publish","4":"has-post-thumbnail","6":"product_cat-alimentacion","7":"product_cat-setas","8":"product_tag-setas-shitake","9":"product_tag-shitake","10":"product_tag-shitake-deshidratado","11":"product_tag-shitakes-enteras","13":"first","14":"instock","15":"taxable","16":"shipping-taxable","17":"purchasable","18":"product-type-simple"},"_links":{"self":[{"href":"https:\/\/www.latienducagranel.com\/index.php\/wp-json\/wp\/v2\/product\/618","targetHints":{"allow":["GET"]}}],"collection":[{"href":"https:\/\/www.latienducagranel.com\/index.php\/wp-json\/wp\/v2\/product"}],"about":[{"href":"https:\/\/www.latienducagranel.com\/index.php\/wp-json\/wp\/v2\/types\/product"}],"wp:featuredmedia":[{"embeddable":true,"href":"https:\/\/www.latienducagranel.com\/index.php\/wp-json\/wp\/v2\/media\/619"}],"wp:attachment":[{"href":"https:\/\/www.latienducagranel.com\/index.php\/wp-json\/wp\/v2\/media?parent=618"}],"wp:term":[{"taxonomy":"product_brand","embeddable":true,"href":"https:\/\/www.latienducagranel.com\/index.php\/wp-json\/wp\/v2\/product_brand?post=618"},{"taxonomy":"product_cat","embeddable":true,"href":"https:\/\/www.latienducagranel.com\/index.php\/wp-json\/wp\/v2\/product_cat?post=618"},{"taxonomy":"product_tag","embeddable":true,"href":"https:\/\/www.latienducagranel.com\/index.php\/wp-json\/wp\/v2\/product_tag?post=618"}],"curies":[{"name":"wp","href":"https:\/\/api.w.org\/{rel}","templated":true}]}}