{"id":612,"date":"2020-11-28T11:25:53","date_gmt":"2020-11-28T11:25:53","guid":{"rendered":"https:\/\/www.latienducagranel.com\/?post_type=product&#038;p=612"},"modified":"2025-01-07T18:49:16","modified_gmt":"2025-01-07T17:49:16","slug":"datil-deshuesado","status":"publish","type":"product","link":"https:\/\/www.latienducagranel.com\/index.php\/producto\/datil-deshuesado\/","title":{"rendered":"D\u00e1til deshuesado"},"content":{"rendered":"<p>D\u00e1til deshuesado: El d\u00e1til es el fruto de la palmera datilera (<em>Phoenix dactylifera<\/em>).\u00a0Su carne es blanda, arom\u00e1tica y de sabor dulce.<\/p>\n<p>El d\u00e1til tiene un gran valor alimenticio, debido a su alto contenido\u00a0en gl\u00facidos, lo cual es la raz\u00f3n de su segundo nombre:\u00a0<em>Pan del<\/em> desierto.<\/p>\n<p>Los d\u00e1tiles son una\u00a0fruta muy energ\u00e9tica\u00a0y muy cal\u00f3rica, por lo que\u00a0son un alimento reconstituyente, ideal para los deportistas o para quienes realizan grandes esfuerzos f\u00edsicos. Tambi\u00e9n se recomienda consumir d\u00e1tiles a los estudiantes o personas que necesitan concentraci\u00f3n, pues se consideran un aliado para los esfuerzos intelectuales proporcionando agilidad mental.<\/p>\n<p>Hay m\u00faltiples formas de consumir d\u00e1tiles: Se pueden degustar rellenos, como aperitivo; tambi\u00e9n se suelen incluir en guisos de carne para aportar notas dulces al plato; o simplemente se pueden tomar como postre.<\/p>\n","protected":false},"excerpt":{"rendered":"<p>D\u00e1til deshuesado: El d\u00e1til es el fruto de la palmera datilera (Phoenix dactylifera).\u00a0Su carne es blanda, arom\u00e1tica y de sabor dulce. El d\u00e1til tiene un gran valor alimenticio, debido a su alto contenido\u00a0en gl\u00facidos, lo cual es la raz\u00f3n de su segundo nombre:\u00a0Pan del desierto.&nbsp;&#8230; [Leer m\u00e1s]<\/p>\n","protected":false},"featured_media":613,"template":"","meta":{"sfsi_plus_gutenberg_text_before_share":"","sfsi_plus_gutenberg_show_text_before_share":"","sfsi_plus_gutenberg_icon_type":"","sfsi_plus_gutenberg_icon_alignemt":"","sfsi_plus_gutenburg_max_per_row":""},"product_brand":[],"product_cat":[48,33],"product_tag":[240,242,241],"class_list":{"0":"post-612","1":"product","2":"type-product","3":"status-publish","4":"has-post-thumbnail","6":"product_cat-alimentacion","7":"product_cat-frutas-deshidratadas","8":"product_tag-datil","9":"product_tag-datil-deshuesado","10":"product_tag-datil-sin-hueso","12":"first","13":"instock","14":"taxable","15":"shipping-taxable","16":"purchasable","17":"product-type-simple"},"_links":{"self":[{"href":"https:\/\/www.latienducagranel.com\/index.php\/wp-json\/wp\/v2\/product\/612","targetHints":{"allow":["GET"]}}],"collection":[{"href":"https:\/\/www.latienducagranel.com\/index.php\/wp-json\/wp\/v2\/product"}],"about":[{"href":"https:\/\/www.latienducagranel.com\/index.php\/wp-json\/wp\/v2\/types\/product"}],"wp:featuredmedia":[{"embeddable":true,"href":"https:\/\/www.latienducagranel.com\/index.php\/wp-json\/wp\/v2\/media\/613"}],"wp:attachment":[{"href":"https:\/\/www.latienducagranel.com\/index.php\/wp-json\/wp\/v2\/media?parent=612"}],"wp:term":[{"taxonomy":"product_brand","embeddable":true,"href":"https:\/\/www.latienducagranel.com\/index.php\/wp-json\/wp\/v2\/product_brand?post=612"},{"taxonomy":"product_cat","embeddable":true,"href":"https:\/\/www.latienducagranel.com\/index.php\/wp-json\/wp\/v2\/product_cat?post=612"},{"taxonomy":"product_tag","embeddable":true,"href":"https:\/\/www.latienducagranel.com\/index.php\/wp-json\/wp\/v2\/product_tag?post=612"}],"curies":[{"name":"wp","href":"https:\/\/api.w.org\/{rel}","templated":true}]}}