{"id":602,"date":"2020-11-28T11:10:48","date_gmt":"2020-11-28T11:10:48","guid":{"rendered":"https:\/\/www.latienducagranel.com\/?post_type=product&#038;p=602"},"modified":"2025-11-05T16:59:21","modified_gmt":"2025-11-05T15:59:21","slug":"cacahuete-repelado-crudo","status":"publish","type":"product","link":"https:\/\/www.latienducagranel.com\/index.php\/producto\/cacahuete-repelado-crudo\/","title":{"rendered":"Cacahuete repelado crudo"},"content":{"rendered":"<div id=\"short_description_block\">\n<div id=\"short_description_content\" class=\"rte align_justify\">\n<p>Cacahuete repelado crudo: Gastron\u00f3micamente hablando, el cacahuete es la base fundamental de muchas recetas en \u00c1frica e Indonesia, aunque tambi\u00e9n est\u00e1 presente en otras culturas como la nuestra.<\/p>\n<p>Lo podemos encontrar\u00a0de infinitas maneras: tostados, aceite de cacahuete, crema de cacahuete, mantequilla de cacahuetes, dulces, etc.<\/p>\n<p>Adem\u00e1s de ser un aperitivo delicioso, el cacahuete es una vers\u00e1til fuente de nutrici\u00f3n.<\/p>\n<\/div>\n<\/div>\n","protected":false},"excerpt":{"rendered":"<p>Cacahuete repelado crudo: Gastron\u00f3micamente hablando, el cacahuete es la base fundamental de muchas recetas en \u00c1frica e Indonesia, aunque tambi\u00e9n est\u00e1 presente en otras culturas como la nuestra. Lo podemos encontrar\u00a0de infinitas maneras: tostados, aceite de cacahuete, crema de cacahuete, mantequilla de cacahuetes, dulces, etc.&nbsp;&#8230; [Leer m\u00e1s]<\/p>\n","protected":false},"featured_media":603,"template":"","meta":{"sfsi_plus_gutenberg_text_before_share":"","sfsi_plus_gutenberg_show_text_before_share":"","sfsi_plus_gutenberg_icon_type":"","sfsi_plus_gutenberg_icon_alignemt":"","sfsi_plus_gutenburg_max_per_row":""},"product_brand":[],"product_cat":[48,34,68],"product_tag":[268,284,282,286,281,285,283,287],"class_list":{"0":"post-602","1":"product","2":"type-product","3":"status-publish","4":"has-post-thumbnail","6":"product_cat-alimentacion","7":"product_cat-frutos-secos","8":"product_cat-frutos-secos-sin-cascara","9":"product_tag-cacahuete","10":"product_tag-cacahuete-crudo","11":"product_tag-cacahuete-repelado","12":"product_tag-cacahuete-repelado-crudo","13":"product_tag-cacahuetes","14":"product_tag-cacahuetes-crudos","15":"product_tag-cacahuetes-repelados","16":"product_tag-cacahuetes-repelados-crudos","18":"first","19":"instock","20":"taxable","21":"shipping-taxable","22":"purchasable","23":"product-type-simple"},"_links":{"self":[{"href":"https:\/\/www.latienducagranel.com\/index.php\/wp-json\/wp\/v2\/product\/602","targetHints":{"allow":["GET"]}}],"collection":[{"href":"https:\/\/www.latienducagranel.com\/index.php\/wp-json\/wp\/v2\/product"}],"about":[{"href":"https:\/\/www.latienducagranel.com\/index.php\/wp-json\/wp\/v2\/types\/product"}],"wp:featuredmedia":[{"embeddable":true,"href":"https:\/\/www.latienducagranel.com\/index.php\/wp-json\/wp\/v2\/media\/603"}],"wp:attachment":[{"href":"https:\/\/www.latienducagranel.com\/index.php\/wp-json\/wp\/v2\/media?parent=602"}],"wp:term":[{"taxonomy":"product_brand","embeddable":true,"href":"https:\/\/www.latienducagranel.com\/index.php\/wp-json\/wp\/v2\/product_brand?post=602"},{"taxonomy":"product_cat","embeddable":true,"href":"https:\/\/www.latienducagranel.com\/index.php\/wp-json\/wp\/v2\/product_cat?post=602"},{"taxonomy":"product_tag","embeddable":true,"href":"https:\/\/www.latienducagranel.com\/index.php\/wp-json\/wp\/v2\/product_tag?post=602"}],"curies":[{"name":"wp","href":"https:\/\/api.w.org\/{rel}","templated":true}]}}