{"id":594,"date":"2020-11-28T11:00:01","date_gmt":"2020-11-28T11:00:01","guid":{"rendered":"https:\/\/www.latienducagranel.com\/?post_type=product&#038;p=594"},"modified":"2025-04-10T17:25:39","modified_gmt":"2025-04-10T16:25:39","slug":"almendra-piel","status":"publish","type":"product","link":"https:\/\/www.latienducagranel.com\/index.php\/producto\/almendra-piel\/","title":{"rendered":"Almendra piel"},"content":{"rendered":"<p>La almendra piel es almendra comuna 20\/22 sin c\u00e1scara y con piel.<\/p>\n<p>Su uso en la cocina es variado y destacan, sobre todo, en postres. Adem\u00e1s de consumirse crudas, en aperitivos o como tentempi\u00e9, la almendra puede encontrarse en infinidad de recetas.<\/p>\n<div class=\"rte\">\n<p>Las almendras, ya sean enteras, trituradas o ya transformadas en pasta o en cremas,\u00a0forman parte de numerosos dulces, pasteles, bizcochos, bombones, etc.<\/p>\n<p>Consiste en\u00a0la base principal del\u00a0mazap\u00e1n\u00a0y de los\u00a0turrones.<\/p>\n<p>En cocina, las almendras acompa\u00f1an a algunos\u00a0pescados\u00a0como la trucha,\u00a0carnes\u00a0como el pollo o el pich\u00f3n, y a diversas preparaciones como el alcuzcuz, rellenos o mantequillas compuestas.<\/p>\n<p>Por otro lado, las almendras son\u00a0uno de los\u00a0aperitivos\u00a0m\u00e1s consumidos en el mundo.<\/p>\n<\/div>\n","protected":false},"excerpt":{"rendered":"<p>La almendra piel es almendra comuna 20\/22 sin c\u00e1scara y con piel. Su uso en la cocina es variado y destacan, sobre todo, en postres. Adem\u00e1s de consumirse crudas, en aperitivos o como tentempi\u00e9, la almendra puede encontrarse en infinidad de recetas. Las almendras, ya&nbsp;&#8230; [Leer m\u00e1s]<\/p>\n","protected":false},"featured_media":595,"template":"","meta":{"sfsi_plus_gutenberg_text_before_share":"","sfsi_plus_gutenberg_show_text_before_share":"","sfsi_plus_gutenberg_icon_type":"","sfsi_plus_gutenberg_icon_alignemt":"","sfsi_plus_gutenburg_max_per_row":""},"product_brand":[],"product_cat":[48,34,68],"product_tag":[288,297,272,298],"class_list":{"0":"post-594","1":"product","2":"type-product","3":"status-publish","4":"has-post-thumbnail","6":"product_cat-alimentacion","7":"product_cat-frutos-secos","8":"product_cat-frutos-secos-sin-cascara","9":"product_tag-almendra","10":"product_tag-almendra-piel","11":"product_tag-almendras","12":"product_tag-almendras-piel","14":"first","15":"instock","16":"taxable","17":"shipping-taxable","18":"purchasable","19":"product-type-simple"},"_links":{"self":[{"href":"https:\/\/www.latienducagranel.com\/index.php\/wp-json\/wp\/v2\/product\/594","targetHints":{"allow":["GET"]}}],"collection":[{"href":"https:\/\/www.latienducagranel.com\/index.php\/wp-json\/wp\/v2\/product"}],"about":[{"href":"https:\/\/www.latienducagranel.com\/index.php\/wp-json\/wp\/v2\/types\/product"}],"wp:featuredmedia":[{"embeddable":true,"href":"https:\/\/www.latienducagranel.com\/index.php\/wp-json\/wp\/v2\/media\/595"}],"wp:attachment":[{"href":"https:\/\/www.latienducagranel.com\/index.php\/wp-json\/wp\/v2\/media?parent=594"}],"wp:term":[{"taxonomy":"product_brand","embeddable":true,"href":"https:\/\/www.latienducagranel.com\/index.php\/wp-json\/wp\/v2\/product_brand?post=594"},{"taxonomy":"product_cat","embeddable":true,"href":"https:\/\/www.latienducagranel.com\/index.php\/wp-json\/wp\/v2\/product_cat?post=594"},{"taxonomy":"product_tag","embeddable":true,"href":"https:\/\/www.latienducagranel.com\/index.php\/wp-json\/wp\/v2\/product_tag?post=594"}],"curies":[{"name":"wp","href":"https:\/\/api.w.org\/{rel}","templated":true}]}}