{"id":591,"date":"2020-11-28T10:53:08","date_gmt":"2020-11-28T10:53:08","guid":{"rendered":"https:\/\/www.latienducagranel.com\/?post_type=product&#038;p=591"},"modified":"2026-03-04T13:59:12","modified_gmt":"2026-03-04T12:59:12","slug":"pimenton-dulce","status":"publish","type":"product","link":"https:\/\/www.latienducagranel.com\/index.php\/producto\/pimenton-dulce\/","title":{"rendered":"Piment\u00f3n dulce. D.O.P. La Vera"},"content":{"rendered":"<p>Piment\u00f3n dulce de La Vera DOP, procedente de la comarca de La Vera (C\u00e1ceres) elaborado por varias generaciones con una calidad sin igual, su sabor y aroma son inconfundibles debido al toque ahumado que le da el humo de Encina durante el secado del pimiento.<\/p>\n","protected":false},"excerpt":{"rendered":"<p>Piment\u00f3n dulce de La Vera DOP, procedente de la comarca de La Vera (C\u00e1ceres) elaborado por varias generaciones con una calidad sin igual, su sabor y aroma son inconfundibles debido al toque ahumado que le da el humo de Encina durante el secado del pimiento.<\/p>\n","protected":false},"featured_media":592,"template":"","meta":{"sfsi_plus_gutenberg_text_before_share":"","sfsi_plus_gutenberg_show_text_before_share":"","sfsi_plus_gutenberg_icon_type":"","sfsi_plus_gutenberg_icon_alignemt":"","sfsi_plus_gutenburg_max_per_row":""},"product_brand":[],"product_cat":[48,20],"product_tag":[903,905,906,909,910,911],"class_list":{"0":"post-591","1":"product","2":"type-product","3":"status-publish","4":"has-post-thumbnail","6":"product_cat-alimentacion","7":"product_cat-hierbas-especias-y-condimentos","8":"product_tag-pimenton","9":"product_tag-pimenton-de-la-vera","10":"product_tag-pimenton-dop-la-vera","11":"product_tag-pimenton-dulce","12":"product_tag-pimenton-dulce-de-la-vera","13":"product_tag-pimenton-dulce-dop-la-vera","15":"first","16":"instock","17":"taxable","18":"shipping-taxable","19":"purchasable","20":"product-type-simple"},"_links":{"self":[{"href":"https:\/\/www.latienducagranel.com\/index.php\/wp-json\/wp\/v2\/product\/591","targetHints":{"allow":["GET"]}}],"collection":[{"href":"https:\/\/www.latienducagranel.com\/index.php\/wp-json\/wp\/v2\/product"}],"about":[{"href":"https:\/\/www.latienducagranel.com\/index.php\/wp-json\/wp\/v2\/types\/product"}],"wp:featuredmedia":[{"embeddable":true,"href":"https:\/\/www.latienducagranel.com\/index.php\/wp-json\/wp\/v2\/media\/592"}],"wp:attachment":[{"href":"https:\/\/www.latienducagranel.com\/index.php\/wp-json\/wp\/v2\/media?parent=591"}],"wp:term":[{"taxonomy":"product_brand","embeddable":true,"href":"https:\/\/www.latienducagranel.com\/index.php\/wp-json\/wp\/v2\/product_brand?post=591"},{"taxonomy":"product_cat","embeddable":true,"href":"https:\/\/www.latienducagranel.com\/index.php\/wp-json\/wp\/v2\/product_cat?post=591"},{"taxonomy":"product_tag","embeddable":true,"href":"https:\/\/www.latienducagranel.com\/index.php\/wp-json\/wp\/v2\/product_tag?post=591"}],"curies":[{"name":"wp","href":"https:\/\/api.w.org\/{rel}","templated":true}]}}