{"id":580,"date":"2020-11-28T10:30:57","date_gmt":"2020-11-28T10:30:57","guid":{"rendered":"https:\/\/www.latienducagranel.com\/?post_type=product&#038;p=580"},"modified":"2023-09-22T16:39:53","modified_gmt":"2023-09-22T16:39:53","slug":"eucalipto-hoja-cortada","status":"publish","type":"product","link":"https:\/\/www.latienducagranel.com\/index.php\/producto\/eucalipto-hoja-cortada\/","title":{"rendered":"Eucalipto hoja cortada"},"content":{"rendered":"<div id=\"short_description_content\" class=\"rte align_justify\">\n<p>Eucalipto hoja cortada: El eucalipto (<em>Eucalyptus<\/em>)\u00a0es un\u00a0g\u00e9nero\u00a0de\u00a0\u00e1rboles\u00a0(y algunos\u00a0arbustos) de la\u00a0familia\u00a0de las\u00a0mirt\u00e1ceas.<\/p>\n<p>Las hojas adultas de los eucaliptos presentan una forma alargada y\u00a0un color verde azulado brillante. Son intensamente arom\u00e1ticas y comunmente usadas como especia.<\/p>\n<p>Estas hojas contienen aceite esencial de\u00a0olor bals\u00e1mico, el cual\u00a0es un poderoso\u00a0desinfectante\u00a0natural.<\/p>\n<p>Las hojas de eucalipto es un producto muy codiciado, sobre todo en \u00e9pocas de gripes y resfriados, debido a sus m\u00faltiples propiedades beneficiosas.<\/p>\n<p>Existen varias formas de utilizar las hojas de eucalipto:<\/p>\n<ol>\n<li>Hacer vahos: ahora es menos usual, pero anta\u00f1o era la forma m\u00e1s usada frente a congestiones. Se pone agua a hervir, se a\u00f1aden las hojas de eucalipto. Aspiramos los vapores.<\/li>\n<li>Aceite esencial de eucalipto: trituramos las hojas de eucalipto, las mezclamos con un aceite natural (de almendras, de coco&#8230;), ponemos la mezcla a fuego lento o lo dejamos macerar durante unas horas, colamos la mezcla a trav\u00e9s de\u00a0 un pa\u00f1o de algod\u00f3n y guardamos protegido de la luz. El aceite tiene una duraci\u00f3n de seis meses.<\/li>\n<li>T\u00e9 de eucalipto: Es muy habitual consumir eucalipto en infusi\u00f3n. Para su elaboraci\u00f3n, usar de 12 a 15 hojas de eucalipto por cada litro de agua.<\/li>\n<li>Miel de eucalipto: La miel de eucalipto es un tipo de miel de las abejas que liban en las flores de eucalipto.<\/li>\n<\/ol>\n<\/div>\n","protected":false},"excerpt":{"rendered":"<p>Eucalipto hoja cortada: El eucalipto (Eucalyptus)\u00a0es un\u00a0g\u00e9nero\u00a0de\u00a0\u00e1rboles\u00a0(y algunos\u00a0arbustos) de la\u00a0familia\u00a0de las\u00a0mirt\u00e1ceas. Las hojas adultas de los eucaliptos presentan una forma alargada y\u00a0un color verde azulado brillante. Son intensamente arom\u00e1ticas y comunmente usadas como especia. Estas hojas contienen aceite esencial de\u00a0olor bals\u00e1mico, el cual\u00a0es un poderoso\u00a0desinfectante\u00a0natural.&nbsp;&#8230; [Leer m\u00e1s]<\/p>\n","protected":false},"featured_media":581,"template":"","meta":{"sfsi_plus_gutenberg_text_before_share":"","sfsi_plus_gutenberg_show_text_before_share":"","sfsi_plus_gutenberg_icon_type":"","sfsi_plus_gutenberg_icon_alignemt":"","sfsi_plus_gutenburg_max_per_row":""},"product_brand":[],"product_cat":[48,20],"product_tag":[919,920,921],"class_list":{"0":"post-580","1":"product","2":"type-product","3":"status-publish","4":"has-post-thumbnail","6":"product_cat-alimentacion","7":"product_cat-hierbas-especias-y-condimentos","8":"product_tag-eucalipto","9":"product_tag-eucalipto-hoja","10":"product_tag-eucalipto-hoja-cortada","12":"first","13":"instock","14":"taxable","15":"shipping-taxable","16":"purchasable","17":"product-type-simple"},"_links":{"self":[{"href":"https:\/\/www.latienducagranel.com\/index.php\/wp-json\/wp\/v2\/product\/580","targetHints":{"allow":["GET"]}}],"collection":[{"href":"https:\/\/www.latienducagranel.com\/index.php\/wp-json\/wp\/v2\/product"}],"about":[{"href":"https:\/\/www.latienducagranel.com\/index.php\/wp-json\/wp\/v2\/types\/product"}],"wp:featuredmedia":[{"embeddable":true,"href":"https:\/\/www.latienducagranel.com\/index.php\/wp-json\/wp\/v2\/media\/581"}],"wp:attachment":[{"href":"https:\/\/www.latienducagranel.com\/index.php\/wp-json\/wp\/v2\/media?parent=580"}],"wp:term":[{"taxonomy":"product_brand","embeddable":true,"href":"https:\/\/www.latienducagranel.com\/index.php\/wp-json\/wp\/v2\/product_brand?post=580"},{"taxonomy":"product_cat","embeddable":true,"href":"https:\/\/www.latienducagranel.com\/index.php\/wp-json\/wp\/v2\/product_cat?post=580"},{"taxonomy":"product_tag","embeddable":true,"href":"https:\/\/www.latienducagranel.com\/index.php\/wp-json\/wp\/v2\/product_tag?post=580"}],"curies":[{"name":"wp","href":"https:\/\/api.w.org\/{rel}","templated":true}]}}