{"id":578,"date":"2020-11-28T10:29:15","date_gmt":"2020-11-28T10:29:15","guid":{"rendered":"https:\/\/www.latienducagranel.com\/?post_type=product&#038;p=578"},"modified":"2025-12-09T18:38:00","modified_gmt":"2025-12-09T17:38:00","slug":"estevia-hoja","status":"publish","type":"product","link":"https:\/\/www.latienducagranel.com\/index.php\/producto\/estevia-hoja\/","title":{"rendered":"Estevia hoja"},"content":{"rendered":"<p>Estevia hoja: Hojas enteras de <em>Stevia rebaudiana bertoni<\/em><\/p>\n<p>Endulzante natural, sin calor\u00edas.<\/p>\n<p>Sustituto ideal del az\u00facar y de los edulcorantes artificiales.<\/p>\n<div class=\"rte\">\n<p dir=\"LTR\" align=\"JUSTIFY\">En muchos estudios cient\u00edficos se considera a la stevia como el mejor sustituto del az\u00facar, debido a su\u00a0origen natural y bajo contenido cal\u00f3rico.<\/p>\n<p dir=\"LTR\" align=\"JUSTIFY\">La planta de la estevia (<em>Stevia rebaudiana bertoni)\u00a0<\/em>es una buena alternativa\u00a0al az\u00facar en la dieta de personas que sufren\u00a0diabetes y\/u obesidad; asimismo puede ser consumida por personas sanas que quieran mejorar a\u00fan m\u00e1s su estilo de vida, debido a que no presenta efectos secundarios.<\/p>\n<p dir=\"LTR\" align=\"JUSTIFY\">Los estudios cient\u00edficos futuros sobre esta planta ser\u00e1n de gran ayuda para la agroindustria, que ya ha empezado a incorporar a la stevia como endulzante de bebidas y otros.<\/p>\n<p>ORIGEN: Espa\u00f1a<\/p>\n<p>CARACTER\u00cdSTICAS ORGANOL\u00c9TPTICAS<\/p>\n<ul>\n<li>COLOR: Verde intenso<\/li>\n<li>SABOR<strong>:<\/strong> Dulce t\u00edpico<\/li>\n<li>OLOR: T\u00edpico, correcto<\/li>\n<\/ul>\n<\/div>\n","protected":false},"excerpt":{"rendered":"<p>Estevia hoja: Hojas enteras de Stevia rebaudiana bertoni Endulzante natural, sin calor\u00edas. Sustituto ideal del az\u00facar y de los edulcorantes artificiales. En muchos estudios cient\u00edficos se considera a la stevia como el mejor sustituto del az\u00facar, debido a su\u00a0origen natural y bajo contenido cal\u00f3rico. La&nbsp;&#8230; [Leer m\u00e1s]<\/p>\n","protected":false},"featured_media":579,"template":"","meta":{"sfsi_plus_gutenberg_text_before_share":"","sfsi_plus_gutenberg_show_text_before_share":"","sfsi_plus_gutenberg_icon_type":"","sfsi_plus_gutenberg_icon_alignemt":"","sfsi_plus_gutenburg_max_per_row":""},"product_brand":[],"product_cat":[48,20],"product_tag":[106,922,107,923],"class_list":{"0":"post-578","1":"product","2":"type-product","3":"status-publish","4":"has-post-thumbnail","6":"product_cat-alimentacion","7":"product_cat-hierbas-especias-y-condimentos","8":"product_tag-estevia","9":"product_tag-estevia-hoja","10":"product_tag-stevia","11":"product_tag-stevia-hoja","13":"first","14":"instock","15":"taxable","16":"shipping-taxable","17":"purchasable","18":"product-type-simple"},"_links":{"self":[{"href":"https:\/\/www.latienducagranel.com\/index.php\/wp-json\/wp\/v2\/product\/578","targetHints":{"allow":["GET"]}}],"collection":[{"href":"https:\/\/www.latienducagranel.com\/index.php\/wp-json\/wp\/v2\/product"}],"about":[{"href":"https:\/\/www.latienducagranel.com\/index.php\/wp-json\/wp\/v2\/types\/product"}],"wp:featuredmedia":[{"embeddable":true,"href":"https:\/\/www.latienducagranel.com\/index.php\/wp-json\/wp\/v2\/media\/579"}],"wp:attachment":[{"href":"https:\/\/www.latienducagranel.com\/index.php\/wp-json\/wp\/v2\/media?parent=578"}],"wp:term":[{"taxonomy":"product_brand","embeddable":true,"href":"https:\/\/www.latienducagranel.com\/index.php\/wp-json\/wp\/v2\/product_brand?post=578"},{"taxonomy":"product_cat","embeddable":true,"href":"https:\/\/www.latienducagranel.com\/index.php\/wp-json\/wp\/v2\/product_cat?post=578"},{"taxonomy":"product_tag","embeddable":true,"href":"https:\/\/www.latienducagranel.com\/index.php\/wp-json\/wp\/v2\/product_tag?post=578"}],"curies":[{"name":"wp","href":"https:\/\/api.w.org\/{rel}","templated":true}]}}