{"id":565,"date":"2020-11-28T10:09:41","date_gmt":"2020-11-28T09:09:41","guid":{"rendered":"https:\/\/www.latienducagranel.com\/?post_type=product&#038;p=565"},"modified":"2025-02-05T19:05:45","modified_gmt":"2025-02-05T18:05:45","slug":"pimienta-negra-molida","status":"publish","type":"product","link":"https:\/\/www.latienducagranel.com\/index.php\/producto\/pimienta-negra-molida\/","title":{"rendered":"Pimienta negra molida"},"content":{"rendered":"<div id=\"short_description_content\" class=\"rte align_justify\">\n<p>Pimienta negra molida: La pimienta, en grano o molida, es la especie gastron\u00f3mica de mayor consumo en las cocinas de todo el mundo, aromatizando las preparaciones m\u00e1s variopintas de comidas o bebidas de cualquier cultura.<\/p>\n<p>Presenta un sabor fuerte, picante y es muy arom\u00e1tica si se muele justo antes de usarse.<\/p>\n<p>Se suele utilizar ampliamente en guisos, estofados, asados, escabeches, salsas, ensaladas, etc.<\/p>\n<div class=\"rte\">\n<p>Este condimento originario de la India,\u00a0proviene de una planta denominada\u00a0<em>Piper Nigrum<\/em>, la cual pertenece a la familia de las Piper\u00e1ceas, cuyo compuesto denominado piperina le da su caracter\u00edstico sabor picante.<\/p>\n<p>La pimienta ha sido parte fundamental de la gastronom\u00eda desde la antig\u00fcedad. En la Edad Media era incre\u00edblemente valiosa y ex\u00f3tica, por lo que como muchas otras especias se lleg\u00f3 a utilizar como moneda.<\/p>\n<p>Desde su llegada a la cocina, ha sido pr\u00e1cticamente la reina de la especias, dado que\u00a0su sabor picante y su ex\u00f3tico aroma, combinan bien con casi todas las preparaciones.<\/p>\n<p>La pimienta negra debe su color caracter\u00edstico a que se recoje antes de su maduraci\u00f3n, y se dejan fermentar, para luego secarlas al sol. Durante este proceso se endurece la piel del grano, lo que le otorga ese color tostado oscuro.<\/p>\n<p>La pimienta negra, es una perfecta opci\u00f3n para condimentar carnes y pescados, adem\u00e1s por su fuerte sabor, es com\u00fanmente utilizada en estofados y escabeches.<\/p>\n<\/div>\n<\/div>\n","protected":false},"excerpt":{"rendered":"<p>Pimienta negra molida: La pimienta, en grano o molida, es la especie gastron\u00f3mica de mayor consumo en las cocinas de todo el mundo, aromatizando las preparaciones m\u00e1s variopintas de comidas o bebidas de cualquier cultura. Presenta un sabor fuerte, picante y es muy arom\u00e1tica si&nbsp;&#8230; [Leer m\u00e1s]<\/p>\n","protected":false},"featured_media":566,"template":"","meta":{"sfsi_plus_gutenberg_text_before_share":"","sfsi_plus_gutenberg_show_text_before_share":"","sfsi_plus_gutenberg_icon_type":"","sfsi_plus_gutenberg_icon_alignemt":"","sfsi_plus_gutenburg_max_per_row":""},"product_brand":[],"product_cat":[48,20],"product_tag":[895,934,935],"class_list":{"0":"post-565","1":"product","2":"type-product","3":"status-publish","4":"has-post-thumbnail","6":"product_cat-alimentacion","7":"product_cat-hierbas-especias-y-condimentos","8":"product_tag-pimienta","9":"product_tag-pimienta-negra","10":"product_tag-pimienta-negra-molida","12":"first","13":"instock","14":"taxable","15":"shipping-taxable","16":"purchasable","17":"product-type-simple"},"_links":{"self":[{"href":"https:\/\/www.latienducagranel.com\/index.php\/wp-json\/wp\/v2\/product\/565","targetHints":{"allow":["GET"]}}],"collection":[{"href":"https:\/\/www.latienducagranel.com\/index.php\/wp-json\/wp\/v2\/product"}],"about":[{"href":"https:\/\/www.latienducagranel.com\/index.php\/wp-json\/wp\/v2\/types\/product"}],"wp:featuredmedia":[{"embeddable":true,"href":"https:\/\/www.latienducagranel.com\/index.php\/wp-json\/wp\/v2\/media\/566"}],"wp:attachment":[{"href":"https:\/\/www.latienducagranel.com\/index.php\/wp-json\/wp\/v2\/media?parent=565"}],"wp:term":[{"taxonomy":"product_brand","embeddable":true,"href":"https:\/\/www.latienducagranel.com\/index.php\/wp-json\/wp\/v2\/product_brand?post=565"},{"taxonomy":"product_cat","embeddable":true,"href":"https:\/\/www.latienducagranel.com\/index.php\/wp-json\/wp\/v2\/product_cat?post=565"},{"taxonomy":"product_tag","embeddable":true,"href":"https:\/\/www.latienducagranel.com\/index.php\/wp-json\/wp\/v2\/product_tag?post=565"}],"curies":[{"name":"wp","href":"https:\/\/api.w.org\/{rel}","templated":true}]}}