{"id":547,"date":"2020-11-28T09:17:11","date_gmt":"2020-11-28T09:17:11","guid":{"rendered":"https:\/\/www.latienducagranel.com\/?post_type=product&#038;p=547"},"modified":"2022-03-25T16:56:33","modified_gmt":"2022-03-25T16:56:33","slug":"cepillo-de-dientes-infantil-de-bambu","status":"publish","type":"product","link":"https:\/\/www.latienducagranel.com\/index.php\/producto\/cepillo-de-dientes-infantil-de-bambu\/","title":{"rendered":"Cepillo de dientes infantil de bamb\u00fa"},"content":{"rendered":"<p>Cepillo de dientes infantil de bamb\u00fa est\u00e1 hecho de madera de bamb\u00fa sostenible y con cerdas de biopl\u00e1stico a base de aceite de ricino<\/p>\n<p>Producto hecho a base de materiales 100% renovables y sin pl\u00e1stico convencional. Libre de BPA y otros aditivos \/ plastificantes. La pintura para el mango (verde, rojo, azul) proviene de Auro &#8211; casa hist\u00f3rica de pinturas naturales\/vegetales y ecol\u00f3gicos.<\/p>\n<p class=\"&quot;\\&quot;\\\\\\&quot;&quot;\">Los cepillos existen en 4 colores (azul, natural, rojo, verde) y en 2 tama\u00f1os (adulto\/ni\u00f1o).<\/p>\n<p class=\"&quot;\\&quot;\\\\\\&quot;&quot;\">Las cerdas son de larga duraci\u00f3n, se recomiendan 4 cepillos al a\u00f1o, seg\u00fan el uso de cada uno. Apto para veganos.<\/p>\n","protected":false},"excerpt":{"rendered":"<p>Cepillo de dientes infantil de bamb\u00fa est\u00e1 hecho de madera de bamb\u00fa sostenible y con cerdas de biopl\u00e1stico a base de aceite de ricino Producto hecho a base de materiales 100% renovables y sin pl\u00e1stico convencional. Libre de BPA y otros aditivos \/ plastificantes. La&nbsp;&#8230; [Leer m\u00e1s]<\/p>\n","protected":false},"featured_media":485,"template":"","meta":{"sfsi_plus_gutenberg_text_before_share":"","sfsi_plus_gutenberg_show_text_before_share":"","sfsi_plus_gutenberg_icon_type":"","sfsi_plus_gutenberg_icon_alignemt":"","sfsi_plus_gutenburg_max_per_row":""},"product_brand":[],"product_cat":[57,41],"product_tag":[755,757,759,758,760,756],"class_list":{"0":"post-547","1":"product","2":"type-product","3":"status-publish","4":"has-post-thumbnail","6":"product_cat-higiene-personal","7":"product_cat-higiene-y-cosmetica","8":"product_tag-cepillo","9":"product_tag-cepillo-de-dientes","10":"product_tag-cepillo-de-dientes-de-bambu","11":"product_tag-cepillo-de-dientes-infantil","12":"product_tag-cepillo-de-dientes-infantil-de-bambu","13":"product_tag-cepillo-dental","15":"first","16":"instock","17":"taxable","18":"shipping-taxable","19":"purchasable","20":"product-type-simple"},"_links":{"self":[{"href":"https:\/\/www.latienducagranel.com\/index.php\/wp-json\/wp\/v2\/product\/547","targetHints":{"allow":["GET"]}}],"collection":[{"href":"https:\/\/www.latienducagranel.com\/index.php\/wp-json\/wp\/v2\/product"}],"about":[{"href":"https:\/\/www.latienducagranel.com\/index.php\/wp-json\/wp\/v2\/types\/product"}],"wp:featuredmedia":[{"embeddable":true,"href":"https:\/\/www.latienducagranel.com\/index.php\/wp-json\/wp\/v2\/media\/485"}],"wp:attachment":[{"href":"https:\/\/www.latienducagranel.com\/index.php\/wp-json\/wp\/v2\/media?parent=547"}],"wp:term":[{"taxonomy":"product_brand","embeddable":true,"href":"https:\/\/www.latienducagranel.com\/index.php\/wp-json\/wp\/v2\/product_brand?post=547"},{"taxonomy":"product_cat","embeddable":true,"href":"https:\/\/www.latienducagranel.com\/index.php\/wp-json\/wp\/v2\/product_cat?post=547"},{"taxonomy":"product_tag","embeddable":true,"href":"https:\/\/www.latienducagranel.com\/index.php\/wp-json\/wp\/v2\/product_tag?post=547"}],"curies":[{"name":"wp","href":"https:\/\/api.w.org\/{rel}","templated":true}]}}