{"id":502,"date":"2020-11-23T19:50:52","date_gmt":"2020-11-23T19:50:52","guid":{"rendered":"https:\/\/www.latienducagranel.com\/?post_type=product&#038;p=502"},"modified":"2022-03-23T12:27:58","modified_gmt":"2022-03-23T12:27:58","slug":"legumbreta","status":"publish","type":"product","link":"https:\/\/www.latienducagranel.com\/index.php\/producto\/legumbreta\/","title":{"rendered":"Legumbreta"},"content":{"rendered":"<p>La legumbreta es un producto innovador, saludable, cien por cien vegetal, sin ning\u00fan tipo de aditivos y elaborado a partir de harinas de leguminosas y cereal. Posee alto valor nutritivo, bajo contenido en grasas y presenta un aminograma completo con todos los amino\u00e1cidos esenciales. Permite infinidad de aplicaciones culinarias, f\u00e1cil conservaci\u00f3n y preparaci\u00f3n, no hay mermas ni desperdicios, alto rendimiento de producto y posee una larga caducidad.<\/p>\n<p>Ingredientes: Harina de soja no OGM desgrasada, harina de arroz y harina de alubia.<\/p>\n<p>Preparaci\u00f3n: Hervir el producto en agua o caldo (300 ml por 100 g de producto) durante unos 5 minutos. Condimentar al gusto. Utilizar tambi\u00e9n como ingrediente para hamburguesas, alb\u00f3ndigas, croquetas o rellenos.<\/p>\n","protected":false},"excerpt":{"rendered":"<p>La legumbreta es un producto innovador, saludable, cien por cien vegetal, sin ning\u00fan tipo de aditivos y elaborado a partir de harinas de leguminosas y cereal. Posee alto valor nutritivo, bajo contenido en grasas y presenta un aminograma completo con todos los amino\u00e1cidos esenciales. Permite&nbsp;&#8230; [Leer m\u00e1s]<\/p>\n","protected":false},"featured_media":503,"template":"","meta":{"sfsi_plus_gutenberg_text_before_share":"","sfsi_plus_gutenberg_show_text_before_share":"","sfsi_plus_gutenberg_icon_type":"","sfsi_plus_gutenberg_icon_alignemt":"","sfsi_plus_gutenburg_max_per_row":""},"product_brand":[],"product_cat":[48,32],"product_tag":[536],"class_list":{"0":"post-502","1":"product","2":"type-product","3":"status-publish","4":"has-post-thumbnail","6":"product_cat-alimentacion","7":"product_cat-proteina-vegetal","8":"product_tag-legumbreta","10":"first","11":"instock","12":"taxable","13":"shipping-taxable","14":"purchasable","15":"product-type-simple"},"_links":{"self":[{"href":"https:\/\/www.latienducagranel.com\/index.php\/wp-json\/wp\/v2\/product\/502","targetHints":{"allow":["GET"]}}],"collection":[{"href":"https:\/\/www.latienducagranel.com\/index.php\/wp-json\/wp\/v2\/product"}],"about":[{"href":"https:\/\/www.latienducagranel.com\/index.php\/wp-json\/wp\/v2\/types\/product"}],"wp:featuredmedia":[{"embeddable":true,"href":"https:\/\/www.latienducagranel.com\/index.php\/wp-json\/wp\/v2\/media\/503"}],"wp:attachment":[{"href":"https:\/\/www.latienducagranel.com\/index.php\/wp-json\/wp\/v2\/media?parent=502"}],"wp:term":[{"taxonomy":"product_brand","embeddable":true,"href":"https:\/\/www.latienducagranel.com\/index.php\/wp-json\/wp\/v2\/product_brand?post=502"},{"taxonomy":"product_cat","embeddable":true,"href":"https:\/\/www.latienducagranel.com\/index.php\/wp-json\/wp\/v2\/product_cat?post=502"},{"taxonomy":"product_tag","embeddable":true,"href":"https:\/\/www.latienducagranel.com\/index.php\/wp-json\/wp\/v2\/product_tag?post=502"}],"curies":[{"name":"wp","href":"https:\/\/api.w.org\/{rel}","templated":true}]}}