{"id":500,"date":"2020-11-23T19:48:52","date_gmt":"2020-11-23T19:48:52","guid":{"rendered":"https:\/\/www.latienducagranel.com\/?post_type=product&#038;p=500"},"modified":"2022-06-08T17:18:48","modified_gmt":"2022-06-08T17:18:48","slug":"filetes-de-legumbre","status":"publish","type":"product","link":"https:\/\/www.latienducagranel.com\/index.php\/producto\/filetes-de-legumbre\/","title":{"rendered":"Filetes de legumbre"},"content":{"rendered":"<p>Los filetes de legumbre son un producto innovador basado en prote\u00edna vegetal, sin aditivos. Posee alto valor nutritivo, bajo nivel de grasa vegetal y presenta un aminograma completo con todos los amino\u00e1cidos esenciales.<br \/>\nApto para cel\u00edacos. Producto de larga caducidad.<\/p>\n<p>Ingredientes: Harina de soja no OGM desgrasada, harina de arroz y harina de alubia.<\/p>\n<p>Preparaci\u00f3n: Hervir el producto en agua o caldo (400 ml por 50 g de producto) durante unos 5 minutos.<br \/>\nEscurrir y condimentar al gusto. Preparar a la plancha, hornear, guisar, fre\u00edr o rebozar. Sugerimos acompa\u00f1ar con guarnici\u00f3n de verduras.<\/p>\n<h3><\/h3>\n","protected":false},"excerpt":{"rendered":"<p>Los filetes de legumbre son un producto innovador basado en prote\u00edna vegetal, sin aditivos. Posee alto valor nutritivo, bajo nivel de grasa vegetal y presenta un aminograma completo con todos los amino\u00e1cidos esenciales. Apto para cel\u00edacos. Producto de larga caducidad. Ingredientes: Harina de soja no&nbsp;&#8230; [Leer m\u00e1s]<\/p>\n","protected":false},"featured_media":501,"template":"","meta":{"sfsi_plus_gutenberg_text_before_share":"","sfsi_plus_gutenberg_show_text_before_share":"","sfsi_plus_gutenberg_icon_type":"","sfsi_plus_gutenberg_icon_alignemt":"","sfsi_plus_gutenburg_max_per_row":""},"product_brand":[],"product_cat":[48,32],"product_tag":[537,535],"class_list":{"0":"post-500","1":"product","2":"type-product","3":"status-publish","4":"has-post-thumbnail","6":"product_cat-alimentacion","7":"product_cat-proteina-vegetal","8":"product_tag-filetes-de-legumbre","9":"product_tag-proteina-vegetal","11":"first","12":"instock","13":"taxable","14":"shipping-taxable","15":"purchasable","16":"product-type-simple"},"_links":{"self":[{"href":"https:\/\/www.latienducagranel.com\/index.php\/wp-json\/wp\/v2\/product\/500","targetHints":{"allow":["GET"]}}],"collection":[{"href":"https:\/\/www.latienducagranel.com\/index.php\/wp-json\/wp\/v2\/product"}],"about":[{"href":"https:\/\/www.latienducagranel.com\/index.php\/wp-json\/wp\/v2\/types\/product"}],"wp:featuredmedia":[{"embeddable":true,"href":"https:\/\/www.latienducagranel.com\/index.php\/wp-json\/wp\/v2\/media\/501"}],"wp:attachment":[{"href":"https:\/\/www.latienducagranel.com\/index.php\/wp-json\/wp\/v2\/media?parent=500"}],"wp:term":[{"taxonomy":"product_brand","embeddable":true,"href":"https:\/\/www.latienducagranel.com\/index.php\/wp-json\/wp\/v2\/product_brand?post=500"},{"taxonomy":"product_cat","embeddable":true,"href":"https:\/\/www.latienducagranel.com\/index.php\/wp-json\/wp\/v2\/product_cat?post=500"},{"taxonomy":"product_tag","embeddable":true,"href":"https:\/\/www.latienducagranel.com\/index.php\/wp-json\/wp\/v2\/product_tag?post=500"}],"curies":[{"name":"wp","href":"https:\/\/api.w.org\/{rel}","templated":true}]}}