{"id":497,"date":"2020-11-23T19:40:31","date_gmt":"2020-11-23T19:40:31","guid":{"rendered":"https:\/\/www.latienducagranel.com\/?post_type=product&#038;p=497"},"modified":"2022-03-18T12:23:09","modified_gmt":"2022-03-18T12:23:09","slug":"bailandera-trigo","status":"publish","type":"product","link":"https:\/\/www.latienducagranel.com\/index.php\/producto\/bailandera-trigo\/","title":{"rendered":"Bailandera. Trigo"},"content":{"rendered":"<p><span class=\"font\" data-v-89dda2cc=\"\">Bailandera trigo es una Cerveza estilo Weinzenbier para todos los p\u00fablicos, mezcla de maltas de cebada tipo Pilsen y Munich con un 30 por ciento de trigo, todas ellas ecol\u00f3gicas. <\/span><\/p>\n<p><span class=\"font\" data-v-89dda2cc=\"\">Color dorado y buena permanencia de la espuma. <\/span><\/p>\n<p><span class=\"font\" data-v-89dda2cc=\"\">Fermentaci\u00f3n alta, segunda fermentaci\u00f3n en botella. <\/span><\/p>\n<p><span class=\"font\" data-v-89dda2cc=\"\">Amargor: 29 IBUs Alcohol 5\u00ba<\/span><\/p>\n","protected":false},"excerpt":{"rendered":"<p>Bailandera trigo es una Cerveza estilo Weinzenbier para todos los p\u00fablicos, mezcla de maltas de cebada tipo Pilsen y Munich con un 30 por ciento de trigo, todas ellas ecol\u00f3gicas. Color dorado y buena permanencia de la espuma. Fermentaci\u00f3n alta, segunda fermentaci\u00f3n en botella. Amargor:&nbsp;&#8230; [Leer m\u00e1s]<\/p>\n","protected":false},"featured_media":498,"template":"","meta":{"sfsi_plus_gutenberg_text_before_share":"","sfsi_plus_gutenberg_show_text_before_share":"","sfsi_plus_gutenberg_icon_type":"","sfsi_plus_gutenberg_icon_alignemt":"","sfsi_plus_gutenburg_max_per_row":""},"product_brand":[],"product_cat":[48,55,47,50],"product_tag":[132,153,128,150,154],"class_list":{"0":"post-497","1":"product","2":"type-product","3":"status-publish","4":"has-post-thumbnail","6":"product_cat-alimentacion","7":"product_cat-alimentacion-ecolgica","8":"product_cat-cervezas","9":"product_cat-productos-ecologicos","10":"product_tag-bailandera","11":"product_tag-bailandera-trigo","12":"product_tag-cerveza","13":"product_tag-cervezas-bailandera","14":"product_tag-weinzenbier","16":"first","17":"instock","18":"taxable","19":"shipping-taxable","20":"purchasable","21":"product-type-simple"},"_links":{"self":[{"href":"https:\/\/www.latienducagranel.com\/index.php\/wp-json\/wp\/v2\/product\/497","targetHints":{"allow":["GET"]}}],"collection":[{"href":"https:\/\/www.latienducagranel.com\/index.php\/wp-json\/wp\/v2\/product"}],"about":[{"href":"https:\/\/www.latienducagranel.com\/index.php\/wp-json\/wp\/v2\/types\/product"}],"wp:featuredmedia":[{"embeddable":true,"href":"https:\/\/www.latienducagranel.com\/index.php\/wp-json\/wp\/v2\/media\/498"}],"wp:attachment":[{"href":"https:\/\/www.latienducagranel.com\/index.php\/wp-json\/wp\/v2\/media?parent=497"}],"wp:term":[{"taxonomy":"product_brand","embeddable":true,"href":"https:\/\/www.latienducagranel.com\/index.php\/wp-json\/wp\/v2\/product_brand?post=497"},{"taxonomy":"product_cat","embeddable":true,"href":"https:\/\/www.latienducagranel.com\/index.php\/wp-json\/wp\/v2\/product_cat?post=497"},{"taxonomy":"product_tag","embeddable":true,"href":"https:\/\/www.latienducagranel.com\/index.php\/wp-json\/wp\/v2\/product_tag?post=497"}],"curies":[{"name":"wp","href":"https:\/\/api.w.org\/{rel}","templated":true}]}}