{"id":495,"date":"2020-11-23T19:38:32","date_gmt":"2020-11-23T19:38:32","guid":{"rendered":"https:\/\/www.latienducagranel.com\/?post_type=product&#038;p=495"},"modified":"2022-03-18T12:52:12","modified_gmt":"2022-03-18T12:52:12","slug":"bailandera-sin-gluten","status":"publish","type":"product","link":"https:\/\/www.latienducagranel.com\/index.php\/producto\/bailandera-sin-gluten\/","title":{"rendered":"Bailandera. Sin gluten"},"content":{"rendered":"<p><span class=\"font\" data-v-89dda2cc=\"\">Bailandera sin gluten es una cerveza sin gluten (menos de 20ppm) hecha a partir de maltas de cebada Pale Ale y Munich y trigo, todas ellas de cultivo ecol\u00f3gico. <\/span><\/p>\n<p><span class=\"font\" data-v-89dda2cc=\"\">Fermentaci\u00f3n alta. Segunda fermentaci\u00f3n en botella. <\/span><\/p>\n<p><span class=\"font\" data-v-89dda2cc=\"\">Estilo: Pale Ale. Grados: 4,5\u00ba<\/span><\/p>\n","protected":false},"excerpt":{"rendered":"<p>Bailandera sin gluten es una cerveza sin gluten (menos de 20ppm) hecha a partir de maltas de cebada Pale Ale y Munich y trigo, todas ellas de cultivo ecol\u00f3gico. Fermentaci\u00f3n alta. Segunda fermentaci\u00f3n en botella. Estilo: Pale Ale. Grados: 4,5\u00ba<\/p>\n","protected":false},"featured_media":496,"template":"","meta":{"sfsi_plus_gutenberg_text_before_share":"","sfsi_plus_gutenberg_show_text_before_share":"","sfsi_plus_gutenberg_icon_type":"","sfsi_plus_gutenberg_icon_alignemt":"","sfsi_plus_gutenburg_max_per_row":""},"product_brand":[],"product_cat":[48,55,47,50],"product_tag":[132,128,150,155],"class_list":{"0":"post-495","1":"product","2":"type-product","3":"status-publish","4":"has-post-thumbnail","6":"product_cat-alimentacion","7":"product_cat-alimentacion-ecolgica","8":"product_cat-cervezas","9":"product_cat-productos-ecologicos","10":"product_tag-bailandera","11":"product_tag-cerveza","12":"product_tag-cervezas-bailandera","13":"product_tag-sin-gluten","15":"first","16":"instock","17":"taxable","18":"shipping-taxable","19":"purchasable","20":"product-type-simple"},"_links":{"self":[{"href":"https:\/\/www.latienducagranel.com\/index.php\/wp-json\/wp\/v2\/product\/495","targetHints":{"allow":["GET"]}}],"collection":[{"href":"https:\/\/www.latienducagranel.com\/index.php\/wp-json\/wp\/v2\/product"}],"about":[{"href":"https:\/\/www.latienducagranel.com\/index.php\/wp-json\/wp\/v2\/types\/product"}],"wp:featuredmedia":[{"embeddable":true,"href":"https:\/\/www.latienducagranel.com\/index.php\/wp-json\/wp\/v2\/media\/496"}],"wp:attachment":[{"href":"https:\/\/www.latienducagranel.com\/index.php\/wp-json\/wp\/v2\/media?parent=495"}],"wp:term":[{"taxonomy":"product_brand","embeddable":true,"href":"https:\/\/www.latienducagranel.com\/index.php\/wp-json\/wp\/v2\/product_brand?post=495"},{"taxonomy":"product_cat","embeddable":true,"href":"https:\/\/www.latienducagranel.com\/index.php\/wp-json\/wp\/v2\/product_cat?post=495"},{"taxonomy":"product_tag","embeddable":true,"href":"https:\/\/www.latienducagranel.com\/index.php\/wp-json\/wp\/v2\/product_tag?post=495"}],"curies":[{"name":"wp","href":"https:\/\/api.w.org\/{rel}","templated":true}]}}