{"id":491,"date":"2020-11-23T19:34:28","date_gmt":"2020-11-23T19:34:28","guid":{"rendered":"https:\/\/www.latienducagranel.com\/?post_type=product&#038;p=491"},"modified":"2022-03-18T13:01:33","modified_gmt":"2022-03-18T13:01:33","slug":"bailandera-bustar-pale-ale-bupa","status":"publish","type":"product","link":"https:\/\/www.latienducagranel.com\/index.php\/producto\/bailandera-bustar-pale-ale-bupa\/","title":{"rendered":"Bailandera. Bustar Pale Ale BUPA"},"content":{"rendered":"<p><span class=\"font\" data-v-89dda2cc=\"\">Bailandera Bustar Pale Ale BUPA es una American Pale Ale intensa, amarga y frutal, con gran cantidad de l\u00fapulo. <\/span><\/p>\n<p><span class=\"font\" data-v-89dda2cc=\"\">Bailandera utiliza para realizarla malta Pale Ale, Munich y Trigo ecol\u00f3gicos y una combinaci\u00f3n de l\u00fapulos frutales y amargos (Chinook, Amarillo y Citra). <\/span><\/p>\n<p><span class=\"font\" data-v-89dda2cc=\"\">Fermentaci\u00f3n alta. Segunda fermentaci\u00f3n en botella. <\/span><\/p>\n<p><span class=\"font\" data-v-89dda2cc=\"\">Amargor: 60 IBUs. Alcohol 6\u00ba<\/span><\/p>\n","protected":false},"excerpt":{"rendered":"<p>Bailandera Bustar Pale Ale BUPA es una American Pale Ale intensa, amarga y frutal, con gran cantidad de l\u00fapulo. Bailandera utiliza para realizarla malta Pale Ale, Munich y Trigo ecol\u00f3gicos y una combinaci\u00f3n de l\u00fapulos frutales y amargos (Chinook, Amarillo y Citra). Fermentaci\u00f3n alta. Segunda&nbsp;&#8230; [Leer m\u00e1s]<\/p>\n","protected":false},"featured_media":492,"template":"","meta":{"sfsi_plus_gutenberg_text_before_share":"","sfsi_plus_gutenberg_show_text_before_share":"","sfsi_plus_gutenberg_icon_type":"","sfsi_plus_gutenberg_icon_alignemt":"","sfsi_plus_gutenburg_max_per_row":""},"product_brand":[],"product_cat":[48,55,47,50],"product_tag":[132,160,159,128,150,158],"class_list":{"0":"post-491","1":"product","2":"type-product","3":"status-publish","4":"has-post-thumbnail","6":"product_cat-alimentacion","7":"product_cat-alimentacion-ecolgica","8":"product_cat-cervezas","9":"product_cat-productos-ecologicos","10":"product_tag-bailandera","11":"product_tag-bupa","12":"product_tag-bustar-pale-ale","13":"product_tag-cerveza","14":"product_tag-cervezas-bailandera","15":"product_tag-pale-ale","17":"first","18":"instock","19":"taxable","20":"shipping-taxable","21":"purchasable","22":"product-type-simple"},"_links":{"self":[{"href":"https:\/\/www.latienducagranel.com\/index.php\/wp-json\/wp\/v2\/product\/491","targetHints":{"allow":["GET"]}}],"collection":[{"href":"https:\/\/www.latienducagranel.com\/index.php\/wp-json\/wp\/v2\/product"}],"about":[{"href":"https:\/\/www.latienducagranel.com\/index.php\/wp-json\/wp\/v2\/types\/product"}],"wp:featuredmedia":[{"embeddable":true,"href":"https:\/\/www.latienducagranel.com\/index.php\/wp-json\/wp\/v2\/media\/492"}],"wp:attachment":[{"href":"https:\/\/www.latienducagranel.com\/index.php\/wp-json\/wp\/v2\/media?parent=491"}],"wp:term":[{"taxonomy":"product_brand","embeddable":true,"href":"https:\/\/www.latienducagranel.com\/index.php\/wp-json\/wp\/v2\/product_brand?post=491"},{"taxonomy":"product_cat","embeddable":true,"href":"https:\/\/www.latienducagranel.com\/index.php\/wp-json\/wp\/v2\/product_cat?post=491"},{"taxonomy":"product_tag","embeddable":true,"href":"https:\/\/www.latienducagranel.com\/index.php\/wp-json\/wp\/v2\/product_tag?post=491"}],"curies":[{"name":"wp","href":"https:\/\/api.w.org\/{rel}","templated":true}]}}