{"id":463,"date":"2020-11-20T18:57:14","date_gmt":"2020-11-20T18:57:14","guid":{"rendered":"https:\/\/www.latienducagranel.com\/?post_type=product&#038;p=463"},"modified":"2024-11-13T13:44:25","modified_gmt":"2024-11-13T12:44:25","slug":"aceite-de-masaje-circulacion","status":"publish","type":"product","link":"https:\/\/www.latienducagranel.com\/index.php\/producto\/aceite-de-masaje-circulacion\/","title":{"rendered":"Aceite de masaje circulaci\u00f3n"},"content":{"rendered":"<div class=\"woocommerce-product-details__short-description\">\n<p>Este aceite de Masaje Circulaci\u00f3n trata de manera r\u00e1pida y eficaz las varices y piernas cansadas.<br \/>\nReduce varices, hinchaz\u00f3n y picor en piernas.<br \/>\nDejando una sensaci\u00f3n de fluidez y frescor.<\/p>\n<p>PROPIEDADES:<br \/>\n\u2022 Estimulante linf\u00e1tico y reafirmante. Casta\u00f1o de Indias, Pomelo<br \/>\n\u2022 Drena la retenci\u00f3n de l\u00edquidos. Cola de Caballo<br \/>\n\u2022 Venot\u00f3nico. Cedro, Cipr\u00e9s<\/p>\n<p>USOS<br \/>\n\u2022 Varices, hemorroides.<br \/>\n\u2022 Piernas cansadas e hinchadas.<\/p>\n<p>MODO DE EMPLEO<br \/>\nAplicar masaje en\u00e9rgico en las zonas afectadas cada noche<\/p>\n<p>100% Ingredientes BIO<br \/>\nEnvase de VIDRIO 100 ml<\/p>\n<\/div>\n","protected":false},"excerpt":{"rendered":"<p>Este aceite de Masaje Circulaci\u00f3n trata de manera r\u00e1pida y eficaz las varices y piernas cansadas. Reduce varices, hinchaz\u00f3n y picor en piernas. Dejando una sensaci\u00f3n de fluidez y frescor. PROPIEDADES: \u2022 Estimulante linf\u00e1tico y reafirmante. Casta\u00f1o de Indias, Pomelo \u2022 Drena la retenci\u00f3n de&nbsp;&#8230; [Leer m\u00e1s]<\/p>\n","protected":false},"featured_media":464,"template":"","meta":{"sfsi_plus_gutenberg_text_before_share":"","sfsi_plus_gutenberg_show_text_before_share":"","sfsi_plus_gutenberg_icon_type":"","sfsi_plus_gutenberg_icon_alignemt":"","sfsi_plus_gutenburg_max_per_row":""},"product_brand":[],"product_cat":[44,54,41,50],"product_tag":[772,773,774],"class_list":{"0":"post-463","1":"product","2":"type-product","3":"status-publish","4":"has-post-thumbnail","6":"product_cat-cosmetica","7":"product_cat-rincon-silvestre","8":"product_cat-higiene-y-cosmetica","9":"product_cat-productos-ecologicos","10":"product_tag-aceite-de-masaje","11":"product_tag-aceite-de-masaje-circulacion","12":"product_tag-aceite-de-masaje-circulacion-eco","14":"first","15":"instock","16":"taxable","17":"shipping-taxable","18":"purchasable","19":"product-type-simple"},"_links":{"self":[{"href":"https:\/\/www.latienducagranel.com\/index.php\/wp-json\/wp\/v2\/product\/463","targetHints":{"allow":["GET"]}}],"collection":[{"href":"https:\/\/www.latienducagranel.com\/index.php\/wp-json\/wp\/v2\/product"}],"about":[{"href":"https:\/\/www.latienducagranel.com\/index.php\/wp-json\/wp\/v2\/types\/product"}],"wp:featuredmedia":[{"embeddable":true,"href":"https:\/\/www.latienducagranel.com\/index.php\/wp-json\/wp\/v2\/media\/464"}],"wp:attachment":[{"href":"https:\/\/www.latienducagranel.com\/index.php\/wp-json\/wp\/v2\/media?parent=463"}],"wp:term":[{"taxonomy":"product_brand","embeddable":true,"href":"https:\/\/www.latienducagranel.com\/index.php\/wp-json\/wp\/v2\/product_brand?post=463"},{"taxonomy":"product_cat","embeddable":true,"href":"https:\/\/www.latienducagranel.com\/index.php\/wp-json\/wp\/v2\/product_cat?post=463"},{"taxonomy":"product_tag","embeddable":true,"href":"https:\/\/www.latienducagranel.com\/index.php\/wp-json\/wp\/v2\/product_tag?post=463"}],"curies":[{"name":"wp","href":"https:\/\/api.w.org\/{rel}","templated":true}]}}