{"id":440,"date":"2020-11-20T18:30:09","date_gmt":"2020-11-20T18:30:09","guid":{"rendered":"https:\/\/www.latienducagranel.com\/?post_type=product&#038;p=440"},"modified":"2024-11-13T13:57:24","modified_gmt":"2024-11-13T12:57:24","slug":"protector-labial","status":"publish","type":"product","link":"https:\/\/www.latienducagranel.com\/index.php\/producto\/protector-labial\/","title":{"rendered":"Protector labial"},"content":{"rendered":"<div class=\"woocommerce-product-details__short-description\">\n<p>El Protector labial es un excelente reparador cut\u00e1neo.<br \/>\nProtege los labios frente a agresiones externas.<\/p>\n<p>PROPIEDADES<br \/>\n-Nutrici\u00f3n labial profunda.<br \/>\n-Reparador de irritaciones, y gritas labiales<br \/>\n-Protecci\u00f3n<\/p>\n<p>100% Ingredientes BIO<br \/>\nEnvase de VIDRIO 15ml.<\/p>\n<\/div>\n","protected":false},"excerpt":{"rendered":"<p>El Protector labial es un excelente reparador cut\u00e1neo. Protege los labios frente a agresiones externas. PROPIEDADES -Nutrici\u00f3n labial profunda. -Reparador de irritaciones, y gritas labiales -Protecci\u00f3n 100% Ingredientes BIO Envase de VIDRIO 15ml.<\/p>\n","protected":false},"featured_media":441,"template":"","meta":{"sfsi_plus_gutenberg_text_before_share":"","sfsi_plus_gutenberg_show_text_before_share":"","sfsi_plus_gutenberg_icon_type":"","sfsi_plus_gutenberg_icon_alignemt":"","sfsi_plus_gutenburg_max_per_row":""},"product_brand":[],"product_cat":[44,54,41,50],"product_tag":[808,809],"class_list":{"0":"post-440","1":"product","2":"type-product","3":"status-publish","4":"has-post-thumbnail","6":"product_cat-cosmetica","7":"product_cat-rincon-silvestre","8":"product_cat-higiene-y-cosmetica","9":"product_cat-productos-ecologicos","10":"product_tag-protector-labial","11":"product_tag-protector-labial-eco","13":"first","14":"instock","15":"taxable","16":"shipping-taxable","17":"purchasable","18":"product-type-simple"},"_links":{"self":[{"href":"https:\/\/www.latienducagranel.com\/index.php\/wp-json\/wp\/v2\/product\/440","targetHints":{"allow":["GET"]}}],"collection":[{"href":"https:\/\/www.latienducagranel.com\/index.php\/wp-json\/wp\/v2\/product"}],"about":[{"href":"https:\/\/www.latienducagranel.com\/index.php\/wp-json\/wp\/v2\/types\/product"}],"wp:featuredmedia":[{"embeddable":true,"href":"https:\/\/www.latienducagranel.com\/index.php\/wp-json\/wp\/v2\/media\/441"}],"wp:attachment":[{"href":"https:\/\/www.latienducagranel.com\/index.php\/wp-json\/wp\/v2\/media?parent=440"}],"wp:term":[{"taxonomy":"product_brand","embeddable":true,"href":"https:\/\/www.latienducagranel.com\/index.php\/wp-json\/wp\/v2\/product_brand?post=440"},{"taxonomy":"product_cat","embeddable":true,"href":"https:\/\/www.latienducagranel.com\/index.php\/wp-json\/wp\/v2\/product_cat?post=440"},{"taxonomy":"product_tag","embeddable":true,"href":"https:\/\/www.latienducagranel.com\/index.php\/wp-json\/wp\/v2\/product_tag?post=440"}],"curies":[{"name":"wp","href":"https:\/\/api.w.org\/{rel}","templated":true}]}}