{"id":434,"date":"2020-11-20T18:24:35","date_gmt":"2020-11-20T18:24:35","guid":{"rendered":"https:\/\/www.latienducagranel.com\/?post_type=product&#038;p=434"},"modified":"2024-11-13T13:55:33","modified_gmt":"2024-11-13T12:55:33","slug":"crema-facial-hidratante","status":"publish","type":"product","link":"https:\/\/www.latienducagranel.com\/index.php\/producto\/crema-facial-hidratante\/","title":{"rendered":"Crema facial hidratante"},"content":{"rendered":"<div class=\"woocommerce-product-details__short-description\">\n<p>La Crema Facial Hidratante es ideal como crema de d\u00eda para todo tipo de pieles.<br \/>\nProporciona una r\u00e1pida hidrataci\u00f3n, absorviendose r\u00e1pido y dejando una agradable sensaci\u00f3n de suavidad.<\/p>\n<p>PROPIEDADES<br \/>\n\u2022 Hidrataci\u00f3n profunda. Aloe Vera, aceite de Arg\u00e1n y de pepita de Uva<br \/>\n\u2022 Tonificante y antioxidante. Hamamelis, Bardana, Geranio<br \/>\n\u2022 Calma y regenera. Cal\u00e9ndula, Lavanda, Manzanilla<\/p>\n<p>USOS<br \/>\n\u2022 Crema de d\u00eda y noche para pieles normales y mixtas<br \/>\n\u2022 Crema de d\u00eda para pieles secas y maduras.<\/p>\n<p>94% Ingredientes BIO<br \/>\nEnvase de VIDRIO 45ml.<\/p>\n<\/div>\n","protected":false},"excerpt":{"rendered":"<p>La Crema Facial Hidratante es ideal como crema de d\u00eda para todo tipo de pieles. Proporciona una r\u00e1pida hidrataci\u00f3n, absorviendose r\u00e1pido y dejando una agradable sensaci\u00f3n de suavidad. PROPIEDADES \u2022 Hidrataci\u00f3n profunda. Aloe Vera, aceite de Arg\u00e1n y de pepita de Uva \u2022 Tonificante y&nbsp;&#8230; [Leer m\u00e1s]<\/p>\n","protected":false},"featured_media":435,"template":"","meta":{"sfsi_plus_gutenberg_text_before_share":"","sfsi_plus_gutenberg_show_text_before_share":"","sfsi_plus_gutenberg_icon_type":"","sfsi_plus_gutenberg_icon_alignemt":"","sfsi_plus_gutenburg_max_per_row":""},"product_brand":[],"product_cat":[44,54,41,50],"product_tag":[812,814,813,815],"class_list":{"0":"post-434","1":"product","2":"type-product","3":"status-publish","4":"has-post-thumbnail","6":"product_cat-cosmetica","7":"product_cat-rincon-silvestre","8":"product_cat-higiene-y-cosmetica","9":"product_cat-productos-ecologicos","10":"product_tag-crema-facial","11":"product_tag-crema-facial-eco","12":"product_tag-crema-facial-hidratante","13":"product_tag-crema-facial-hidratante-eco","15":"first","16":"instock","17":"taxable","18":"shipping-taxable","19":"purchasable","20":"product-type-simple"},"_links":{"self":[{"href":"https:\/\/www.latienducagranel.com\/index.php\/wp-json\/wp\/v2\/product\/434","targetHints":{"allow":["GET"]}}],"collection":[{"href":"https:\/\/www.latienducagranel.com\/index.php\/wp-json\/wp\/v2\/product"}],"about":[{"href":"https:\/\/www.latienducagranel.com\/index.php\/wp-json\/wp\/v2\/types\/product"}],"wp:featuredmedia":[{"embeddable":true,"href":"https:\/\/www.latienducagranel.com\/index.php\/wp-json\/wp\/v2\/media\/435"}],"wp:attachment":[{"href":"https:\/\/www.latienducagranel.com\/index.php\/wp-json\/wp\/v2\/media?parent=434"}],"wp:term":[{"taxonomy":"product_brand","embeddable":true,"href":"https:\/\/www.latienducagranel.com\/index.php\/wp-json\/wp\/v2\/product_brand?post=434"},{"taxonomy":"product_cat","embeddable":true,"href":"https:\/\/www.latienducagranel.com\/index.php\/wp-json\/wp\/v2\/product_cat?post=434"},{"taxonomy":"product_tag","embeddable":true,"href":"https:\/\/www.latienducagranel.com\/index.php\/wp-json\/wp\/v2\/product_tag?post=434"}],"curies":[{"name":"wp","href":"https:\/\/api.w.org\/{rel}","templated":true}]}}