{"id":423,"date":"2020-11-20T17:48:25","date_gmt":"2020-11-20T17:48:25","guid":{"rendered":"https:\/\/www.latienducagranel.com\/?post_type=product&#038;p=423"},"modified":"2025-01-07T16:50:51","modified_gmt":"2025-01-07T15:50:51","slug":"mezcla-de-quinoas-eco","status":"publish","type":"product","link":"https:\/\/www.latienducagranel.com\/index.php\/producto\/mezcla-de-quinoas-eco\/","title":{"rendered":"Mezcla de quinoas eco"},"content":{"rendered":"<p>La mezcla de quinoas eco esta formada por el 60%de quinoa blanca, el 25%de quinoa roja y el 15% de quinoa negra, de cultivo ecol\u00f3gico.<\/p>\n<p>La quinoa es una semilla con caracter\u00edsticas peculiares al resto, ya que la podemos consumir como un cereal, es por lo que podemos considerar a la Quinoa como un pseudocereal.<\/p>\n","protected":false},"excerpt":{"rendered":"<p>La mezcla de quinoas eco esta formada por el 60%de quinoa blanca, el 25%de quinoa roja y el 15% de quinoa negra, de cultivo ecol\u00f3gico. La quinoa es una semilla con caracter\u00edsticas peculiares al resto, ya que la podemos consumir como un cereal, es por&nbsp;&#8230; [Leer m\u00e1s]<\/p>\n","protected":false},"featured_media":424,"template":"","meta":{"sfsi_plus_gutenberg_text_before_share":"","sfsi_plus_gutenberg_show_text_before_share":"","sfsi_plus_gutenberg_icon_type":"","sfsi_plus_gutenberg_icon_alignemt":"","sfsi_plus_gutenburg_max_per_row":""},"product_brand":[],"product_cat":[48,69,27],"product_tag":[359,1141,364,361,363,362,360],"class_list":{"0":"post-423","1":"product","2":"type-product","3":"status-publish","4":"has-post-thumbnail","6":"product_cat-alimentacion","7":"product_cat-granos","8":"product_cat-semillas","9":"product_tag-mezcla-de-quinoas","10":"product_tag-mezcla-de-quinoas-eco","11":"product_tag-quinoa","12":"product_tag-quinoa-blanca","13":"product_tag-quinoa-negra","14":"product_tag-quinoa-roja","15":"product_tag-quinoa-tricolor","17":"first","18":"instock","19":"taxable","20":"shipping-taxable","21":"purchasable","22":"product-type-simple"},"_links":{"self":[{"href":"https:\/\/www.latienducagranel.com\/index.php\/wp-json\/wp\/v2\/product\/423","targetHints":{"allow":["GET"]}}],"collection":[{"href":"https:\/\/www.latienducagranel.com\/index.php\/wp-json\/wp\/v2\/product"}],"about":[{"href":"https:\/\/www.latienducagranel.com\/index.php\/wp-json\/wp\/v2\/types\/product"}],"wp:featuredmedia":[{"embeddable":true,"href":"https:\/\/www.latienducagranel.com\/index.php\/wp-json\/wp\/v2\/media\/424"}],"wp:attachment":[{"href":"https:\/\/www.latienducagranel.com\/index.php\/wp-json\/wp\/v2\/media?parent=423"}],"wp:term":[{"taxonomy":"product_brand","embeddable":true,"href":"https:\/\/www.latienducagranel.com\/index.php\/wp-json\/wp\/v2\/product_brand?post=423"},{"taxonomy":"product_cat","embeddable":true,"href":"https:\/\/www.latienducagranel.com\/index.php\/wp-json\/wp\/v2\/product_cat?post=423"},{"taxonomy":"product_tag","embeddable":true,"href":"https:\/\/www.latienducagranel.com\/index.php\/wp-json\/wp\/v2\/product_tag?post=423"}],"curies":[{"name":"wp","href":"https:\/\/api.w.org\/{rel}","templated":true}]}}