{"id":375,"date":"2020-11-20T16:13:39","date_gmt":"2020-11-20T16:13:39","guid":{"rendered":"https:\/\/www.latienducagranel.com\/?post_type=product&#038;p=375"},"modified":"2026-03-16T13:32:15","modified_gmt":"2026-03-16T12:32:15","slug":"maiz-palomitas","status":"publish","type":"product","link":"https:\/\/www.latienducagranel.com\/index.php\/producto\/maiz-palomitas\/","title":{"rendered":"Ma\u00edz palomitas"},"content":{"rendered":"<p>Ma\u00edz palomitas o ma\u00edz rosetero es un ma\u00edz de grano peque\u00f1o y consistencia dura. Tambi\u00e9n conocido como ma\u00edz revent\u00f3n<\/p>\n","protected":false},"excerpt":{"rendered":"<p>Ma\u00edz palomitas o ma\u00edz rosetero es un ma\u00edz de grano peque\u00f1o y consistencia dura. Tambi\u00e9n conocido como ma\u00edz revent\u00f3n<\/p>\n","protected":false},"featured_media":376,"template":"","meta":{"sfsi_plus_gutenberg_text_before_share":"","sfsi_plus_gutenberg_show_text_before_share":"","sfsi_plus_gutenberg_icon_type":"","sfsi_plus_gutenberg_icon_alignemt":"","sfsi_plus_gutenburg_max_per_row":""},"product_brand":[],"product_cat":[48,69],"product_tag":[365,366,368,367],"class_list":{"0":"post-375","1":"product","2":"type-product","3":"status-publish","4":"has-post-thumbnail","6":"product_cat-alimentacion","7":"product_cat-granos","8":"product_tag-maiz","9":"product_tag-maiz-palomitas","10":"product_tag-maiz-reventon","11":"product_tag-maiz-rosetero","13":"first","14":"instock","15":"taxable","16":"shipping-taxable","17":"purchasable","18":"product-type-simple"},"_links":{"self":[{"href":"https:\/\/www.latienducagranel.com\/index.php\/wp-json\/wp\/v2\/product\/375","targetHints":{"allow":["GET"]}}],"collection":[{"href":"https:\/\/www.latienducagranel.com\/index.php\/wp-json\/wp\/v2\/product"}],"about":[{"href":"https:\/\/www.latienducagranel.com\/index.php\/wp-json\/wp\/v2\/types\/product"}],"wp:featuredmedia":[{"embeddable":true,"href":"https:\/\/www.latienducagranel.com\/index.php\/wp-json\/wp\/v2\/media\/376"}],"wp:attachment":[{"href":"https:\/\/www.latienducagranel.com\/index.php\/wp-json\/wp\/v2\/media?parent=375"}],"wp:term":[{"taxonomy":"product_brand","embeddable":true,"href":"https:\/\/www.latienducagranel.com\/index.php\/wp-json\/wp\/v2\/product_brand?post=375"},{"taxonomy":"product_cat","embeddable":true,"href":"https:\/\/www.latienducagranel.com\/index.php\/wp-json\/wp\/v2\/product_cat?post=375"},{"taxonomy":"product_tag","embeddable":true,"href":"https:\/\/www.latienducagranel.com\/index.php\/wp-json\/wp\/v2\/product_tag?post=375"}],"curies":[{"name":"wp","href":"https:\/\/api.w.org\/{rel}","templated":true}]}}