{"id":355,"date":"2020-11-20T15:56:47","date_gmt":"2020-11-20T15:56:47","guid":{"rendered":"https:\/\/www.latienducagranel.com\/?post_type=product&#038;p=355"},"modified":"2025-01-07T12:48:34","modified_gmt":"2025-01-07T11:48:34","slug":"sesamo-blanco","status":"publish","type":"product","link":"https:\/\/www.latienducagranel.com\/index.php\/producto\/sesamo-blanco\/","title":{"rendered":"S\u00e9samo blanco"},"content":{"rendered":"<p>El s\u00e9samo blanco aporta de manera extraordinaria calcio y hierro. Adem\u00e1s, sus beneficiosos \u00e1cidos grasos poliinsaturados, hacen de esta semilla uno de los elementos estrella que no deben faltar en el armario de la cocina, sobre todo teniendo en cuenta su magn\u00edfico sabor.<\/p>\n","protected":false},"excerpt":{"rendered":"<p>El s\u00e9samo blanco aporta de manera extraordinaria calcio y hierro. Adem\u00e1s, sus beneficiosos \u00e1cidos grasos poliinsaturados, hacen de esta semilla uno de los elementos estrella que no deben faltar en el armario de la cocina, sobre todo teniendo en cuenta su magn\u00edfico sabor.<\/p>\n","protected":false},"featured_media":356,"template":"","meta":{"sfsi_plus_gutenberg_text_before_share":"","sfsi_plus_gutenberg_show_text_before_share":"","sfsi_plus_gutenberg_icon_type":"","sfsi_plus_gutenberg_icon_alignemt":"","sfsi_plus_gutenburg_max_per_row":""},"product_brand":[],"product_cat":[48,27],"product_tag":[569,572],"class_list":{"0":"post-355","1":"product","2":"type-product","3":"status-publish","4":"has-post-thumbnail","6":"product_cat-alimentacion","7":"product_cat-semillas","8":"product_tag-sesamo","9":"product_tag-sesamo-blanco","11":"first","12":"instock","13":"taxable","14":"shipping-taxable","15":"purchasable","16":"product-type-simple"},"_links":{"self":[{"href":"https:\/\/www.latienducagranel.com\/index.php\/wp-json\/wp\/v2\/product\/355","targetHints":{"allow":["GET"]}}],"collection":[{"href":"https:\/\/www.latienducagranel.com\/index.php\/wp-json\/wp\/v2\/product"}],"about":[{"href":"https:\/\/www.latienducagranel.com\/index.php\/wp-json\/wp\/v2\/types\/product"}],"wp:featuredmedia":[{"embeddable":true,"href":"https:\/\/www.latienducagranel.com\/index.php\/wp-json\/wp\/v2\/media\/356"}],"wp:attachment":[{"href":"https:\/\/www.latienducagranel.com\/index.php\/wp-json\/wp\/v2\/media?parent=355"}],"wp:term":[{"taxonomy":"product_brand","embeddable":true,"href":"https:\/\/www.latienducagranel.com\/index.php\/wp-json\/wp\/v2\/product_brand?post=355"},{"taxonomy":"product_cat","embeddable":true,"href":"https:\/\/www.latienducagranel.com\/index.php\/wp-json\/wp\/v2\/product_cat?post=355"},{"taxonomy":"product_tag","embeddable":true,"href":"https:\/\/www.latienducagranel.com\/index.php\/wp-json\/wp\/v2\/product_tag?post=355"}],"curies":[{"name":"wp","href":"https:\/\/api.w.org\/{rel}","templated":true}]}}