{"id":349,"date":"2020-11-20T15:50:52","date_gmt":"2020-11-20T15:50:52","guid":{"rendered":"https:\/\/www.latienducagranel.com\/?post_type=product&#038;p=349"},"modified":"2025-01-07T16:48:08","modified_gmt":"2025-01-07T15:48:08","slug":"quinoa-blanca-eco","status":"publish","type":"product","link":"https:\/\/www.latienducagranel.com\/index.php\/producto\/quinoa-blanca-eco\/","title":{"rendered":"Quinoa blanca eco"},"content":{"rendered":"<p>La quinoa blanca eco es, por su composici\u00f3n rica en nutrientes, uno de los alimentos m\u00e1s sanos que existen. No contiene gluten, por lo que es un alimento beneficioso para personas cel\u00edacas o con ciertas intolerancias alimenticias.<\/p>\n<p>IMPORTANTE: Antes de cocinarse es necesario enjuagarla para quitarle las saponinas.<\/p>\n","protected":false},"excerpt":{"rendered":"<p>La quinoa blanca eco es, por su composici\u00f3n rica en nutrientes, uno de los alimentos m\u00e1s sanos que existen. No contiene gluten, por lo que es un alimento beneficioso para personas cel\u00edacas o con ciertas intolerancias alimenticias. IMPORTANTE: Antes de cocinarse es necesario enjuagarla para&nbsp;&#8230; [Leer m\u00e1s]<\/p>\n","protected":false},"featured_media":350,"template":"","meta":{"sfsi_plus_gutenberg_text_before_share":"","sfsi_plus_gutenberg_show_text_before_share":"","sfsi_plus_gutenberg_icon_type":"","sfsi_plus_gutenberg_icon_alignemt":"","sfsi_plus_gutenburg_max_per_row":""},"product_brand":[],"product_cat":[48,69,27],"product_tag":[364,361,1143,1142],"class_list":{"0":"post-349","1":"product","2":"type-product","3":"status-publish","4":"has-post-thumbnail","6":"product_cat-alimentacion","7":"product_cat-granos","8":"product_cat-semillas","9":"product_tag-quinoa","10":"product_tag-quinoa-blanca","11":"product_tag-quinoa-blanca-eco","12":"product_tag-quinoa-eco","14":"first","15":"instock","16":"taxable","17":"shipping-taxable","18":"purchasable","19":"product-type-simple"},"_links":{"self":[{"href":"https:\/\/www.latienducagranel.com\/index.php\/wp-json\/wp\/v2\/product\/349","targetHints":{"allow":["GET"]}}],"collection":[{"href":"https:\/\/www.latienducagranel.com\/index.php\/wp-json\/wp\/v2\/product"}],"about":[{"href":"https:\/\/www.latienducagranel.com\/index.php\/wp-json\/wp\/v2\/types\/product"}],"wp:featuredmedia":[{"embeddable":true,"href":"https:\/\/www.latienducagranel.com\/index.php\/wp-json\/wp\/v2\/media\/350"}],"wp:attachment":[{"href":"https:\/\/www.latienducagranel.com\/index.php\/wp-json\/wp\/v2\/media?parent=349"}],"wp:term":[{"taxonomy":"product_brand","embeddable":true,"href":"https:\/\/www.latienducagranel.com\/index.php\/wp-json\/wp\/v2\/product_brand?post=349"},{"taxonomy":"product_cat","embeddable":true,"href":"https:\/\/www.latienducagranel.com\/index.php\/wp-json\/wp\/v2\/product_cat?post=349"},{"taxonomy":"product_tag","embeddable":true,"href":"https:\/\/www.latienducagranel.com\/index.php\/wp-json\/wp\/v2\/product_tag?post=349"}],"curies":[{"name":"wp","href":"https:\/\/api.w.org\/{rel}","templated":true}]}}