{"id":347,"date":"2020-11-20T15:49:18","date_gmt":"2020-11-20T15:49:18","guid":{"rendered":"https:\/\/www.latienducagranel.com\/?post_type=product&#038;p=347"},"modified":"2025-01-07T16:45:48","modified_gmt":"2025-01-07T15:45:48","slug":"lino-marron","status":"publish","type":"product","link":"https:\/\/www.latienducagranel.com\/index.php\/producto\/lino-marron\/","title":{"rendered":"Lino marr\u00f3n"},"content":{"rendered":"<p>El lino marr\u00f3n se diferencia del lino dorado por su sabor, las semillas marrones que tienen un sabor mucho m\u00e1s suave. Al igual que el lino dorado, es rico en fibra, saciante y ayuda a eliminar toxinas del organismo.<\/p>\n","protected":false},"excerpt":{"rendered":"<p>El lino marr\u00f3n se diferencia del lino dorado por su sabor, las semillas marrones que tienen un sabor mucho m\u00e1s suave. Al igual que el lino dorado, es rico en fibra, saciante y ayuda a eliminar toxinas del organismo.<\/p>\n","protected":false},"featured_media":348,"template":"","meta":{"sfsi_plus_gutenberg_text_before_share":"","sfsi_plus_gutenberg_show_text_before_share":"","sfsi_plus_gutenberg_icon_type":"","sfsi_plus_gutenberg_icon_alignemt":"","sfsi_plus_gutenburg_max_per_row":""},"product_brand":[],"product_cat":[48,27],"product_tag":[578,576,577],"class_list":{"0":"post-347","1":"product","2":"type-product","3":"status-publish","4":"has-post-thumbnail","6":"product_cat-alimentacion","7":"product_cat-semillas","8":"product_tag-linaza","9":"product_tag-lino","10":"product_tag-lino-marron","12":"first","13":"instock","14":"taxable","15":"shipping-taxable","16":"purchasable","17":"product-type-simple"},"_links":{"self":[{"href":"https:\/\/www.latienducagranel.com\/index.php\/wp-json\/wp\/v2\/product\/347","targetHints":{"allow":["GET"]}}],"collection":[{"href":"https:\/\/www.latienducagranel.com\/index.php\/wp-json\/wp\/v2\/product"}],"about":[{"href":"https:\/\/www.latienducagranel.com\/index.php\/wp-json\/wp\/v2\/types\/product"}],"wp:featuredmedia":[{"embeddable":true,"href":"https:\/\/www.latienducagranel.com\/index.php\/wp-json\/wp\/v2\/media\/348"}],"wp:attachment":[{"href":"https:\/\/www.latienducagranel.com\/index.php\/wp-json\/wp\/v2\/media?parent=347"}],"wp:term":[{"taxonomy":"product_brand","embeddable":true,"href":"https:\/\/www.latienducagranel.com\/index.php\/wp-json\/wp\/v2\/product_brand?post=347"},{"taxonomy":"product_cat","embeddable":true,"href":"https:\/\/www.latienducagranel.com\/index.php\/wp-json\/wp\/v2\/product_cat?post=347"},{"taxonomy":"product_tag","embeddable":true,"href":"https:\/\/www.latienducagranel.com\/index.php\/wp-json\/wp\/v2\/product_tag?post=347"}],"curies":[{"name":"wp","href":"https:\/\/api.w.org\/{rel}","templated":true}]}}