{"id":339,"date":"2020-11-20T15:35:13","date_gmt":"2020-11-20T15:35:13","guid":{"rendered":"https:\/\/www.latienducagranel.com\/?post_type=product&#038;p=339"},"modified":"2025-08-07T12:39:52","modified_gmt":"2025-08-07T11:39:52","slug":"arroz-integral","status":"publish","type":"product","link":"https:\/\/www.latienducagranel.com\/index.php\/producto\/arroz-integral\/","title":{"rendered":"Arroz integral"},"content":{"rendered":"<p>El arroz integral es un arroz descascarillado, al que s\u00f3lo se le ha quitado la c\u00e1scara exterior. Conserva el germen \u00edntegro con la capa de salvado que lo envuelve, lo que le confiere un color moreno claro. No contiene gluten, por lo que es un alimento apto para cel\u00edacos.<\/p>\n","protected":false},"excerpt":{"rendered":"<p>El arroz integral es un arroz descascarillado, al que s\u00f3lo se le ha quitado la c\u00e1scara exterior. Conserva el germen \u00edntegro con la capa de salvado que lo envuelve, lo que le confiere un color moreno claro. No contiene gluten, por lo que es un&nbsp;&#8230; [Leer m\u00e1s]<\/p>\n","protected":false},"featured_media":340,"template":"","meta":{"sfsi_plus_gutenberg_text_before_share":"","sfsi_plus_gutenberg_show_text_before_share":"","sfsi_plus_gutenberg_icon_type":"","sfsi_plus_gutenberg_icon_alignemt":"","sfsi_plus_gutenburg_max_per_row":""},"product_brand":[],"product_cat":[48,66,31],"product_tag":[82,85],"class_list":{"0":"post-339","1":"product","2":"type-product","3":"status-publish","4":"has-post-thumbnail","6":"product_cat-alimentacion","7":"product_cat-arroces","8":"product_cat-arroz","9":"product_tag-arroz","10":"product_tag-arroz-integral","12":"first","13":"instock","14":"taxable","15":"shipping-taxable","16":"purchasable","17":"product-type-simple"},"_links":{"self":[{"href":"https:\/\/www.latienducagranel.com\/index.php\/wp-json\/wp\/v2\/product\/339","targetHints":{"allow":["GET"]}}],"collection":[{"href":"https:\/\/www.latienducagranel.com\/index.php\/wp-json\/wp\/v2\/product"}],"about":[{"href":"https:\/\/www.latienducagranel.com\/index.php\/wp-json\/wp\/v2\/types\/product"}],"wp:featuredmedia":[{"embeddable":true,"href":"https:\/\/www.latienducagranel.com\/index.php\/wp-json\/wp\/v2\/media\/340"}],"wp:attachment":[{"href":"https:\/\/www.latienducagranel.com\/index.php\/wp-json\/wp\/v2\/media?parent=339"}],"wp:term":[{"taxonomy":"product_brand","embeddable":true,"href":"https:\/\/www.latienducagranel.com\/index.php\/wp-json\/wp\/v2\/product_brand?post=339"},{"taxonomy":"product_cat","embeddable":true,"href":"https:\/\/www.latienducagranel.com\/index.php\/wp-json\/wp\/v2\/product_cat?post=339"},{"taxonomy":"product_tag","embeddable":true,"href":"https:\/\/www.latienducagranel.com\/index.php\/wp-json\/wp\/v2\/product_tag?post=339"}],"curies":[{"name":"wp","href":"https:\/\/api.w.org\/{rel}","templated":true}]}}