{"id":335,"date":"2020-11-20T15:32:15","date_gmt":"2020-11-20T15:32:15","guid":{"rendered":"https:\/\/www.latienducagranel.com\/?post_type=product&#038;p=335"},"modified":"2025-01-07T11:53:56","modified_gmt":"2025-01-07T10:53:56","slug":"arroz-basmati-eco","status":"publish","type":"product","link":"https:\/\/www.latienducagranel.com\/index.php\/producto\/arroz-basmati-eco\/","title":{"rendered":"Arroz basmati eco"},"content":{"rendered":"<p>El arroz basmati se caracteriza principalmente por ser un arroz de grano fino y largo, y es muy conocido por su delicada fragancia y delicioso sabor. Los granos de este tipo de arroz son mucho m\u00e1s largos que anchos, alarg\u00e1ndose a\u00fan m\u00e1s durante su cocci\u00f3n.<\/p>\n","protected":false},"excerpt":{"rendered":"<p>El arroz basmati se caracteriza principalmente por ser un arroz de grano fino y largo, y es muy conocido por su delicada fragancia y delicioso sabor. Los granos de este tipo de arroz son mucho m\u00e1s largos que anchos, alarg\u00e1ndose a\u00fan m\u00e1s durante su cocci\u00f3n.<\/p>\n","protected":false},"featured_media":336,"template":"","meta":{"sfsi_plus_gutenberg_text_before_share":"","sfsi_plus_gutenberg_show_text_before_share":"","sfsi_plus_gutenberg_icon_type":"","sfsi_plus_gutenberg_icon_alignemt":"","sfsi_plus_gutenburg_max_per_row":""},"product_brand":[],"product_cat":[48,55,66,31,50],"product_tag":[82,99,1429],"class_list":{"0":"post-335","1":"product","2":"type-product","3":"status-publish","4":"has-post-thumbnail","6":"product_cat-alimentacion","7":"product_cat-alimentacion-ecolgica","8":"product_cat-arroces","9":"product_cat-arroz","10":"product_cat-productos-ecologicos","11":"product_tag-arroz","12":"product_tag-arroz-basmati","13":"product_tag-arroz-basmati-eco","15":"first","16":"instock","17":"taxable","18":"shipping-taxable","19":"purchasable","20":"product-type-simple"},"_links":{"self":[{"href":"https:\/\/www.latienducagranel.com\/index.php\/wp-json\/wp\/v2\/product\/335","targetHints":{"allow":["GET"]}}],"collection":[{"href":"https:\/\/www.latienducagranel.com\/index.php\/wp-json\/wp\/v2\/product"}],"about":[{"href":"https:\/\/www.latienducagranel.com\/index.php\/wp-json\/wp\/v2\/types\/product"}],"wp:featuredmedia":[{"embeddable":true,"href":"https:\/\/www.latienducagranel.com\/index.php\/wp-json\/wp\/v2\/media\/336"}],"wp:attachment":[{"href":"https:\/\/www.latienducagranel.com\/index.php\/wp-json\/wp\/v2\/media?parent=335"}],"wp:term":[{"taxonomy":"product_brand","embeddable":true,"href":"https:\/\/www.latienducagranel.com\/index.php\/wp-json\/wp\/v2\/product_brand?post=335"},{"taxonomy":"product_cat","embeddable":true,"href":"https:\/\/www.latienducagranel.com\/index.php\/wp-json\/wp\/v2\/product_cat?post=335"},{"taxonomy":"product_tag","embeddable":true,"href":"https:\/\/www.latienducagranel.com\/index.php\/wp-json\/wp\/v2\/product_tag?post=335"}],"curies":[{"name":"wp","href":"https:\/\/api.w.org\/{rel}","templated":true}]}}