{"id":331,"date":"2020-11-20T15:28:37","date_gmt":"2020-11-20T15:28:37","guid":{"rendered":"https:\/\/www.latienducagranel.com\/?post_type=product&#038;p=331"},"modified":"2025-01-07T11:38:55","modified_gmt":"2025-01-07T10:38:55","slug":"adzouki","status":"publish","type":"product","link":"https:\/\/www.latienducagranel.com\/index.php\/producto\/adzouki\/","title":{"rendered":"Adzouki"},"content":{"rendered":"<p>Adzouki, adzuki o soja roja es un tipo de jud\u00eda roja cultivada normalmente en extremo oriente y en los montes del Himalaya con muchos beneficios para la salud. Su sabor es dulz\u00f3n y, por tanto, adem\u00e1s de usarse en estofados y ensaladas como el resto de legumbres, se puede usar en forma de pasta para algunos postres e incluso helados.<\/p>\n<p>La jud\u00eda adzouki tiene un gran poder depurativo, de modo que mejora el funcionamiento de los ri\u00f1ones. Adem\u00e1s, facilita el proceso digestivo, ayuda al adecuado funcionamiento de la flora intestinal y evita el estre\u00f1imiento.<\/p>\n<p>Es una legumbre baja en grasas y con alto contenido en prote\u00ednas vegetales.<\/p>\n","protected":false},"excerpt":{"rendered":"<p>Adzouki, adzuki o soja roja es un tipo de jud\u00eda roja cultivada normalmente en extremo oriente y en los montes del Himalaya con muchos beneficios para la salud. Su sabor es dulz\u00f3n y, por tanto, adem\u00e1s de usarse en estofados y ensaladas como el resto&nbsp;&#8230; [Leer m\u00e1s]<\/p>\n","protected":false},"featured_media":332,"template":"","meta":{"sfsi_plus_gutenberg_text_before_share":"","sfsi_plus_gutenberg_show_text_before_share":"","sfsi_plus_gutenberg_icon_type":"","sfsi_plus_gutenberg_icon_alignemt":"","sfsi_plus_gutenburg_max_per_row":""},"product_brand":[],"product_cat":[48,21,25],"product_tag":[451,453,403,452],"class_list":{"0":"post-331","1":"product","2":"type-product","3":"status-publish","4":"has-post-thumbnail","6":"product_cat-alimentacion","7":"product_cat-legumbres","8":"product_cat-otras-legumbres","9":"product_tag-adzouki","10":"product_tag-adzuki","11":"product_tag-legumbres","12":"product_tag-soja-roja","14":"first","15":"instock","16":"taxable","17":"shipping-taxable","18":"purchasable","19":"product-type-simple"},"_links":{"self":[{"href":"https:\/\/www.latienducagranel.com\/index.php\/wp-json\/wp\/v2\/product\/331","targetHints":{"allow":["GET"]}}],"collection":[{"href":"https:\/\/www.latienducagranel.com\/index.php\/wp-json\/wp\/v2\/product"}],"about":[{"href":"https:\/\/www.latienducagranel.com\/index.php\/wp-json\/wp\/v2\/types\/product"}],"wp:featuredmedia":[{"embeddable":true,"href":"https:\/\/www.latienducagranel.com\/index.php\/wp-json\/wp\/v2\/media\/332"}],"wp:attachment":[{"href":"https:\/\/www.latienducagranel.com\/index.php\/wp-json\/wp\/v2\/media?parent=331"}],"wp:term":[{"taxonomy":"product_brand","embeddable":true,"href":"https:\/\/www.latienducagranel.com\/index.php\/wp-json\/wp\/v2\/product_brand?post=331"},{"taxonomy":"product_cat","embeddable":true,"href":"https:\/\/www.latienducagranel.com\/index.php\/wp-json\/wp\/v2\/product_cat?post=331"},{"taxonomy":"product_tag","embeddable":true,"href":"https:\/\/www.latienducagranel.com\/index.php\/wp-json\/wp\/v2\/product_tag?post=331"}],"curies":[{"name":"wp","href":"https:\/\/api.w.org\/{rel}","templated":true}]}}