{"id":329,"date":"2020-11-20T15:27:24","date_gmt":"2020-11-20T15:27:24","guid":{"rendered":"https:\/\/www.latienducagranel.com\/?post_type=product&#038;p=329"},"modified":"2024-10-23T17:02:13","modified_gmt":"2024-10-23T16:02:13","slug":"lenteja-roja-pelada","status":"publish","type":"product","link":"https:\/\/www.latienducagranel.com\/index.php\/producto\/lenteja-roja-pelada\/","title":{"rendered":"Lenteja roja pelada ECO"},"content":{"rendered":"<p>Lenteja roja pelada eco: Lenteja de peque\u00f1o calibre y de cultivo ecol\u00f3gico con unos valores nutricionales excepcionales.<br \/>\nAl no tener piel facilitan la digesti\u00f3n. Con este tipo de lentejas se pueden hacer multitud de platos: sopas, cremas o pur\u00e9s, alb\u00f3ndigas, hamburguesas, pat\u00e9s, etc.<\/p>\n","protected":false},"excerpt":{"rendered":"<p>Lenteja roja pelada eco: Lenteja de peque\u00f1o calibre y de cultivo ecol\u00f3gico con unos valores nutricionales excepcionales. Al no tener piel facilitan la digesti\u00f3n. Con este tipo de lentejas se pueden hacer multitud de platos: sopas, cremas o pur\u00e9s, alb\u00f3ndigas, hamburguesas, pat\u00e9s, etc.<\/p>\n","protected":false},"featured_media":330,"template":"","meta":{"sfsi_plus_gutenberg_text_before_share":"","sfsi_plus_gutenberg_show_text_before_share":"","sfsi_plus_gutenberg_icon_type":"","sfsi_plus_gutenberg_icon_alignemt":"","sfsi_plus_gutenburg_max_per_row":""},"product_brand":[],"product_cat":[48,21,22],"product_tag":[403,399,402,1077,1078],"class_list":{"0":"post-329","1":"product","2":"type-product","3":"status-publish","4":"has-post-thumbnail","6":"product_cat-alimentacion","7":"product_cat-legumbres","8":"product_cat-lentejas","9":"product_tag-legumbres","10":"product_tag-lenteja","11":"product_tag-lenteja-pelada","12":"product_tag-lenteja-roja","13":"product_tag-lenteja-roja-pelada","15":"first","16":"instock","17":"taxable","18":"shipping-taxable","19":"purchasable","20":"product-type-simple"},"_links":{"self":[{"href":"https:\/\/www.latienducagranel.com\/index.php\/wp-json\/wp\/v2\/product\/329","targetHints":{"allow":["GET"]}}],"collection":[{"href":"https:\/\/www.latienducagranel.com\/index.php\/wp-json\/wp\/v2\/product"}],"about":[{"href":"https:\/\/www.latienducagranel.com\/index.php\/wp-json\/wp\/v2\/types\/product"}],"wp:featuredmedia":[{"embeddable":true,"href":"https:\/\/www.latienducagranel.com\/index.php\/wp-json\/wp\/v2\/media\/330"}],"wp:attachment":[{"href":"https:\/\/www.latienducagranel.com\/index.php\/wp-json\/wp\/v2\/media?parent=329"}],"wp:term":[{"taxonomy":"product_brand","embeddable":true,"href":"https:\/\/www.latienducagranel.com\/index.php\/wp-json\/wp\/v2\/product_brand?post=329"},{"taxonomy":"product_cat","embeddable":true,"href":"https:\/\/www.latienducagranel.com\/index.php\/wp-json\/wp\/v2\/product_cat?post=329"},{"taxonomy":"product_tag","embeddable":true,"href":"https:\/\/www.latienducagranel.com\/index.php\/wp-json\/wp\/v2\/product_tag?post=329"}],"curies":[{"name":"wp","href":"https:\/\/api.w.org\/{rel}","templated":true}]}}