{"id":3231,"date":"2026-04-16T10:37:49","date_gmt":"2026-04-16T09:37:49","guid":{"rendered":"https:\/\/www.latienducagranel.com\/?post_type=product&#038;p=3231"},"modified":"2026-04-16T10:37:49","modified_gmt":"2026-04-16T09:37:49","slug":"risotto-de-rebozuelos-con-esparragos-y-aceitunas","status":"publish","type":"product","link":"https:\/\/www.latienducagranel.com\/index.php\/producto\/risotto-de-rebozuelos-con-esparragos-y-aceitunas\/","title":{"rendered":"Risotto de rebozuelos con esp\u00e1rragos y aceitunas"},"content":{"rendered":"<p>Este risotto de rebozuelos con esp\u00e1rragos y aceitunas no te dejar\u00e1 indiferente. Combina el sabor dulce, afrutado y suave del rebozuelos (<em>cantharellus cibarius)<\/em> con los esp\u00e1rragos y la aceituna negra. Combinaci\u00f3n equilibrada y&#8230; \u00a1deliciosa!<\/p>\n<p class=\"nomapartatprod mida20 fontberlinbgold nomargetop\"><span style=\"font-size: 16px;\">Modo de empleo: <\/span><span style=\"font-size: 16px;\">En una paella, dorar una cebolla en aceite. En ese mismo aceite, rehogar el risotto de rebozuelos con esp\u00e1rragos y aceitunas. A\u00f1adir un poco de vino blanco seco (opcional) y dejar reducir. A continuaci\u00f3n, a\u00f1adir el caldo caliente en la proporci\u00f3n 2,5 a 1 y remover de vez en cuando<\/span> (cuanto m\u00e1s lo removamos, m\u00e1s cremoso quedar\u00e1) mantenerlo en ebullici\u00f3n durante 18-20 minutos. Hacia el final de la cocci\u00f3n, poner un poco de mantequilla y\/o parmesano rallado (opcional) y remover bien.<\/p>\n<p class=\"nomapartatprod mida20 fontberlinbgold nomargetop\"><span style=\"font-size: 16px;\">Ingredientes: Arroz, <\/span><i style=\"font-size: 16px;\">Cantharellus cibarius silvestre<\/i><span style=\"font-size: 16px;\">*, esp\u00e1rragos*, aceitunas negras*, ajo* y perejil*.<\/span><\/p>\n<div class=\"tradeghotic contingutparametrefitxa\">\n<p>* Ingredientes deshidratados.<\/p>\n<\/div>\n","protected":false},"excerpt":{"rendered":"<p>Este risotto de rebozuelos con esp\u00e1rragos y aceitunas no te dejar\u00e1 indiferente. Combina el sabor dulce, afrutado y suave del rebozuelos (cantharellus cibarius) con los esp\u00e1rragos y la aceituna negra. Combinaci\u00f3n equilibrada y&#8230; \u00a1deliciosa! Modo de empleo: En una paella, dorar una cebolla en aceite.&nbsp;&#8230; [Leer m\u00e1s]<\/p>\n","protected":false},"featured_media":3232,"template":"","meta":{"sfsi_plus_gutenberg_text_before_share":"","sfsi_plus_gutenberg_show_text_before_share":"","sfsi_plus_gutenberg_icon_type":"","sfsi_plus_gutenberg_icon_alignemt":"","sfsi_plus_gutenburg_max_per_row":""},"product_brand":[],"product_cat":[48,31,65],"product_tag":[92,1502,1500,1501,1503,1499,1497,1498],"class_list":{"0":"post-3231","1":"product","2":"type-product","3":"status-publish","4":"has-post-thumbnail","6":"product_cat-alimentacion","7":"product_cat-arroz","8":"product_cat-risottos","9":"product_tag-risotto","10":"product_tag-risotto-de-aceitunas","11":"product_tag-risotto-de-esparragos","12":"product_tag-risotto-de-esparragos-y-aceitunas","13":"product_tag-risotto-de-olivas","14":"product_tag-risotto-de-rebozuelo-con-esparragos-y-aceitunas","15":"product_tag-risotto-de-rebozuelos","16":"product_tag-risotto-de-rebozuelos-con-esparragos","18":"first","19":"instock","20":"taxable","21":"shipping-taxable","22":"purchasable","23":"product-type-simple"},"_links":{"self":[{"href":"https:\/\/www.latienducagranel.com\/index.php\/wp-json\/wp\/v2\/product\/3231","targetHints":{"allow":["GET"]}}],"collection":[{"href":"https:\/\/www.latienducagranel.com\/index.php\/wp-json\/wp\/v2\/product"}],"about":[{"href":"https:\/\/www.latienducagranel.com\/index.php\/wp-json\/wp\/v2\/types\/product"}],"wp:featuredmedia":[{"embeddable":true,"href":"https:\/\/www.latienducagranel.com\/index.php\/wp-json\/wp\/v2\/media\/3232"}],"wp:attachment":[{"href":"https:\/\/www.latienducagranel.com\/index.php\/wp-json\/wp\/v2\/media?parent=3231"}],"wp:term":[{"taxonomy":"product_brand","embeddable":true,"href":"https:\/\/www.latienducagranel.com\/index.php\/wp-json\/wp\/v2\/product_brand?post=3231"},{"taxonomy":"product_cat","embeddable":true,"href":"https:\/\/www.latienducagranel.com\/index.php\/wp-json\/wp\/v2\/product_cat?post=3231"},{"taxonomy":"product_tag","embeddable":true,"href":"https:\/\/www.latienducagranel.com\/index.php\/wp-json\/wp\/v2\/product_tag?post=3231"}],"curies":[{"name":"wp","href":"https:\/\/api.w.org\/{rel}","templated":true}]}}