{"id":3225,"date":"2026-03-31T16:49:35","date_gmt":"2026-03-31T15:49:35","guid":{"rendered":"https:\/\/www.latienducagranel.com\/?post_type=product&#038;p=3225"},"modified":"2026-03-31T16:49:35","modified_gmt":"2026-03-31T15:49:35","slug":"risotto-de-shiitake-y-boletus","status":"publish","type":"product","link":"https:\/\/www.latienducagranel.com\/index.php\/producto\/risotto-de-shiitake-y-boletus\/","title":{"rendered":"Risotto de shiitake y boletus"},"content":{"rendered":"<p>El risotto de shiitake y boletus combina el aroma y sabor de las setas shitake y el boletus, en contraste con el ligero dulzor de la calabaza y la frescura de la albahaca. Este risotto se prepara en pocos minutos con s\u00f3lo a\u00f1adir poco a poco caldo caliente y remover. Es un \u00a0plato muy sabroso y f\u00e1cil de preparar que sorprende por su aroma y su cremosidad.<\/p>\n<p>Ingredientes: arroz, cebolla roja, boletus deshidratado, seta shiitake, calabaza, ajo y albahaca.<\/p>\n<p>Modo de empleo: Rehogar en un poco de mantequilla. Cocinar a fuego medio mientras se va a\u00f1adiendo caldo poco a poco y removiendo hasta que quede meloso y al dente. Retirar del fuego y a\u00f1adir queso parmesano<\/p>\n","protected":false},"excerpt":{"rendered":"<p>El risotto de shiitake y boletus combina el aroma y sabor de las setas shitake y el boletus, en contraste con el ligero dulzor de la calabaza y la frescura de la albahaca. Este risotto se prepara en pocos minutos con s\u00f3lo a\u00f1adir poco a&nbsp;&#8230; [Leer m\u00e1s]<\/p>\n","protected":false},"featured_media":3226,"template":"","meta":{"sfsi_plus_gutenberg_text_before_share":"","sfsi_plus_gutenberg_show_text_before_share":"","sfsi_plus_gutenberg_icon_type":"","sfsi_plus_gutenberg_icon_alignemt":"","sfsi_plus_gutenburg_max_per_row":""},"product_brand":[],"product_cat":[48,65],"product_tag":[92,1496,1495,1493,1494],"class_list":{"0":"post-3225","1":"product","2":"type-product","3":"status-publish","4":"has-post-thumbnail","6":"product_cat-alimentacion","7":"product_cat-risottos","8":"product_tag-risotto","9":"product_tag-risotto-de-boletus","10":"product_tag-risotto-de-shiitake","11":"product_tag-risotto-de-shiitake-y-boletus","12":"product_tag-risotto-de-shitake-y-boletus","14":"first","15":"instock","16":"taxable","17":"shipping-taxable","18":"purchasable","19":"product-type-simple"},"_links":{"self":[{"href":"https:\/\/www.latienducagranel.com\/index.php\/wp-json\/wp\/v2\/product\/3225","targetHints":{"allow":["GET"]}}],"collection":[{"href":"https:\/\/www.latienducagranel.com\/index.php\/wp-json\/wp\/v2\/product"}],"about":[{"href":"https:\/\/www.latienducagranel.com\/index.php\/wp-json\/wp\/v2\/types\/product"}],"wp:featuredmedia":[{"embeddable":true,"href":"https:\/\/www.latienducagranel.com\/index.php\/wp-json\/wp\/v2\/media\/3226"}],"wp:attachment":[{"href":"https:\/\/www.latienducagranel.com\/index.php\/wp-json\/wp\/v2\/media?parent=3225"}],"wp:term":[{"taxonomy":"product_brand","embeddable":true,"href":"https:\/\/www.latienducagranel.com\/index.php\/wp-json\/wp\/v2\/product_brand?post=3225"},{"taxonomy":"product_cat","embeddable":true,"href":"https:\/\/www.latienducagranel.com\/index.php\/wp-json\/wp\/v2\/product_cat?post=3225"},{"taxonomy":"product_tag","embeddable":true,"href":"https:\/\/www.latienducagranel.com\/index.php\/wp-json\/wp\/v2\/product_tag?post=3225"}],"curies":[{"name":"wp","href":"https:\/\/api.w.org\/{rel}","templated":true}]}}