{"id":3204,"date":"2026-03-16T13:48:08","date_gmt":"2026-03-16T12:48:08","guid":{"rendered":"https:\/\/www.latienducagranel.com\/?post_type=product&#038;p=3204"},"modified":"2026-03-16T13:59:57","modified_gmt":"2026-03-16T12:59:57","slug":"gayuba","status":"publish","type":"product","link":"https:\/\/www.latienducagranel.com\/index.php\/producto\/gayuba\/","title":{"rendered":"Gayuba"},"content":{"rendered":"<p>La\u00a0gayuba\u00a0(<em>Arctostaphylos uva-ursi<\/em>) es un arbusto rastrero que crece en regiones fr\u00edas y monta\u00f1osas. Sus hojas perennes han sido utilizadas desde hace siglos en diversas preparaciones, sobre todo en infusiones y en la cocina tradicional.<\/p>\n<div class=\"Y3BBE\" data-sfc-cp=\"\" data-sfc-cb=\"\" data-hveid=\"CAEIABAC\">Es una planta medicinal reconocida por sus potentes propiedades antis\u00e9pticas urinarias y diur\u00e9ticas, ideal para tratar infecciones como la cistitis, ardor al orinar y retenci\u00f3n de l\u00edquidos. Rica en arbut\u00f3sido, ayuda a combatir bacterias en las v\u00edas urinarias.<\/div>\n<div class=\"Y3BBE\" data-sfc-cp=\"\" data-sfc-cb=\"\" data-hveid=\"CAEIABAC\"><\/div>\n<div id=\"sdh_jPq3aa2hFaSjkdUPvP6vsAU_2\">\n<p><span class=\"T286Pc\" data-sfc-cp=\"\" data-sfc-cb=\"\">Adicionalmente, debido a su alto contenido en taninos, ayuda a aliviar trastornos digestivos como la diarrea y reduce la inflamaci\u00f3n de la mucosa.<\/span><\/p>\n<p><span class=\"T286Pc\" data-sfc-cp=\"\" data-sfc-cb=\"\">Sus propiedades astringentes facilitan la cicatrizaci\u00f3n de heridas y quemaduras leves.<\/span><span class=\"uJ19be notranslate\" data-wiz-uids=\"TaRFxe_66,TaRFxe_67\" data-sfc-cb=\"\"><span class=\"vKEkVd\" data-animation-atomic=\"\" data-wiz-attrbind=\"class=TaRFxe_65\/TKHnVd\"><span aria-hidden=\"true\">\u00a0<\/span><\/span><\/span><\/p>\n<div class=\"Fwa2Od\" data-animation-skip=\"\" data-sfc-cb=\"\" data-ved=\"2ahUKEwixjq7WuKSTAxXUV6QEHTnTJ34Q3s0SegYIAQgCEAU\"><strong>Contraindicada en embarazadas, ni\u00f1os y enfermedades renales, no debe usarse m\u00e1s de una semana seguida.<span class=\"uJ19be notranslate\" data-wiz-uids=\"TaRFxe_b,TaRFxe_c\" data-sfc-cb=\"\"><span class=\"vKEkVd\" data-animation-atomic=\"\" data-wiz-attrbind=\"class=TaRFxe_a\/TKHnVd\"><span aria-hidden=\"true\">\u00a0<\/span><\/span><\/span><\/strong><\/div>\n<\/div>\n<div id=\"sdh_jPq3aa2hFaSjkdUPvP6vsAU_3\">\n<p><span class=\"T286Pc\" data-sfc-cp=\"\" data-sfc-cb=\"\">Puede interferir con medicamentos a base de litio.<\/span><\/p>\n<\/div>\n<p>Las hojas de\u00a0gayuba\u00a0tienen un sabor ligeramente amargo y terroso, por lo que se usan principalmente para\u00a0infusiones y decocciones. En algunas culturas, se han empleado para\u00a0dar sabor a licores y cervezas artesanales, aportando un toque herbal. Tambi\u00e9n se pueden utilizar en la\u00a0elaboraci\u00f3n de tinturas naturales\u00a0para te\u00f1ir telas y cueros.<\/p>\n<p>Una receta interesante es una\u00a0infusi\u00f3n de gayuba y especias, perfecta para climas fr\u00edos:<\/p>\n<ol>\n<li>Hervir\u00a0500 ml de agua\u00a0y a\u00f1adir\u00a0una cucharada de hojas de gayuba secas.<\/li>\n<li>Agregar\u00a0una ramita de canela y una c\u00e1scara de naranja.<\/li>\n<li>Dejar reposar\u00a010 minutos, colar y servir caliente.<\/li>\n<\/ol>\n<p>Curiosamente, en algunas regiones del norte de Europa, las hojas de gayuba se han usado como sustituto del tabaco en mezclas para fumar.<\/p>\n","protected":false},"excerpt":{"rendered":"<p>La\u00a0gayuba\u00a0(Arctostaphylos uva-ursi) es un arbusto rastrero que crece en regiones fr\u00edas y monta\u00f1osas. Sus hojas perennes han sido utilizadas desde hace siglos en diversas preparaciones, sobre todo en infusiones y en la cocina tradicional. Es una planta medicinal reconocida por sus potentes propiedades antis\u00e9pticas urinarias&nbsp;&#8230; [Leer m\u00e1s]<\/p>\n","protected":false},"featured_media":3205,"template":"","meta":{"sfsi_plus_gutenberg_text_before_share":"","sfsi_plus_gutenberg_show_text_before_share":"","sfsi_plus_gutenberg_icon_type":"","sfsi_plus_gutenberg_icon_alignemt":"","sfsi_plus_gutenburg_max_per_row":""},"product_brand":[],"product_cat":[48,20],"product_tag":[1485,1486],"class_list":{"0":"post-3204","1":"product","2":"type-product","3":"status-publish","4":"has-post-thumbnail","6":"product_cat-alimentacion","7":"product_cat-hierbas-especias-y-condimentos","8":"product_tag-gayuba","9":"product_tag-gayuba-hojas","11":"first","12":"instock","13":"taxable","14":"shipping-taxable","15":"purchasable","16":"product-type-simple"},"_links":{"self":[{"href":"https:\/\/www.latienducagranel.com\/index.php\/wp-json\/wp\/v2\/product\/3204","targetHints":{"allow":["GET"]}}],"collection":[{"href":"https:\/\/www.latienducagranel.com\/index.php\/wp-json\/wp\/v2\/product"}],"about":[{"href":"https:\/\/www.latienducagranel.com\/index.php\/wp-json\/wp\/v2\/types\/product"}],"wp:featuredmedia":[{"embeddable":true,"href":"https:\/\/www.latienducagranel.com\/index.php\/wp-json\/wp\/v2\/media\/3205"}],"wp:attachment":[{"href":"https:\/\/www.latienducagranel.com\/index.php\/wp-json\/wp\/v2\/media?parent=3204"}],"wp:term":[{"taxonomy":"product_brand","embeddable":true,"href":"https:\/\/www.latienducagranel.com\/index.php\/wp-json\/wp\/v2\/product_brand?post=3204"},{"taxonomy":"product_cat","embeddable":true,"href":"https:\/\/www.latienducagranel.com\/index.php\/wp-json\/wp\/v2\/product_cat?post=3204"},{"taxonomy":"product_tag","embeddable":true,"href":"https:\/\/www.latienducagranel.com\/index.php\/wp-json\/wp\/v2\/product_tag?post=3204"}],"curies":[{"name":"wp","href":"https:\/\/api.w.org\/{rel}","templated":true}]}}