{"id":3198,"date":"2026-02-25T19:33:37","date_gmt":"2026-02-25T18:33:37","guid":{"rendered":"https:\/\/www.latienducagranel.com\/?post_type=product&#038;p=3198"},"modified":"2026-02-25T19:33:37","modified_gmt":"2026-02-25T18:33:37","slug":"habanero-molido","status":"publish","type":"product","link":"https:\/\/www.latienducagranel.com\/index.php\/producto\/habanero-molido\/","title":{"rendered":"Habanero molido"},"content":{"rendered":"<p data-path-to-node=\"0\">El habanero molido es el chile <i>Capsicum chinense<\/i>\u00a0deshidratado y pulverizado, una de las variedades de chile m\u00e1s picantes y reconocidas a nivel mundial.<\/p>\n<p data-path-to-node=\"1,0,0\">Es extremadamente picante, con un rango que oscila entre 100,000 y 350,000 Unidades Scoville (SHU), significativamente m\u00e1s alto que el jalape\u00f1o.<\/p>\n<p data-path-to-node=\"1,1,0\">Adem\u00e1s del intenso calor, ofrece un sabor afrutado, con notas florales y c\u00edtricas que lo hacen \u00fanico. Este perfil afrutado se vuelve muy concentrado al molerlo.<\/p>\n<p data-path-to-node=\"1,2,0\">Se utiliza para dar calor extremo a salsas, adobos, <i>rubs<\/i>\u00a0para carnes y platillos de la cocina caribe\u00f1a y mexicana.<\/p>\n<p data-path-to-node=\"1,3,0\">ADVERTENIA: Se debe manejar con extrema precauci\u00f3n y usar en cantidades muy peque\u00f1as debido a su alta concentraci\u00f3n de capsaicina.<\/p>\n","protected":false},"excerpt":{"rendered":"<p>El habanero molido es el chile Capsicum chinense\u00a0deshidratado y pulverizado, una de las variedades de chile m\u00e1s picantes y reconocidas a nivel mundial. Es extremadamente picante, con un rango que oscila entre 100,000 y 350,000 Unidades Scoville (SHU), significativamente m\u00e1s alto que el jalape\u00f1o. Adem\u00e1s&nbsp;&#8230; [Leer m\u00e1s]<\/p>\n","protected":false},"featured_media":3199,"template":"","meta":{"sfsi_plus_gutenberg_text_before_share":"","sfsi_plus_gutenberg_show_text_before_share":"","sfsi_plus_gutenberg_icon_type":"","sfsi_plus_gutenberg_icon_alignemt":"","sfsi_plus_gutenburg_max_per_row":""},"product_brand":[],"product_cat":[48,20],"product_tag":[1360,1484,1482,1483],"class_list":{"0":"post-3198","1":"product","2":"type-product","3":"status-publish","4":"has-post-thumbnail","6":"product_cat-alimentacion","7":"product_cat-hierbas-especias-y-condimentos","8":"product_tag-chile","9":"product_tag-chile-habanero","10":"product_tag-habanero","11":"product_tag-habanero-molido","13":"first","14":"instock","15":"taxable","16":"shipping-taxable","17":"purchasable","18":"product-type-simple"},"_links":{"self":[{"href":"https:\/\/www.latienducagranel.com\/index.php\/wp-json\/wp\/v2\/product\/3198","targetHints":{"allow":["GET"]}}],"collection":[{"href":"https:\/\/www.latienducagranel.com\/index.php\/wp-json\/wp\/v2\/product"}],"about":[{"href":"https:\/\/www.latienducagranel.com\/index.php\/wp-json\/wp\/v2\/types\/product"}],"wp:featuredmedia":[{"embeddable":true,"href":"https:\/\/www.latienducagranel.com\/index.php\/wp-json\/wp\/v2\/media\/3199"}],"wp:attachment":[{"href":"https:\/\/www.latienducagranel.com\/index.php\/wp-json\/wp\/v2\/media?parent=3198"}],"wp:term":[{"taxonomy":"product_brand","embeddable":true,"href":"https:\/\/www.latienducagranel.com\/index.php\/wp-json\/wp\/v2\/product_brand?post=3198"},{"taxonomy":"product_cat","embeddable":true,"href":"https:\/\/www.latienducagranel.com\/index.php\/wp-json\/wp\/v2\/product_cat?post=3198"},{"taxonomy":"product_tag","embeddable":true,"href":"https:\/\/www.latienducagranel.com\/index.php\/wp-json\/wp\/v2\/product_tag?post=3198"}],"curies":[{"name":"wp","href":"https:\/\/api.w.org\/{rel}","templated":true}]}}