{"id":3193,"date":"2026-02-25T18:05:38","date_gmt":"2026-02-25T17:05:38","guid":{"rendered":"https:\/\/www.latienducagranel.com\/?post_type=product&#038;p=3193"},"modified":"2026-02-25T18:08:09","modified_gmt":"2026-02-25T17:08:09","slug":"pinon-importacion","status":"publish","type":"product","link":"https:\/\/www.latienducagranel.com\/index.php\/producto\/pinon-importacion\/","title":{"rendered":"Pi\u00f1\u00f3n importaci\u00f3n"},"content":{"rendered":"<p>Pi\u00f1\u00f3n de importaci\u00f3n<\/p>\n","protected":false},"excerpt":{"rendered":"<p>Pi\u00f1\u00f3n de importaci\u00f3n<\/p>\n","protected":false},"featured_media":380,"template":"","meta":{"sfsi_plus_gutenberg_text_before_share":"","sfsi_plus_gutenberg_show_text_before_share":"","sfsi_plus_gutenberg_icon_type":"","sfsi_plus_gutenberg_icon_alignemt":"","sfsi_plus_gutenburg_max_per_row":""},"product_brand":[],"product_cat":[48,34,68],"product_tag":[324,326,1473,325,327,1474],"class_list":{"0":"post-3193","1":"product","2":"type-product","3":"status-publish","4":"has-post-thumbnail","6":"product_cat-alimentacion","7":"product_cat-frutos-secos","8":"product_cat-frutos-secos-sin-cascara","9":"product_tag-pinon","10":"product_tag-pinon-chino","11":"product_tag-pinon-importacion","12":"product_tag-pinones","13":"product_tag-pinones-chinos","14":"product_tag-pinones-importacion","16":"first","17":"instock","18":"taxable","19":"shipping-taxable","20":"purchasable","21":"product-type-simple"},"_links":{"self":[{"href":"https:\/\/www.latienducagranel.com\/index.php\/wp-json\/wp\/v2\/product\/3193","targetHints":{"allow":["GET"]}}],"collection":[{"href":"https:\/\/www.latienducagranel.com\/index.php\/wp-json\/wp\/v2\/product"}],"about":[{"href":"https:\/\/www.latienducagranel.com\/index.php\/wp-json\/wp\/v2\/types\/product"}],"wp:featuredmedia":[{"embeddable":true,"href":"https:\/\/www.latienducagranel.com\/index.php\/wp-json\/wp\/v2\/media\/380"}],"wp:attachment":[{"href":"https:\/\/www.latienducagranel.com\/index.php\/wp-json\/wp\/v2\/media?parent=3193"}],"wp:term":[{"taxonomy":"product_brand","embeddable":true,"href":"https:\/\/www.latienducagranel.com\/index.php\/wp-json\/wp\/v2\/product_brand?post=3193"},{"taxonomy":"product_cat","embeddable":true,"href":"https:\/\/www.latienducagranel.com\/index.php\/wp-json\/wp\/v2\/product_cat?post=3193"},{"taxonomy":"product_tag","embeddable":true,"href":"https:\/\/www.latienducagranel.com\/index.php\/wp-json\/wp\/v2\/product_tag?post=3193"}],"curies":[{"name":"wp","href":"https:\/\/api.w.org\/{rel}","templated":true}]}}